{"id":7529,"date":"2017-02-19T20:44:39","date_gmt":"2017-02-19T19:44:39","guid":{"rendered":"http:\/\/www.exploring-beyond.com\/?page_id=7529"},"modified":"2019-04-30T22:59:16","modified_gmt":"2019-04-30T20:59:16","slug":"medias","status":"publish","type":"page","link":"https:\/\/exploring-beyond.com\/?page_id=7529","title":{"rendered":"M\u00e9dias"},"content":{"rendered":"<div class=\"herald-txt-module\">\n<p>Que ce soit durant mon tour du monde en stop (2003-2008) ou par la suite, via la promotion de mon livre ou encore via le d\u00e9veloppement de TRAVEL WITH A MISSION (TWAM), j&rsquo;ai eu la chance d&rsquo;avoir une importante couverture m\u00e9diatique aidant \u00e0 la diffusion des messages et actions qui me tiennent \u00e0 c\u0153ur.<\/p>\n<p>Retrouvez ci-dessous quelques liens d&rsquo;articles ou \u00e9missions TV ou radio. Pour en avoir davantage, cliquez <a href=\"http:\/\/www.exploring-beyond.com\/medias\/presse\/\">ici<\/a> pour les articles de presse, <a href=\"http:\/\/www.exploring-beyond.com\/medias\/apparitions-tv\/\">ici<\/a> pour les \u00e9missions TV, <a href=\"http:\/\/www.exploring-beyond.com\/medias\/radios\/\">ici<\/a> pour les \u00e9missions radio ou <a href=\"http:\/\/www.exploring-beyond.com\/articles-sur-internet\/\">ici<\/a> pour les liens internet. Les onglets sont \u00e9galement cliquables.<\/p>\n<p>La revue de presse li\u00e9e \u00e0 TWAM est \u00e0 retrouver <a href=\"https:\/\/www.travelwithamission.org\/website\/main\/medias\/medias_parlent_de_nous\">ici<\/a>.<\/p>\n<\/div>\n","protected":false},"excerpt":{"rendered":"<p>Que ce soit durant mon tour du monde en stop (2003-2008) ou par la suite, via la promotion de mon livre ou encore via le d\u00e9veloppement de TRAVEL WITH A MISSION (TWAM), j&rsquo;ai eu la chance d&rsquo;avoir une importante couverture m\u00e9diatique aidant \u00e0 la diffusion des messages et actions qui me tiennent \u00e0 c\u0153ur. Retrouvez [&hellip;]<\/p>\n","protected":false},"author":1,"featured_media":0,"parent":0,"menu_order":0,"comment_status":"open","ping_status":"closed","template":"template-modules.php","meta":{"footnotes":""},"class_list":["post-7529","page","type-page","status-publish","hentry"],"_links":{"self":[{"href":"https:\/\/exploring-beyond.com\/index.php?rest_route=\/wp\/v2\/pages\/7529","targetHints":{"allow":["GET"]}}],"collection":[{"href":"https:\/\/exploring-beyond.com\/index.php?rest_route=\/wp\/v2\/pages"}],"about":[{"href":"https:\/\/exploring-beyond.com\/index.php?rest_route=\/wp\/v2\/types\/page"}],"author":[{"embeddable":true,"href":"https:\/\/exploring-beyond.com\/index.php?rest_route=\/wp\/v2\/users\/1"}],"replies":[{"embeddable":true,"href":"https:\/\/exploring-beyond.com\/index.php?rest_route=%2Fwp%2Fv2%2Fcomments&post=7529"}],"version-history":[{"count":4,"href":"https:\/\/exploring-beyond.com\/index.php?rest_route=\/wp\/v2\/pages\/7529\/revisions"}],"predecessor-version":[{"id":14319,"href":"https:\/\/exploring-beyond.com\/index.php?rest_route=\/wp\/v2\/pages\/7529\/revisions\/14319"}],"wp:attachment":[{"href":"https:\/\/exploring-beyond.com\/index.php?rest_route=%2Fwp%2Fv2%2Fmedia&parent=7529"}],"curies":[{"name":"wp","href":"https:\/\/api.w.org\/{rel}","templated":true}]}}