{"id":7523,"date":"2017-02-19T20:40:53","date_gmt":"2017-02-19T19:40:53","guid":{"rendered":"http:\/\/www.exploring-beyond.com\/?page_id=7523"},"modified":"2019-05-01T12:27:51","modified_gmt":"2019-05-01T10:27:51","slug":"twaming","status":"publish","type":"page","link":"https:\/\/exploring-beyond.com\/?page_id=7523","title":{"rendered":"Twaming"},"content":{"rendered":"<figure id=\"attachment_8746\" aria-describedby=\"caption-attachment-8746\" style=\"width: 300px\" class=\"wp-caption alignleft\"><a href=\"http:\/\/www.exploring-beyond.com\/wp-content\/uploads\/2017\/02\/pouceenlair.jpg\"><img loading=\"lazy\" decoding=\"async\" class=\"size-medium wp-image-8746\" src=\"http:\/\/www.exploring-beyond.com\/wp-content\/uploads\/2017\/02\/pouceenlair-300x225.jpg\" alt=\"\" width=\"300\" height=\"225\" srcset=\"https:\/\/exploring-beyond.com\/wp-content\/uploads\/2017\/02\/pouceenlair-300x225.jpg 300w, https:\/\/exploring-beyond.com\/wp-content\/uploads\/2017\/02\/pouceenlair-600x450.jpg 600w, https:\/\/exploring-beyond.com\/wp-content\/uploads\/2017\/02\/pouceenlair-74x55.jpg 74w, https:\/\/exploring-beyond.com\/wp-content\/uploads\/2017\/02\/pouceenlair-111x83.jpg 111w, https:\/\/exploring-beyond.com\/wp-content\/uploads\/2017\/02\/pouceenlair-215x161.jpg 215w, https:\/\/exploring-beyond.com\/wp-content\/uploads\/2017\/02\/pouceenlair.jpg 640w\" sizes=\"auto, (max-width: 300px) 100vw, 300px\" \/><\/a><figcaption id=\"caption-attachment-8746\" class=\"wp-caption-text\">Apr\u00e8s une conf\u00e9rence, Aceh, Indon\u00e9sie<\/figcaption><\/figure>\n<p style=\"text-align: justify;\">Le Twaming est un type de voyage engag\u00e9 en plein essor que cherche \u00e0 promouvoir l&rsquo;organisation Travel With A Mission (TWAM) que j&rsquo;ai fond\u00e9e avec une \u00e9quipe de b\u00e9n\u00e9voles en 2012.<\/p>\n<p style=\"text-align: justify;\">L&rsquo;id\u00e9e du Twaming est de pouvoir se rendre utile tout en voyageant.<\/p>\n<p style=\"text-align: justify;\">La base du Twaming est la plateforme web mise en place en 2013 mettant en relation directe et gratuite ceux souhaitant partager connaissances, comp\u00e9tences ou exp\u00e9riences (appel\u00e9s Twamers) et ceux souhaitant les recevoir (appel\u00e9s Twamhosts). A ce jour, la plateforme TWAM compte pr\u00e8s de 5000 utilisateurs (Twamers et Twamhosts confondus) et elle a permis plusieurs milliers \u00ab\u00a0d&rsquo;exp\u00e9riences TWAM\u00a0\u00bb (interventions de Twamers chez des Twamhosts). Notre objectif \u00e0 terme est cependant d&rsquo;en permettre des centaines de milliers.<\/p>\n<p style=\"text-align: justify;\">A titre d&rsquo;exemple, la plateforme TWAM aide un individu souhaitant sensibiliser aux \u00e9nergies alternatives ou enseigner les premiers secours dans les \u00e9coles du monde entier \u00e0 rentrer en contact avec des professeurs pr\u00eats \u00e0 le recevoir. Il en va de m\u00eame pour un guitariste qui souhaiterait jouer dans les h\u00f4pitaux du monde pour donner le sourire aux enfants malades.<\/p>\n<p style=\"text-align: justify;\">Comme tout d\u00e9veloppement de nouveaux concepts, le d\u00e9veloppement du concept du Twaming prend du temps. Notre objectif \u00e0 terme est v\u00e9ritablement de favoriser les \u00e9changes entre individus \u00e0 travers le monde ainsi que l&rsquo;acc\u00e8s \u00e0 l&rsquo;\u00e9ducation.<\/p>\n<p style=\"text-align: justify;\">Ci-dessous, quelques photos illustrant le Twaming. Via le menu ci-dessus qui vous am\u00e8nera sur le blog TWAM (blog.travelwithamission.org), vous retrouverez de nombreux articles li\u00e9s \u00e0 cette nouvelle fa\u00e7on de voyager. Plus de d\u00e9tails \u00e9galement sur le site de Travel With A Mission : www.travelwithamission.org.<\/p>\n<div id='gallery-1' class='gallery galleryid-7523 gallery-columns-4 gallery-size-herald-lay-f1-full'><figure class='gallery-item'>\n\t\t\t<div class='gallery-icon landscape'>\n\t\t\t\t<a class=\"herald-popup\" href='https:\/\/exploring-beyond.com\/wp-content\/uploads\/2017\/02\/adrien-julien.jpg'><img loading=\"lazy\" decoding=\"async\" width=\"309\" height=\"232\" src=\"https:\/\/exploring-beyond.com\/wp-content\/uploads\/2017\/02\/adrien-julien.jpg\" class=\"attachment-herald-lay-f1-full size-herald-lay-f1-full\" alt=\"\" aria-describedby=\"gallery-1-11831\" srcset=\"https:\/\/exploring-beyond.com\/wp-content\/uploads\/2017\/02\/adrien-julien.jpg 1024w, https:\/\/exploring-beyond.com\/wp-content\/uploads\/2017\/02\/adrien-julien-600x450.jpg 600w, https:\/\/exploring-beyond.com\/wp-content\/uploads\/2017\/02\/adrien-julien-300x225.jpg 300w, https:\/\/exploring-beyond.com\/wp-content\/uploads\/2017\/02\/adrien-julien-768x576.jpg 768w, https:\/\/exploring-beyond.com\/wp-content\/uploads\/2017\/02\/adrien-julien-74x55.jpg 74w, https:\/\/exploring-beyond.com\/wp-content\/uploads\/2017\/02\/adrien-julien-111x83.jpg 111w, https:\/\/exploring-beyond.com\/wp-content\/uploads\/2017\/02\/adrien-julien-215x161.jpg 215w, https:\/\/exploring-beyond.com\/wp-content\/uploads\/2017\/02\/adrien-julien-990x743.jpg 990w\" sizes=\"auto, (max-width: 309px) 100vw, 309px\" \/><\/a>\n\t\t\t<\/div>\n\t\t\t\t<figcaption class='wp-caption-text gallery-caption' id='gallery-1-11831'>\n\t\t\t\tJulien Garnier\n\t\t\t\t<\/figcaption><\/figure><figure class='gallery-item'>\n\t\t\t<div class='gallery-icon landscape'>\n\t\t\t\t<a class=\"herald-popup\" href='https:\/\/exploring-beyond.com\/wp-content\/uploads\/2017\/02\/DSC09736-1.jpg'><img loading=\"lazy\" decoding=\"async\" width=\"309\" height=\"232\" src=\"https:\/\/exploring-beyond.com\/wp-content\/uploads\/2017\/02\/DSC09736-1.jpg\" class=\"attachment-herald-lay-f1-full size-herald-lay-f1-full\" alt=\"\" aria-describedby=\"gallery-1-11832\" srcset=\"https:\/\/exploring-beyond.com\/wp-content\/uploads\/2017\/02\/DSC09736-1.jpg 1280w, https:\/\/exploring-beyond.com\/wp-content\/uploads\/2017\/02\/DSC09736-1-600x450.jpg 600w, https:\/\/exploring-beyond.com\/wp-content\/uploads\/2017\/02\/DSC09736-1-300x225.jpg 300w, https:\/\/exploring-beyond.com\/wp-content\/uploads\/2017\/02\/DSC09736-1-768x576.jpg 768w, https:\/\/exploring-beyond.com\/wp-content\/uploads\/2017\/02\/DSC09736-1-1024x768.jpg 1024w, https:\/\/exploring-beyond.com\/wp-content\/uploads\/2017\/02\/DSC09736-1-74x55.jpg 74w, https:\/\/exploring-beyond.com\/wp-content\/uploads\/2017\/02\/DSC09736-1-111x83.jpg 111w, https:\/\/exploring-beyond.com\/wp-content\/uploads\/2017\/02\/DSC09736-1-215x161.jpg 215w, https:\/\/exploring-beyond.com\/wp-content\/uploads\/2017\/02\/DSC09736-1-990x743.jpg 990w\" sizes=\"auto, (max-width: 309px) 100vw, 309px\" \/><\/a>\n\t\t\t<\/div>\n\t\t\t\t<figcaption class='wp-caption-text gallery-caption' id='gallery-1-11832'>\n\t\t\t\tIntervention en Indon\u00e9sie, Ludovic Hubler\n\t\t\t\t<\/figcaption><\/figure><figure class='gallery-item'>\n\t\t\t<div class='gallery-icon landscape'>\n\t\t\t\t<a class=\"herald-popup\" href='https:\/\/exploring-beyond.com\/wp-content\/uploads\/2017\/02\/ecuador.jpg'><img loading=\"lazy\" decoding=\"async\" width=\"348\" height=\"232\" src=\"https:\/\/exploring-beyond.com\/wp-content\/uploads\/2017\/02\/ecuador.jpg\" class=\"attachment-herald-lay-f1-full size-herald-lay-f1-full\" alt=\"\" aria-describedby=\"gallery-1-11833\" srcset=\"https:\/\/exploring-beyond.com\/wp-content\/uploads\/2017\/02\/ecuador.jpg 720w, https:\/\/exploring-beyond.com\/wp-content\/uploads\/2017\/02\/ecuador-600x400.jpg 600w, https:\/\/exploring-beyond.com\/wp-content\/uploads\/2017\/02\/ecuador-300x200.jpg 300w, https:\/\/exploring-beyond.com\/wp-content\/uploads\/2017\/02\/ecuador-414x276.jpg 414w, https:\/\/exploring-beyond.com\/wp-content\/uploads\/2017\/02\/ecuador-470x313.jpg 470w, https:\/\/exploring-beyond.com\/wp-content\/uploads\/2017\/02\/ecuador-130x86.jpg 130w, https:\/\/exploring-beyond.com\/wp-content\/uploads\/2017\/02\/ecuador-187x124.jpg 187w\" sizes=\"auto, (max-width: 348px) 100vw, 348px\" \/><\/a>\n\t\t\t<\/div>\n\t\t\t\t<figcaption class='wp-caption-text gallery-caption' id='gallery-1-11833'>\n\t\t\t\tArt in all of us\n\t\t\t\t<\/figcaption><\/figure><figure class='gallery-item'>\n\t\t\t<div class='gallery-icon landscape'>\n\t\t\t\t<a class=\"herald-popup\" href='https:\/\/exploring-beyond.com\/wp-content\/uploads\/2017\/02\/Inde-Atelier-de-danse.jpg'><img loading=\"lazy\" decoding=\"async\" width=\"326\" height=\"232\" src=\"https:\/\/exploring-beyond.com\/wp-content\/uploads\/2017\/02\/Inde-Atelier-de-danse.jpg\" class=\"attachment-herald-lay-f1-full size-herald-lay-f1-full\" alt=\"\" aria-describedby=\"gallery-1-11834\" srcset=\"https:\/\/exploring-beyond.com\/wp-content\/uploads\/2017\/02\/Inde-Atelier-de-danse.jpg 1600w, https:\/\/exploring-beyond.com\/wp-content\/uploads\/2017\/02\/Inde-Atelier-de-danse-600x428.jpg 600w, https:\/\/exploring-beyond.com\/wp-content\/uploads\/2017\/02\/Inde-Atelier-de-danse-300x214.jpg 300w, https:\/\/exploring-beyond.com\/wp-content\/uploads\/2017\/02\/Inde-Atelier-de-danse-768x547.jpg 768w, https:\/\/exploring-beyond.com\/wp-content\/uploads\/2017\/02\/Inde-Atelier-de-danse-1024x730.jpg 1024w, https:\/\/exploring-beyond.com\/wp-content\/uploads\/2017\/02\/Inde-Atelier-de-danse-990x705.jpg 990w, https:\/\/exploring-beyond.com\/wp-content\/uploads\/2017\/02\/Inde-Atelier-de-danse-1320x941.jpg 1320w\" sizes=\"auto, (max-width: 326px) 100vw, 326px\" \/><\/a>\n\t\t\t<\/div>\n\t\t\t\t<figcaption class='wp-caption-text gallery-caption' id='gallery-1-11834'>\n\t\t\t\tCrystal et Beno\u00eft\n\t\t\t\t<\/figcaption><\/figure><figure class='gallery-item'>\n\t\t\t<div class='gallery-icon landscape'>\n\t\t\t\t<a class=\"herald-popup\" href='https:\/\/exploring-beyond.com\/wp-content\/uploads\/2017\/02\/Orphelinat-Hisani-Mwanza-TANZANIE-scaled.jpg'><img loading=\"lazy\" decoding=\"async\" width=\"309\" height=\"232\" src=\"https:\/\/exploring-beyond.com\/wp-content\/uploads\/2017\/02\/Orphelinat-Hisani-Mwanza-TANZANIE-scaled.jpg\" class=\"attachment-herald-lay-f1-full size-herald-lay-f1-full\" alt=\"\" aria-describedby=\"gallery-1-11835\" srcset=\"https:\/\/exploring-beyond.com\/wp-content\/uploads\/2017\/02\/Orphelinat-Hisani-Mwanza-TANZANIE-scaled.jpg 2560w, https:\/\/exploring-beyond.com\/wp-content\/uploads\/2017\/02\/Orphelinat-Hisani-Mwanza-TANZANIE-600x450.jpg 600w, https:\/\/exploring-beyond.com\/wp-content\/uploads\/2017\/02\/Orphelinat-Hisani-Mwanza-TANZANIE-300x225.jpg 300w, https:\/\/exploring-beyond.com\/wp-content\/uploads\/2017\/02\/Orphelinat-Hisani-Mwanza-TANZANIE-768x576.jpg 768w, https:\/\/exploring-beyond.com\/wp-content\/uploads\/2017\/02\/Orphelinat-Hisani-Mwanza-TANZANIE-1024x768.jpg 1024w, https:\/\/exploring-beyond.com\/wp-content\/uploads\/2017\/02\/Orphelinat-Hisani-Mwanza-TANZANIE-74x55.jpg 74w, https:\/\/exploring-beyond.com\/wp-content\/uploads\/2017\/02\/Orphelinat-Hisani-Mwanza-TANZANIE-111x83.jpg 111w, https:\/\/exploring-beyond.com\/wp-content\/uploads\/2017\/02\/Orphelinat-Hisani-Mwanza-TANZANIE-215x161.jpg 215w, https:\/\/exploring-beyond.com\/wp-content\/uploads\/2017\/02\/Orphelinat-Hisani-Mwanza-TANZANIE-990x743.jpg 990w, https:\/\/exploring-beyond.com\/wp-content\/uploads\/2017\/02\/Orphelinat-Hisani-Mwanza-TANZANIE-1320x990.jpg 1320w\" sizes=\"auto, (max-width: 309px) 100vw, 309px\" \/><\/a>\n\t\t\t<\/div>\n\t\t\t\t<figcaption class='wp-caption-text gallery-caption' id='gallery-1-11835'>\n\t\t\t\tJ\u00e9r\u00e9my Marie\n\t\t\t\t<\/figcaption><\/figure><figure class='gallery-item'>\n\t\t\t<div class='gallery-icon landscape'>\n\t\t\t\t<a class=\"herald-popup\" href='https:\/\/exploring-beyond.com\/wp-content\/uploads\/2017\/02\/TWAM9.jpg'><img loading=\"lazy\" decoding=\"async\" width=\"348\" height=\"232\" src=\"https:\/\/exploring-beyond.com\/wp-content\/uploads\/2017\/02\/TWAM9.jpg\" class=\"attachment-herald-lay-f1-full size-herald-lay-f1-full\" alt=\"\" aria-describedby=\"gallery-1-11836\" srcset=\"https:\/\/exploring-beyond.com\/wp-content\/uploads\/2017\/02\/TWAM9.jpg 1000w, https:\/\/exploring-beyond.com\/wp-content\/uploads\/2017\/02\/TWAM9-600x400.jpg 600w, https:\/\/exploring-beyond.com\/wp-content\/uploads\/2017\/02\/TWAM9-300x200.jpg 300w, https:\/\/exploring-beyond.com\/wp-content\/uploads\/2017\/02\/TWAM9-768x512.jpg 768w, https:\/\/exploring-beyond.com\/wp-content\/uploads\/2017\/02\/TWAM9-414x276.jpg 414w, https:\/\/exploring-beyond.com\/wp-content\/uploads\/2017\/02\/TWAM9-470x313.jpg 470w, https:\/\/exploring-beyond.com\/wp-content\/uploads\/2017\/02\/TWAM9-640x426.jpg 640w, https:\/\/exploring-beyond.com\/wp-content\/uploads\/2017\/02\/TWAM9-130x86.jpg 130w, https:\/\/exploring-beyond.com\/wp-content\/uploads\/2017\/02\/TWAM9-187x124.jpg 187w, https:\/\/exploring-beyond.com\/wp-content\/uploads\/2017\/02\/TWAM9-990x660.jpg 990w\" sizes=\"auto, (max-width: 348px) 100vw, 348px\" \/><\/a>\n\t\t\t<\/div>\n\t\t\t\t<figcaption class='wp-caption-text gallery-caption' id='gallery-1-11836'>\n\t\t\t\tRick Gunn\n\t\t\t\t<\/figcaption><\/figure><figure class='gallery-item'>\n\t\t\t<div class='gallery-icon landscape'>\n\t\t\t\t<a class=\"herald-popup\" href='https:\/\/exploring-beyond.com\/wp-content\/uploads\/2017\/02\/weneedtrees.jpg'><img loading=\"lazy\" decoding=\"async\" width=\"350\" height=\"232\" src=\"https:\/\/exploring-beyond.com\/wp-content\/uploads\/2017\/02\/weneedtrees.jpg\" class=\"attachment-herald-lay-f1-full size-herald-lay-f1-full\" alt=\"\" aria-describedby=\"gallery-1-11837\" srcset=\"https:\/\/exploring-beyond.com\/wp-content\/uploads\/2017\/02\/weneedtrees.jpg 1000w, https:\/\/exploring-beyond.com\/wp-content\/uploads\/2017\/02\/weneedtrees-600x397.jpg 600w, https:\/\/exploring-beyond.com\/wp-content\/uploads\/2017\/02\/weneedtrees-300x200.jpg 300w, https:\/\/exploring-beyond.com\/wp-content\/uploads\/2017\/02\/weneedtrees-768x508.jpg 768w, https:\/\/exploring-beyond.com\/wp-content\/uploads\/2017\/02\/weneedtrees-414x276.jpg 414w, https:\/\/exploring-beyond.com\/wp-content\/uploads\/2017\/02\/weneedtrees-470x313.jpg 470w, https:\/\/exploring-beyond.com\/wp-content\/uploads\/2017\/02\/weneedtrees-640x426.jpg 640w, https:\/\/exploring-beyond.com\/wp-content\/uploads\/2017\/02\/weneedtrees-130x86.jpg 130w, https:\/\/exploring-beyond.com\/wp-content\/uploads\/2017\/02\/weneedtrees-187x124.jpg 187w, https:\/\/exploring-beyond.com\/wp-content\/uploads\/2017\/02\/weneedtrees-990x655.jpg 990w\" sizes=\"auto, (max-width: 350px) 100vw, 350px\" \/><\/a>\n\t\t\t<\/div>\n\t\t\t\t<figcaption class='wp-caption-text gallery-caption' id='gallery-1-11837'>\n\t\t\t\tMohammad Tajeran\n\t\t\t\t<\/figcaption><\/figure><figure class='gallery-item'>\n\t\t\t<div class='gallery-icon landscape'>\n\t\t\t\t<a class=\"herald-popup\" href='https:\/\/exploring-beyond.com\/wp-content\/uploads\/2017\/02\/anass4.jpg'><img loading=\"lazy\" decoding=\"async\" width=\"348\" height=\"232\" src=\"https:\/\/exploring-beyond.com\/wp-content\/uploads\/2017\/02\/anass4.jpg\" class=\"attachment-herald-lay-f1-full size-herald-lay-f1-full\" alt=\"\" aria-describedby=\"gallery-1-11838\" srcset=\"https:\/\/exploring-beyond.com\/wp-content\/uploads\/2017\/02\/anass4.jpg 2048w, https:\/\/exploring-beyond.com\/wp-content\/uploads\/2017\/02\/anass4-600x400.jpg 600w, https:\/\/exploring-beyond.com\/wp-content\/uploads\/2017\/02\/anass4-300x200.jpg 300w, https:\/\/exploring-beyond.com\/wp-content\/uploads\/2017\/02\/anass4-768x512.jpg 768w, https:\/\/exploring-beyond.com\/wp-content\/uploads\/2017\/02\/anass4-1024x683.jpg 1024w, https:\/\/exploring-beyond.com\/wp-content\/uploads\/2017\/02\/anass4-414x276.jpg 414w, https:\/\/exploring-beyond.com\/wp-content\/uploads\/2017\/02\/anass4-470x313.jpg 470w, https:\/\/exploring-beyond.com\/wp-content\/uploads\/2017\/02\/anass4-640x426.jpg 640w, https:\/\/exploring-beyond.com\/wp-content\/uploads\/2017\/02\/anass4-130x86.jpg 130w, https:\/\/exploring-beyond.com\/wp-content\/uploads\/2017\/02\/anass4-187x124.jpg 187w, https:\/\/exploring-beyond.com\/wp-content\/uploads\/2017\/02\/anass4-990x660.jpg 990w, https:\/\/exploring-beyond.com\/wp-content\/uploads\/2017\/02\/anass4-1320x880.jpg 1320w\" sizes=\"auto, (max-width: 348px) 100vw, 348px\" \/><\/a>\n\t\t\t<\/div>\n\t\t\t\t<figcaption class='wp-caption-text gallery-caption' id='gallery-1-11838'>\n\t\t\t\tAnass Yakine\n\t\t\t\t<\/figcaption><\/figure><figure class='gallery-item'>\n\t\t\t<div class='gallery-icon landscape'>\n\t\t\t\t<a class=\"herald-popup\" href='https:\/\/exploring-beyond.com\/wp-content\/uploads\/2017\/02\/17.jpg'><img loading=\"lazy\" decoding=\"async\" width=\"348\" height=\"232\" src=\"https:\/\/exploring-beyond.com\/wp-content\/uploads\/2017\/02\/17.jpg\" class=\"attachment-herald-lay-f1-full size-herald-lay-f1-full\" alt=\"\" aria-describedby=\"gallery-1-11839\" srcset=\"https:\/\/exploring-beyond.com\/wp-content\/uploads\/2017\/02\/17.jpg 1500w, https:\/\/exploring-beyond.com\/wp-content\/uploads\/2017\/02\/17-600x400.jpg 600w, https:\/\/exploring-beyond.com\/wp-content\/uploads\/2017\/02\/17-300x200.jpg 300w, https:\/\/exploring-beyond.com\/wp-content\/uploads\/2017\/02\/17-768x512.jpg 768w, https:\/\/exploring-beyond.com\/wp-content\/uploads\/2017\/02\/17-1024x683.jpg 1024w, https:\/\/exploring-beyond.com\/wp-content\/uploads\/2017\/02\/17-414x276.jpg 414w, https:\/\/exploring-beyond.com\/wp-content\/uploads\/2017\/02\/17-470x313.jpg 470w, https:\/\/exploring-beyond.com\/wp-content\/uploads\/2017\/02\/17-640x426.jpg 640w, https:\/\/exploring-beyond.com\/wp-content\/uploads\/2017\/02\/17-130x86.jpg 130w, https:\/\/exploring-beyond.com\/wp-content\/uploads\/2017\/02\/17-187x124.jpg 187w, https:\/\/exploring-beyond.com\/wp-content\/uploads\/2017\/02\/17-990x660.jpg 990w, https:\/\/exploring-beyond.com\/wp-content\/uploads\/2017\/02\/17-1320x880.jpg 1320w\" sizes=\"auto, (max-width: 348px) 100vw, 348px\" \/><\/a>\n\t\t\t<\/div>\n\t\t\t\t<figcaption class='wp-caption-text gallery-caption' id='gallery-1-11839'>\n\t\t\t\tMamafele, spectacles solidaires\n\t\t\t\t<\/figcaption><\/figure><figure class='gallery-item'>\n\t\t\t<div class='gallery-icon landscape'>\n\t\t\t\t<a class=\"herald-popup\" href='https:\/\/exploring-beyond.com\/wp-content\/uploads\/2017\/02\/IMG_2120-scaled.jpg'><img loading=\"lazy\" decoding=\"async\" width=\"309\" height=\"232\" src=\"https:\/\/exploring-beyond.com\/wp-content\/uploads\/2017\/02\/IMG_2120-scaled.jpg\" class=\"attachment-herald-lay-f1-full size-herald-lay-f1-full\" alt=\"\" aria-describedby=\"gallery-1-11840\" srcset=\"https:\/\/exploring-beyond.com\/wp-content\/uploads\/2017\/02\/IMG_2120-scaled.jpg 2560w, https:\/\/exploring-beyond.com\/wp-content\/uploads\/2017\/02\/IMG_2120-600x450.jpg 600w, https:\/\/exploring-beyond.com\/wp-content\/uploads\/2017\/02\/IMG_2120-300x225.jpg 300w, https:\/\/exploring-beyond.com\/wp-content\/uploads\/2017\/02\/IMG_2120-768x576.jpg 768w, https:\/\/exploring-beyond.com\/wp-content\/uploads\/2017\/02\/IMG_2120-1024x768.jpg 1024w, https:\/\/exploring-beyond.com\/wp-content\/uploads\/2017\/02\/IMG_2120-74x55.jpg 74w, https:\/\/exploring-beyond.com\/wp-content\/uploads\/2017\/02\/IMG_2120-111x83.jpg 111w, https:\/\/exploring-beyond.com\/wp-content\/uploads\/2017\/02\/IMG_2120-215x161.jpg 215w, https:\/\/exploring-beyond.com\/wp-content\/uploads\/2017\/02\/IMG_2120-990x743.jpg 990w, https:\/\/exploring-beyond.com\/wp-content\/uploads\/2017\/02\/IMG_2120-1320x990.jpg 1320w\" sizes=\"auto, (max-width: 309px) 100vw, 309px\" \/><\/a>\n\t\t\t<\/div>\n\t\t\t\t<figcaption class='wp-caption-text gallery-caption' id='gallery-1-11840'>\n\t\t\t\tMilan Bihlman\n\t\t\t\t<\/figcaption><\/figure><figure class='gallery-item'>\n\t\t\t<div class='gallery-icon landscape'>\n\t\t\t\t<a class=\"herald-popup\" href='https:\/\/exploring-beyond.com\/wp-content\/uploads\/2017\/02\/max20.jpg'><img loading=\"lazy\" decoding=\"async\" width=\"309\" height=\"232\" src=\"https:\/\/exploring-beyond.com\/wp-content\/uploads\/2017\/02\/max20.jpg\" class=\"attachment-herald-lay-f1-full size-herald-lay-f1-full\" alt=\"\" aria-describedby=\"gallery-1-11830\" srcset=\"https:\/\/exploring-beyond.com\/wp-content\/uploads\/2017\/02\/max20.jpg 2048w, https:\/\/exploring-beyond.com\/wp-content\/uploads\/2017\/02\/max20-600x450.jpg 600w, https:\/\/exploring-beyond.com\/wp-content\/uploads\/2017\/02\/max20-300x225.jpg 300w, https:\/\/exploring-beyond.com\/wp-content\/uploads\/2017\/02\/max20-768x576.jpg 768w, https:\/\/exploring-beyond.com\/wp-content\/uploads\/2017\/02\/max20-1024x768.jpg 1024w, https:\/\/exploring-beyond.com\/wp-content\/uploads\/2017\/02\/max20-74x55.jpg 74w, https:\/\/exploring-beyond.com\/wp-content\/uploads\/2017\/02\/max20-111x83.jpg 111w, https:\/\/exploring-beyond.com\/wp-content\/uploads\/2017\/02\/max20-215x161.jpg 215w, https:\/\/exploring-beyond.com\/wp-content\/uploads\/2017\/02\/max20-990x743.jpg 990w, https:\/\/exploring-beyond.com\/wp-content\/uploads\/2017\/02\/max20-1320x990.jpg 1320w\" sizes=\"auto, (max-width: 309px) 100vw, 309px\" \/><\/a>\n\t\t\t<\/div>\n\t\t\t\t<figcaption class='wp-caption-text gallery-caption' id='gallery-1-11830'>\n\t\t\t\tMaxime Lamand\n\t\t\t\t<\/figcaption><\/figure><figure class='gallery-item'>\n\t\t\t<div class='gallery-icon landscape'>\n\t\t\t\t<a class=\"herald-popup\" href='https:\/\/exploring-beyond.com\/wp-content\/uploads\/2017\/02\/Morgane.jpg'><img loading=\"lazy\" decoding=\"async\" width=\"311\" height=\"232\" src=\"https:\/\/exploring-beyond.com\/wp-content\/uploads\/2017\/02\/Morgane.jpg\" class=\"attachment-herald-lay-f1-full size-herald-lay-f1-full\" alt=\"\" aria-describedby=\"gallery-1-11842\" srcset=\"https:\/\/exploring-beyond.com\/wp-content\/uploads\/2017\/02\/Morgane.jpg 960w, https:\/\/exploring-beyond.com\/wp-content\/uploads\/2017\/02\/Morgane-600x448.jpg 600w, https:\/\/exploring-beyond.com\/wp-content\/uploads\/2017\/02\/Morgane-300x225.jpg 300w, https:\/\/exploring-beyond.com\/wp-content\/uploads\/2017\/02\/Morgane-768x574.jpg 768w, https:\/\/exploring-beyond.com\/wp-content\/uploads\/2017\/02\/Morgane-74x55.jpg 74w, https:\/\/exploring-beyond.com\/wp-content\/uploads\/2017\/02\/Morgane-111x83.jpg 111w, https:\/\/exploring-beyond.com\/wp-content\/uploads\/2017\/02\/Morgane-215x161.jpg 215w\" sizes=\"auto, (max-width: 311px) 100vw, 311px\" \/><\/a>\n\t\t\t<\/div>\n\t\t\t\t<figcaption class='wp-caption-text gallery-caption' id='gallery-1-11842'>\n\t\t\t\tMorgane Trussardi\n\t\t\t\t<\/figcaption><\/figure>\n\t\t<\/div>\n\n<p>&nbsp;<\/p>\n","protected":false},"excerpt":{"rendered":"<p>Le Twaming est un type de voyage engag\u00e9 en plein essor que cherche \u00e0 promouvoir l&rsquo;organisation Travel With A Mission (TWAM) que j&rsquo;ai fond\u00e9e avec une \u00e9quipe de b\u00e9n\u00e9voles en 2012. L&rsquo;id\u00e9e du Twaming est de pouvoir se rendre utile tout en voyageant. La base du Twaming est la plateforme web mise en place en [&hellip;]<\/p>\n","protected":false},"author":1,"featured_media":11839,"parent":0,"menu_order":0,"comment_status":"open","ping_status":"closed","template":"","meta":{"footnotes":""},"class_list":["post-7523","page","type-page","status-publish","has-post-thumbnail","hentry"],"_links":{"self":[{"href":"https:\/\/exploring-beyond.com\/index.php?rest_route=\/wp\/v2\/pages\/7523","targetHints":{"allow":["GET"]}}],"collection":[{"href":"https:\/\/exploring-beyond.com\/index.php?rest_route=\/wp\/v2\/pages"}],"about":[{"href":"https:\/\/exploring-beyond.com\/index.php?rest_route=\/wp\/v2\/types\/page"}],"author":[{"embeddable":true,"href":"https:\/\/exploring-beyond.com\/index.php?rest_route=\/wp\/v2\/users\/1"}],"replies":[{"embeddable":true,"href":"https:\/\/exploring-beyond.com\/index.php?rest_route=%2Fwp%2Fv2%2Fcomments&post=7523"}],"version-history":[{"count":8,"href":"https:\/\/exploring-beyond.com\/index.php?rest_route=\/wp\/v2\/pages\/7523\/revisions"}],"predecessor-version":[{"id":13867,"href":"https:\/\/exploring-beyond.com\/index.php?rest_route=\/wp\/v2\/pages\/7523\/revisions\/13867"}],"wp:featuredmedia":[{"embeddable":true,"href":"https:\/\/exploring-beyond.com\/index.php?rest_route=\/wp\/v2\/media\/11839"}],"wp:attachment":[{"href":"https:\/\/exploring-beyond.com\/index.php?rest_route=%2Fwp%2Fv2%2Fmedia&parent=7523"}],"curies":[{"name":"wp","href":"https:\/\/api.w.org\/{rel}","templated":true}]}}