{"id":6887,"date":"2017-02-19T10:22:15","date_gmt":"2017-02-19T09:22:15","guid":{"rendered":"http:\/\/www.exploring-beyond.com\/?page_id=6887"},"modified":"2020-12-23T11:33:32","modified_gmt":"2020-12-23T10:33:32","slug":"engagement","status":"publish","type":"page","link":"https:\/\/exploring-beyond.com\/?page_id=6887","title":{"rendered":"Engagement soci\u00e9tal"},"content":{"rendered":"<p style=\"text-align: justify;\">Un tour du monde change un homme et le tour du monde en stop (2003-2008) a profond\u00e9ment chang\u00e9 Ludovic, lui faisant prendre conscience non seulement de son statut de privil\u00e9gi\u00e9 ayant eu acc\u00e8s \u00e0 une excellente \u00e9ducation mais surtout du r\u00f4le qu&rsquo;il pouvait jouer pour apporter son grain de sable et tenter d\u2019am\u00e9liorer un monde ne tournant pas toujours tr\u00e8s rond. Retrouvez ci-dessous un r\u00e9sum\u00e9 de certains des engagements soci\u00e9taux pris pendant et apr\u00e8s son tour du monde.<\/p>\n<table style=\"height: 42px; background-color: #63637a; border-color: #000000;\" width=\"1225\">\n<tbody>\n<tr>\n<td style=\"width: 1214.53px; text-align: center;\"><span style=\"font-size: 18pt; color: #ffffff;\"><strong>TRAVEL WITH A MISSION (TWAM)<\/strong><\/span><\/td>\n<\/tr>\n<\/tbody>\n<\/table>\n<figure id=\"attachment_11450\" aria-describedby=\"caption-attachment-11450\" style=\"width: 300px\" class=\"wp-caption alignleft\"><a href=\"http:\/\/www.exploring-beyond.com\/wp-content\/uploads\/2017\/03\/ludo_twam.jpg\"><img loading=\"lazy\" decoding=\"async\" class=\"size-medium wp-image-11450\" src=\"http:\/\/www.exploring-beyond.com\/wp-content\/uploads\/2017\/03\/ludo_twam-300x199.jpg\" alt=\"\" width=\"300\" height=\"199\" srcset=\"https:\/\/exploring-beyond.com\/wp-content\/uploads\/2017\/03\/ludo_twam-300x200.jpg 300w, https:\/\/exploring-beyond.com\/wp-content\/uploads\/2017\/03\/ludo_twam-600x397.jpg 600w, https:\/\/exploring-beyond.com\/wp-content\/uploads\/2017\/03\/ludo_twam-768x508.jpg 768w, https:\/\/exploring-beyond.com\/wp-content\/uploads\/2017\/03\/ludo_twam-1024x678.jpg 1024w, https:\/\/exploring-beyond.com\/wp-content\/uploads\/2017\/03\/ludo_twam-414x276.jpg 414w, https:\/\/exploring-beyond.com\/wp-content\/uploads\/2017\/03\/ludo_twam-470x313.jpg 470w, https:\/\/exploring-beyond.com\/wp-content\/uploads\/2017\/03\/ludo_twam-640x426.jpg 640w, https:\/\/exploring-beyond.com\/wp-content\/uploads\/2017\/03\/ludo_twam-130x86.jpg 130w, https:\/\/exploring-beyond.com\/wp-content\/uploads\/2017\/03\/ludo_twam-187x124.jpg 187w, https:\/\/exploring-beyond.com\/wp-content\/uploads\/2017\/03\/ludo_twam-990x655.jpg 990w, https:\/\/exploring-beyond.com\/wp-content\/uploads\/2017\/03\/ludo_twam.jpg 1280w\" sizes=\"auto, (max-width: 300px) 100vw, 300px\" \/><\/a><figcaption id=\"caption-attachment-11450\" class=\"wp-caption-text\">Cr\u00e9ation de TWAM<\/figcaption><\/figure>\n<p style=\"text-align: justify;\">Ludovic a fond\u00e9 l&rsquo;organisation Travel With A Mission (TWAM) en 2012 avec l&rsquo;aide d&rsquo;une \u00e9quipe de b\u00e9n\u00e9voles.<\/p>\n<p style=\"text-align: justify;\">Pour comprendre la fondation de TWAM, il faut comprendre le tour du monde en stop de 5 ans r\u00e9alis\u00e9 par Ludovic entre 2003 et 2008. Lors de celui-ci, il donna de nombreuses conf\u00e9rences dans toutes sortes d&rsquo;institutions afin de partager son aventure et les apprentissages de 5 ann\u00e9es au contact de populations locales. Pour faire ces conf\u00e9rences, il allait r\u00e9guli\u00e8rement toquer aux portes d&rsquo;\u00e9coles et autres institutions. Cela marchait de temps \u00e0 autre mais il perdait beaucoup de temps, ne sachant jamais quelle institution est int\u00e9ress\u00e9e ni qui est le bon contact au sein de telle ou telle institution.<\/p>\n<p style=\"text-align: justify;\">Il s&rsquo;est rendu compte parall\u00e8lement \u00e0 cela que de nombreuses personnes cherchent \u00e0 partager connaissances, comp\u00e9tences et exp\u00e9riences et que d&rsquo;autres cherchent \u00e0 recevoir.<\/p>\n<p style=\"text-align: justify;\">Il y avait donc une offre, une demande, mais une difficult\u00e9 de mise en relation entre cette offre et cette demande. De l\u00e0 est n\u00e9e l&rsquo;id\u00e9e de la cr\u00e9ation de la plateforme TWAM mettant en relation ceux souhaitant partager et ceux souhaitant recevoir (Twamhosts).<\/p>\n<p style=\"text-align: justify;\">Depuis, TWAM s&rsquo;est d\u00e9velopp\u00e9 et met en place des actions allant bien au-del\u00e0 de la plateforme qui elle est active dans plus de 100 pays. Plus de d\u00e9tails <a href=\"http:\/\/www.travelwithamission.org\">ici<\/a>.<\/p>\n<table style=\"height: 45px; background-color: #63637a; border-color: #000000;\" width=\"1229\">\n<tbody>\n<tr>\n<td style=\"width: 1218.53px; text-align: center;\"><strong><span style=\"font-size: 18pt; color: #ffffff;\">PEACE AND SPORT (ONG Mon\u00e9gasque)<\/span><\/strong><\/td>\n<\/tr>\n<\/tbody>\n<\/table>\n<figure id=\"attachment_5192\" aria-describedby=\"caption-attachment-5192\" style=\"width: 300px\" class=\"wp-caption alignleft\"><a href=\"http:\/\/www.exploring-beyond.com\/wp-content\/uploads\/2011\/06\/inaugurationpingpongbadame.jpg\"><img loading=\"lazy\" decoding=\"async\" class=\"size-medium wp-image-5192\" src=\"http:\/\/www.exploring-beyond.com\/wp-content\/uploads\/2011\/06\/inaugurationpingpongbadame-300x199.jpg\" alt=\"\" width=\"300\" height=\"199\" srcset=\"https:\/\/exploring-beyond.com\/wp-content\/uploads\/2011\/06\/inaugurationpingpongbadame-300x199.jpg 300w, https:\/\/exploring-beyond.com\/wp-content\/uploads\/2011\/06\/inaugurationpingpongbadame-600x399.jpg 600w, https:\/\/exploring-beyond.com\/wp-content\/uploads\/2011\/06\/inaugurationpingpongbadame-1024x680.jpg 1024w, https:\/\/exploring-beyond.com\/wp-content\/uploads\/2011\/06\/inaugurationpingpongbadame-220x146.jpg 220w, https:\/\/exploring-beyond.com\/wp-content\/uploads\/2011\/06\/inaugurationpingpongbadame-50x33.jpg 50w, https:\/\/exploring-beyond.com\/wp-content\/uploads\/2011\/06\/inaugurationpingpongbadame-113x75.jpg 113w, https:\/\/exploring-beyond.com\/wp-content\/uploads\/2011\/06\/inaugurationpingpongbadame.jpg 1287w\" sizes=\"auto, (max-width: 300px) 100vw, 300px\" \/><\/a><figcaption id=\"caption-attachment-5192\" class=\"wp-caption-text\">Inauguration d&rsquo;un programme au Timor-Leste<\/figcaption><\/figure>\n<p style=\"text-align: justify;\">Ludovic a travaill\u00e9 pour Peace and Sport, \u00ab\u00a0<em>L&rsquo;Organisation pour la Paix par le Sport<\/em>\u00a0\u00bb entre 2009 et 2014 en tant que responsable des op\u00e9rations terrain.<\/p>\n<p style=\"text-align: justify;\">Peace and Sport, organisation \u00e0 but non lucratif bas\u00e9e \u00e0 Monaco, plac\u00e9e sous le Haut-Patronage de S.A.S. le Prince Albert de Monaco, cherche \u00e0 utiliser et promouvoir le sport comme outil d&rsquo;\u00e9ducation \u00e0 la paix.<\/p>\n<p style=\"text-align: justify;\">Pendant ces 5 ann\u00e9es, Ludovic travaillait en accompagnement d&rsquo;acteurs locaux et internationaux sur le d\u00e9veloppement de \u00ab\u00a0programmes pour la Paix par le Sport\u00a0\u00bb, c&rsquo;est-\u00e0-dire des programmes sportifs n&rsquo;ayant pas pour but de cr\u00e9er des champions mais surtout de meilleurs \u00eatres humains.<\/p>\n<p style=\"text-align: justify;\">Comment le sport peut favoriser la r\u00e9int\u00e9gration d&rsquo;enfants soldats, de membres de gangs ? Comment le sport peut favoriser la cohabitation hutus\/tutsis, etc. Tel fut le quotidien de Ludovic pendant toutes ces ann\u00e9es. Plus de d\u00e9tails <a href=\"http:\/\/www.peace-sport.org\">ici<\/a>.<\/p>\n<table style=\"height: 41px; background-color: #63637a;\" width=\"1220\">\n<tbody>\n<tr>\n<td style=\"width: 1209.53px; text-align: center;\"><span style=\"color: #ffffff;\"><strong><span style=\"font-size: 18pt;\">ONG VERTE, TERRE DE PAIX<\/span><\/strong><\/span><\/td>\n<\/tr>\n<\/tbody>\n<\/table>\n<figure id=\"attachment_5349\" aria-describedby=\"caption-attachment-5349\" style=\"width: 300px\" class=\"wp-caption alignleft\"><a href=\"http:\/\/www.exploring-beyond.com\/wp-content\/uploads\/2011\/06\/ecoleamchi1.jpg\"><img loading=\"lazy\" decoding=\"async\" class=\"size-medium wp-image-5349\" src=\"http:\/\/www.exploring-beyond.com\/wp-content\/uploads\/2011\/06\/ecoleamchi1-300x225.jpg\" alt=\"\" width=\"300\" height=\"225\" srcset=\"https:\/\/exploring-beyond.com\/wp-content\/uploads\/2011\/06\/ecoleamchi1-300x225.jpg 300w, https:\/\/exploring-beyond.com\/wp-content\/uploads\/2011\/06\/ecoleamchi1-600x450.jpg 600w, https:\/\/exploring-beyond.com\/wp-content\/uploads\/2011\/06\/ecoleamchi1-195x146.jpg 195w, https:\/\/exploring-beyond.com\/wp-content\/uploads\/2011\/06\/ecoleamchi1-50x38.jpg 50w, https:\/\/exploring-beyond.com\/wp-content\/uploads\/2011\/06\/ecoleamchi1.jpg 640w, https:\/\/exploring-beyond.com\/wp-content\/uploads\/2011\/06\/ecoleamchi1-100x75.jpg 100w\" sizes=\"auto, (max-width: 300px) 100vw, 300px\" \/><\/a><figcaption id=\"caption-attachment-5349\" class=\"wp-caption-text\">Ecole Amchi au Mustang<\/figcaption><\/figure>\n<p style=\"text-align: justify;\">En 2008, au retour de son tour du monde, Ludovic, parall\u00e8lement \u00e0 l&rsquo;\u00e9criture de son livre, a cherch\u00e9 \u00e0 s&rsquo;engager dans une association. Pendant plusieurs mois, il fut actif aux c\u00f4t\u00e9s des b\u00e9n\u00e9voles de l&rsquo;association \u00ab\u00a0<em>Ligne verte, terre de Paix<\/em>\u00a0\u00bb cherchant \u00e0 soutenir les populations indig\u00e8nes \u00e0 travers le monde.<\/p>\n<p style=\"text-align: justify;\"><a href=\"http:\/\/www.exploring-beyond.com\/category\/rencontres\/peuples\/\">Fort de ses exp\u00e9riences dans plusieurs communaut\u00e9s \u00ab\u00a0racines\u00a0\u00bb<\/a>, que ce soit en Equateur, Colombie, au nord du Canada ou en Australie, Ludovic fut heureux d&rsquo;apporter un peu de son exp\u00e9rience et de son \u00e9nergie.<\/p>\n<p style=\"text-align: justify;\">Il participa notamment \u00e0 une lev\u00e9e de fonds pour la construction d&rsquo;une \u00e9cole enseignant la m\u00e9decine traditionnelle Amchi au Mustang (voir photo).<\/p>\n<table style=\"height: 44px; background-color: #63637a; border-color: #000000;\" width=\"1222\">\n<tbody>\n<tr>\n<td style=\"width: 1211.53px; text-align: center;\"><span style=\"color: #ffffff; font-size: 18pt;\"><strong>ROTARY CLUB<\/strong><\/span><\/td>\n<\/tr>\n<\/tbody>\n<\/table>\n<figure id=\"attachment_10856\" aria-describedby=\"caption-attachment-10856\" style=\"width: 300px\" class=\"wp-caption alignleft\"><a href=\"http:\/\/www.exploring-beyond.com\/wp-content\/uploads\/2017\/02\/DSC04582-1.jpg\"><img loading=\"lazy\" decoding=\"async\" class=\"size-medium wp-image-10856\" src=\"http:\/\/www.exploring-beyond.com\/wp-content\/uploads\/2017\/02\/DSC04582-1-300x225.jpg\" alt=\"\" width=\"300\" height=\"225\" srcset=\"https:\/\/exploring-beyond.com\/wp-content\/uploads\/2017\/02\/DSC04582-1-300x225.jpg 300w, https:\/\/exploring-beyond.com\/wp-content\/uploads\/2017\/02\/DSC04582-1-600x450.jpg 600w, https:\/\/exploring-beyond.com\/wp-content\/uploads\/2017\/02\/DSC04582-1-768x576.jpg 768w, https:\/\/exploring-beyond.com\/wp-content\/uploads\/2017\/02\/DSC04582-1-1024x768.jpg 1024w, https:\/\/exploring-beyond.com\/wp-content\/uploads\/2017\/02\/DSC04582-1-74x55.jpg 74w, https:\/\/exploring-beyond.com\/wp-content\/uploads\/2017\/02\/DSC04582-1-111x83.jpg 111w, https:\/\/exploring-beyond.com\/wp-content\/uploads\/2017\/02\/DSC04582-1-215x161.jpg 215w, https:\/\/exploring-beyond.com\/wp-content\/uploads\/2017\/02\/DSC04582-1-990x743.jpg 990w, https:\/\/exploring-beyond.com\/wp-content\/uploads\/2017\/02\/DSC04582-1.jpg 1280w\" sizes=\"auto, (max-width: 300px) 100vw, 300px\" \/><\/a><figcaption id=\"caption-attachment-10856\" class=\"wp-caption-text\">Conf\u00e9rence, Rotary USA<\/figcaption><\/figure>\n<p style=\"text-align: justify;\"><a href=\"https:\/\/exploring-beyond.com\/integration-rotary\/\">Ludovic est Rotarien depuis janvier 2020<\/a>. Il a d\u00e9cid\u00e9 de rejoindre ce club de service apr\u00e8s avoir collabor\u00e9 \u00e0 de nombreuses occasions.<\/p>\n<p style=\"text-align: justify;\">Via des conf\u00e9rences tout d&rsquo;abord, plus d&rsquo;une centaine dans ce r\u00e9seau \u00e0 travers le monde, puis via diverses actions ponctuelles (aide ponctuelle lors d&rsquo;un tremblement de terre en Indon\u00e9sie, soutien \u00e0 l&rsquo;organisation de soir\u00e9es caritatives, etc.).<\/p>\n<p style=\"text-align: justify;\">\u00ab\u00a0<em>Service above self<\/em>\u00ab\u00a0, un r\u00e9seau d&rsquo;individus pr\u00eats \u00e0 donner un peu de son temps et de son \u00e9nergie. Une belle id\u00e9ologie !<\/p>\n<p style=\"text-align: justify;\">Il est membre aujourd&rsquo;hui du <a href=\"https:\/\/www.rotary-beaulieu.org\">club Beaulieu c\u00f4te d&rsquo;Azur<\/a>.<\/p>\n<table style=\"height: 46px; background-color: #63637a; border-color: #000000;\" width=\"1231\">\n<tbody>\n<tr>\n<td style=\"width: 1220.53px; text-align: center;\"><span style=\"color: #ffffff; font-size: 18pt;\"><strong>CONF\u00c9RENCES<\/strong><\/span><\/td>\n<\/tr>\n<\/tbody>\n<\/table>\n<figure id=\"attachment_8746\" aria-describedby=\"caption-attachment-8746\" style=\"width: 300px\" class=\"wp-caption alignleft\"><a href=\"http:\/\/www.exploring-beyond.com\/wp-content\/uploads\/2017\/02\/pouceenlair.jpg\"><img loading=\"lazy\" decoding=\"async\" class=\"size-medium wp-image-8746\" src=\"http:\/\/www.exploring-beyond.com\/wp-content\/uploads\/2017\/02\/pouceenlair-300x225.jpg\" alt=\"\" width=\"300\" height=\"225\" srcset=\"https:\/\/exploring-beyond.com\/wp-content\/uploads\/2017\/02\/pouceenlair-300x225.jpg 300w, https:\/\/exploring-beyond.com\/wp-content\/uploads\/2017\/02\/pouceenlair-600x450.jpg 600w, https:\/\/exploring-beyond.com\/wp-content\/uploads\/2017\/02\/pouceenlair-74x55.jpg 74w, https:\/\/exploring-beyond.com\/wp-content\/uploads\/2017\/02\/pouceenlair-111x83.jpg 111w, https:\/\/exploring-beyond.com\/wp-content\/uploads\/2017\/02\/pouceenlair-215x161.jpg 215w, https:\/\/exploring-beyond.com\/wp-content\/uploads\/2017\/02\/pouceenlair.jpg 640w\" sizes=\"auto, (max-width: 300px) 100vw, 300px\" \/><\/a><figcaption id=\"caption-attachment-8746\" class=\"wp-caption-text\">Apr\u00e8s une conf\u00e9rence, Aceh, Indon\u00e9sie<\/figcaption><\/figure>\n<p style=\"text-align: justify;\">Au fil de son voyage autour du monde en stop, Ludovic a vite compris qu&rsquo;il disposait d&rsquo;une v\u00e9ritable mine d&rsquo;or pour approcher notamment les jeunes g\u00e9n\u00e9rations et faire passer des messages importants pour l&rsquo;humanit\u00e9 en utilisant son tour du monde comme outil de partage.<\/p>\n<p style=\"text-align: justify;\">Ainsi, Ludovic a donn\u00e9 quelques 350 conf\u00e9rences dans toutes sortes d&rsquo;institutions entre 2003 et 2008 et plus de 450 depuis 2008, c&rsquo;est-\u00e0-dire plus de 800 conf\u00e9rences pour une estimation d&rsquo;audience de 100.000 personnes. Plus de d\u00e9tails <a href=\"http:\/\/www.exploring-beyond.com\/home\/tourdumondestop\/pendant\/partage2conferences\/\">ici<\/a> sur les conf\u00e9rences pendant le tour du monde et <a href=\"http:\/\/www.lhspeaking.com\">ici<\/a> pour celles propos\u00e9es actuellement.<\/p>\n<table style=\"height: 46px; background-color: #63637a; border-color: #000000;\" width=\"1222\">\n<tbody>\n<tr>\n<td style=\"width: 1211.53px; text-align: center;\"><span style=\"font-size: 18pt; color: #ffffff;\"><strong>MISSION MERE TERESA, CALCUTTA<\/strong><\/span><\/td>\n<\/tr>\n<\/tbody>\n<\/table>\n<figure id=\"attachment_9283\" aria-describedby=\"caption-attachment-9283\" style=\"width: 300px\" class=\"wp-caption alignleft\"><a href=\"http:\/\/www.exploring-beyond.com\/wp-content\/uploads\/2017\/02\/dispensairedayaden2.jpg\"><img loading=\"lazy\" decoding=\"async\" class=\"size-medium wp-image-9283\" src=\"http:\/\/www.exploring-beyond.com\/wp-content\/uploads\/2017\/02\/dispensairedayaden2-300x223.jpg\" alt=\"\" width=\"300\" height=\"223\" srcset=\"https:\/\/exploring-beyond.com\/wp-content\/uploads\/2017\/02\/dispensairedayaden2-300x223.jpg 300w, https:\/\/exploring-beyond.com\/wp-content\/uploads\/2017\/02\/dispensairedayaden2-74x55.jpg 74w, https:\/\/exploring-beyond.com\/wp-content\/uploads\/2017\/02\/dispensairedayaden2-111x83.jpg 111w, https:\/\/exploring-beyond.com\/wp-content\/uploads\/2017\/02\/dispensairedayaden2-215x161.jpg 215w, https:\/\/exploring-beyond.com\/wp-content\/uploads\/2017\/02\/dispensairedayaden2.jpg 585w\" sizes=\"auto, (max-width: 300px) 100vw, 300px\" \/><\/a><figcaption id=\"caption-attachment-9283\" class=\"wp-caption-text\">Dispensaire M\u00e8re Teresa, Calcutta<\/figcaption><\/figure>\n<p style=\"text-align: justify;\">Sans aucun doute, l&rsquo;une des exp\u00e9riences humanitaires qui aura le plus marqu\u00e9 Ludovic : Ses quelques semaines de b\u00e9n\u00e9volat au sein de l&rsquo;un des centres de M\u00e8re Teresa \u00e0 Calcutta. Au chevet des \u00ab\u00a0<em>plus pauvres d&rsquo;entre les plus pauvres<\/em>\u00a0\u00bb comme M\u00e8re Teresa aimait les appeler, Ludovic a tent\u00e9 de se rendre utile en donnant un peu de son temps et de son \u00e9nergie pour aider aux t\u00e2ches quotidiennes (aider \u00e0 manger, \u00e0 laver, aide au dispensaire, etc.). Plus de d\u00e9tails dans <a href=\"http:\/\/www.exploring-beyond.com\/defis\/defi-2009-ecriture-dun-livre\/\">son livre<\/a>.<\/p>\n<p style=\"text-align: justify;\">[mks_separator style=\u00a0\u00bbsolid\u00a0\u00bb height=\u00a0\u00bb0&Prime;]<\/p>\n<table style=\"height: 50px; background-color: #63637a; border-color: #000000;\" width=\"1215\">\n<tbody>\n<tr>\n<td style=\"width: 1204.53px; text-align: center;\"><span style=\"color: #ffffff; font-size: 18pt;\"><strong>JOURNEES DE RENCONTRE ENTRE ONG<\/strong><\/span><\/td>\n<\/tr>\n<\/tbody>\n<\/table>\n<figure id=\"attachment_9376\" aria-describedby=\"caption-attachment-9376\" style=\"width: 300px\" class=\"wp-caption alignleft\"><a href=\"http:\/\/www.exploring-beyond.com\/wp-content\/uploads\/2017\/02\/NGOdiscussionday.jpg\"><img loading=\"lazy\" decoding=\"async\" class=\"size-medium wp-image-9376\" src=\"http:\/\/www.exploring-beyond.com\/wp-content\/uploads\/2017\/02\/NGOdiscussionday-300x169.jpg\" alt=\"\" width=\"300\" height=\"169\" srcset=\"https:\/\/exploring-beyond.com\/wp-content\/uploads\/2017\/02\/NGOdiscussionday-300x168.jpg 300w, https:\/\/exploring-beyond.com\/wp-content\/uploads\/2017\/02\/NGOdiscussionday-600x338.jpg 600w, https:\/\/exploring-beyond.com\/wp-content\/uploads\/2017\/02\/NGOdiscussionday.jpg 768w, https:\/\/exploring-beyond.com\/wp-content\/uploads\/2017\/02\/NGOdiscussionday-470x264.jpg 470w, https:\/\/exploring-beyond.com\/wp-content\/uploads\/2017\/02\/NGOdiscussionday-640x360.jpg 640w, https:\/\/exploring-beyond.com\/wp-content\/uploads\/2017\/02\/NGOdiscussionday-215x120.jpg 215w, https:\/\/exploring-beyond.com\/wp-content\/uploads\/2017\/02\/NGOdiscussionday-414x232.jpg 414w\" sizes=\"auto, (max-width: 300px) 100vw, 300px\" \/><\/a><figcaption id=\"caption-attachment-9376\" class=\"wp-caption-text\">Journ\u00e9e de rencontre entre ONG, Delhi<\/figcaption><\/figure>\n<p style=\"text-align: justify;\">Avant de partir pour son tour du monde, vous auriez prononc\u00e9 l&rsquo;acronyme ONG, Ludovic n&rsquo;aurait pas pu vous en dire grand chose. Au cours de son p\u00e9riple autour du monde, il a cependant rencontr\u00e9 de nombreux \u00ab\u00a0passeurs d&rsquo;espoir\u00a0\u00bb comme il aime les appeler, des gens ne cherchant aucune reconnaissance mais qui m\u00e9riteraient de faire la une des journaux tant il changent la destin\u00e9e des plus d\u00e9munis.<\/p>\n<p style=\"text-align: justify;\">Au cours de ses nombreuses rencontres, Ludovic s&rsquo;est cependant rendu compte que toutes ces petites ONG perdaient beaucoup de temps, d&rsquo;argent et d&rsquo;\u00e9nergie \u00e0 travailler sur des projets sur lesquels des voisins ont d\u00e9j\u00e0 travaill\u00e9.<\/p>\n<p style=\"text-align: justify;\">Cherchant \u00e0 cr\u00e9er des synergies (1+1=3), il eut l&rsquo;id\u00e9e de d\u00e9velopper des journ\u00e9es de rencontres entre ONG.<\/p>\n<p style=\"text-align: justify;\">Au cours de son p\u00e9riple, 3 ont vu le jour, une \u00e0 San Salvador, une \u00e0 Djakarta (voir photo), une autre \u00e0 New Delhi. Plus de d\u00e9tails <a href=\"http:\/\/www.exploring-beyond.com\/home\/tourdumondestop\/pendant\/journees-de-rencontre-ong-2\/\">ici<\/a>.<\/p>\n<table style=\"height: 50px; background-color: #63637a; border-color: #000000;\" width=\"1214\">\n<tbody>\n<tr>\n<td style=\"width: 1203.53px; text-align: center;\"><span style=\"color: #ffffff; font-size: 18pt;\"><strong>MISSION HUMANITAIRE ITAMARANDIBA, BRESIL<\/strong><\/span><\/td>\n<\/tr>\n<\/tbody>\n<\/table>\n<figure id=\"attachment_7796\" aria-describedby=\"caption-attachment-7796\" style=\"width: 300px\" class=\"wp-caption alignleft\"><a href=\"http:\/\/www.exploring-beyond.com\/wp-content\/uploads\/2017\/02\/5.jpg\"><img loading=\"lazy\" decoding=\"async\" class=\"size-medium wp-image-7796\" src=\"http:\/\/www.exploring-beyond.com\/wp-content\/uploads\/2017\/02\/5-300x197.jpg\" alt=\"\" width=\"300\" height=\"197\" srcset=\"https:\/\/exploring-beyond.com\/wp-content\/uploads\/2017\/02\/5-300x197.jpg 300w, https:\/\/exploring-beyond.com\/wp-content\/uploads\/2017\/02\/5-130x86.jpg 130w, https:\/\/exploring-beyond.com\/wp-content\/uploads\/2017\/02\/5-187x124.jpg 187w, https:\/\/exploring-beyond.com\/wp-content\/uploads\/2017\/02\/5.jpg 534w\" sizes=\"auto, (max-width: 300px) 100vw, 300px\" \/><\/a><figcaption id=\"caption-attachment-7796\" class=\"wp-caption-text\">Enfants d&rsquo;Itamarandiba<\/figcaption><\/figure>\n<p style=\"text-align: justify;\">Avant son d\u00e9part pour son tour du monde, Ludovic avait souhait\u00e9 fixer une mission humanitaire de quelques mois afin \u00e0 la fois de se reposer et de se rendre utile.<\/p>\n<p style=\"text-align: justify;\">Cette pause humanitaire fut r\u00e9alis\u00e9e en 2003 dans la petite commune d&rsquo;Itamarandiba, petit village situ\u00e9 \u00e0 6h au nord de Belo Horizonte dans l&rsquo;\u00e9tat du Minas Gerais au Br\u00e9sil.<\/p>\n<p style=\"text-align: justify;\">Durant plus de 2 mois, Ludovic travailla au sein de la pr\u00e9fecture sur des projets de d\u00e9veloppement et d&rsquo;hygi\u00e8ne pour les populations d\u00e9favoris\u00e9es, notamment celles dans les communaut\u00e9s rurales.<\/p>\n<p style=\"text-align: justify;\">Ludovic fit partie notamment de l&rsquo;\u00e9quipe ayant remport\u00e9 apr\u00e8s un appel \u00e0 projets 25,000 R\u00e9ais Br\u00e9silien pour la construction d&rsquo;une cr\u00e8che dans le village. Une grande satisfaction ! Plus de d\u00e9tails <a href=\"http:\/\/www.exploring-beyond.com\/home\/tourdumondestop\/pendant\/missions-humanitaires\/\">ici<\/a>.<\/p>\n<table style=\"height: 38px; border-color: #000000; background-color: #63637a;\" width=\"1217\">\n<tbody>\n<tr>\n<td style=\"width: 1206.53px; text-align: center;\"><span style=\"color: #ffffff;\"><strong><span style=\"font-size: 18pt;\">PROJET P\u00c9DAGOGIQUE AVEC H\u00d4PITAL STRASBOURG<\/span><\/strong><\/span><\/td>\n<\/tr>\n<\/tbody>\n<\/table>\n<figure id=\"attachment_5232\" aria-describedby=\"caption-attachment-5232\" style=\"width: 300px\" class=\"wp-caption alignleft\"><a href=\"http:\/\/www.exploring-beyond.com\/wp-content\/uploads\/2011\/06\/webcamyannickludo2.jpg\"><img loading=\"lazy\" decoding=\"async\" class=\"size-medium wp-image-5232\" src=\"http:\/\/www.exploring-beyond.com\/wp-content\/uploads\/2011\/06\/webcamyannickludo2-300x225.jpg\" alt=\"\" width=\"300\" height=\"225\" srcset=\"https:\/\/exploring-beyond.com\/wp-content\/uploads\/2011\/06\/webcamyannickludo2-300x225.jpg 300w, https:\/\/exploring-beyond.com\/wp-content\/uploads\/2011\/06\/webcamyannickludo2-600x450.jpg 600w, https:\/\/exploring-beyond.com\/wp-content\/uploads\/2011\/06\/webcamyannickludo2-1024x768.jpg 1024w, https:\/\/exploring-beyond.com\/wp-content\/uploads\/2011\/06\/webcamyannickludo2-195x146.jpg 195w, https:\/\/exploring-beyond.com\/wp-content\/uploads\/2011\/06\/webcamyannickludo2-50x38.jpg 50w, https:\/\/exploring-beyond.com\/wp-content\/uploads\/2011\/06\/webcamyannickludo2-100x75.jpg 100w\" sizes=\"auto, (max-width: 300px) 100vw, 300px\" \/><\/a><figcaption id=\"caption-attachment-5232\" class=\"wp-caption-text\">Echange avec un patient de l&rsquo;h\u00f4pital<\/figcaption><\/figure>\n<p style=\"text-align: justify;\">Partir seul, certes mais pas compl\u00e9tement. Avant son d\u00e9part, Ludovic avait d\u00e9cid\u00e9 de partager activement son parcours. Et qu&rsquo;y-a-t-il de mieux que de partager avec des enfants malades notamment de cancer, des jeunes ne pouvant sortir de leur chambre st\u00e9rile pendant parfois plusieurs mois.<\/p>\n<p style=\"text-align: justify;\">Le projet p\u00e9dagogique men\u00e9 par Ludovic a dur\u00e9 pendant 5 ans. 5 ans durant lesquels, il a pu partager son parcours avec des centaines de jeunes malades, parfois via l&rsquo;envoi d&#8217;emails, de photos, de discussions via web-cam, etc.<\/p>\n<p style=\"text-align: justify;\">Un merveilleux moyen de leur permettre de penser \u00e0 autre chose que leur maladie l&rsquo;espace de quelques minutes ou quelques heures. Plus de d\u00e9tails <a href=\"http:\/\/www.exploring-beyond.com\/home\/tourdumondestop\/pendant\/projetpedagogique\/\">ici<\/a>.<\/p>\n","protected":false},"excerpt":{"rendered":"<p>Un tour du monde change un homme et le tour du monde en stop (2003-2008) a profond\u00e9ment chang\u00e9 Ludovic, lui faisant prendre conscience non seulement de son statut de privil\u00e9gi\u00e9 ayant eu acc\u00e8s \u00e0 une excellente \u00e9ducation mais surtout du r\u00f4le qu&rsquo;il pouvait jouer pour apporter son grain de sable et tenter d\u2019am\u00e9liorer un monde [&hellip;]<\/p>\n","protected":false},"author":1,"featured_media":11541,"parent":6876,"menu_order":0,"comment_status":"open","ping_status":"closed","template":"","meta":{"footnotes":""},"class_list":["post-6887","page","type-page","status-publish","has-post-thumbnail","hentry"],"_links":{"self":[{"href":"https:\/\/exploring-beyond.com\/index.php?rest_route=\/wp\/v2\/pages\/6887","targetHints":{"allow":["GET"]}}],"collection":[{"href":"https:\/\/exploring-beyond.com\/index.php?rest_route=\/wp\/v2\/pages"}],"about":[{"href":"https:\/\/exploring-beyond.com\/index.php?rest_route=\/wp\/v2\/types\/page"}],"author":[{"embeddable":true,"href":"https:\/\/exploring-beyond.com\/index.php?rest_route=\/wp\/v2\/users\/1"}],"replies":[{"embeddable":true,"href":"https:\/\/exploring-beyond.com\/index.php?rest_route=%2Fwp%2Fv2%2Fcomments&post=6887"}],"version-history":[{"count":13,"href":"https:\/\/exploring-beyond.com\/index.php?rest_route=\/wp\/v2\/pages\/6887\/revisions"}],"predecessor-version":[{"id":16855,"href":"https:\/\/exploring-beyond.com\/index.php?rest_route=\/wp\/v2\/pages\/6887\/revisions\/16855"}],"up":[{"embeddable":true,"href":"https:\/\/exploring-beyond.com\/index.php?rest_route=\/wp\/v2\/pages\/6876"}],"wp:featuredmedia":[{"embeddable":true,"href":"https:\/\/exploring-beyond.com\/index.php?rest_route=\/wp\/v2\/media\/11541"}],"wp:attachment":[{"href":"https:\/\/exploring-beyond.com\/index.php?rest_route=%2Fwp%2Fv2%2Fmedia&parent=6887"}],"curies":[{"name":"wp","href":"https:\/\/api.w.org\/{rel}","templated":true}]}}