{"id":6883,"date":"2017-02-19T10:18:24","date_gmt":"2017-02-19T09:18:24","guid":{"rendered":"http:\/\/www.exploring-beyond.com\/?page_id=6883"},"modified":"2019-04-28T17:30:43","modified_gmt":"2019-04-28T15:30:43","slug":"onateste","status":"publish","type":"page","link":"https:\/\/exploring-beyond.com\/?page_id=6883","title":{"rendered":"G\u00e9n\u00e9ralit\u00e9s On a test\u00e9"},"content":{"rendered":"<figure id=\"attachment_11849\" aria-describedby=\"caption-attachment-11849\" style=\"width: 291px\" class=\"wp-caption alignleft\"><a href=\"http:\/\/www.exploring-beyond.com\/wp-content\/uploads\/2017\/02\/activites-enfants.jpeg\"><img loading=\"lazy\" decoding=\"async\" class=\"size-full wp-image-11849\" src=\"http:\/\/www.exploring-beyond.com\/wp-content\/uploads\/2017\/02\/activites-enfants.jpeg\" alt=\"\" width=\"291\" height=\"173\" \/><\/a><figcaption id=\"caption-attachment-11849\" class=\"wp-caption-text\">D\u00e9couverte d&rsquo;activit\u00e9s diverses, pour adultes ou enfants<\/figcaption><\/figure>\n<p style=\"text-align: justify;\">Marisol et moi-m\u00eame adorons test\u00e9 de nouvelles choses : des h\u00f4tels, des restaurants, des activit\u00e9s, etc. Nous vous proposons par cons\u00e9quent cette rubrique dont l&rsquo;objectif est de mettre en avant nos exp\u00e9riences, positives ou n\u00e9gatives.<\/p>\n<p style=\"text-align: justify;\">Afin de faire les choses s\u00e9rieusement et de donner un meilleur aper\u00e7u de nos exp\u00e9riences, les visites r\u00e9alis\u00e9es sont not\u00e9es avec un syst\u00e8me d&rsquo;\u00e9toiles. Selon les cat\u00e9gories, les crit\u00e8res sont diff\u00e9rents.<\/p>\n<p style=\"text-align: justify;\">Selon les cas, les visites r\u00e9alis\u00e9es sont partag\u00e9es avec des amis et\/ou avec nos deux enfants Ana-Laura et Sebastian. Les remarques indiqu\u00e9es ici prennent g\u00e9n\u00e9ralement en compte leurs avis.<\/p>\n<p style=\"text-align: justify;\">Bonne d\u00e9couverte !<\/p>\n","protected":false},"excerpt":{"rendered":"<p>Marisol et moi-m\u00eame adorons test\u00e9 de nouvelles choses : des h\u00f4tels, des restaurants, des activit\u00e9s, etc. Nous vous proposons par cons\u00e9quent cette rubrique dont l&rsquo;objectif est de mettre en avant nos exp\u00e9riences, positives ou n\u00e9gatives. Afin de faire les choses s\u00e9rieusement et de donner un meilleur aper\u00e7u de nos exp\u00e9riences, les visites r\u00e9alis\u00e9es sont not\u00e9es [&hellip;]<\/p>\n","protected":false},"author":1,"featured_media":11846,"parent":0,"menu_order":0,"comment_status":"open","ping_status":"closed","template":"","meta":{"footnotes":""},"class_list":["post-6883","page","type-page","status-publish","has-post-thumbnail","hentry"],"_links":{"self":[{"href":"https:\/\/exploring-beyond.com\/index.php?rest_route=\/wp\/v2\/pages\/6883","targetHints":{"allow":["GET"]}}],"collection":[{"href":"https:\/\/exploring-beyond.com\/index.php?rest_route=\/wp\/v2\/pages"}],"about":[{"href":"https:\/\/exploring-beyond.com\/index.php?rest_route=\/wp\/v2\/types\/page"}],"author":[{"embeddable":true,"href":"https:\/\/exploring-beyond.com\/index.php?rest_route=\/wp\/v2\/users\/1"}],"replies":[{"embeddable":true,"href":"https:\/\/exploring-beyond.com\/index.php?rest_route=%2Fwp%2Fv2%2Fcomments&post=6883"}],"version-history":[{"count":10,"href":"https:\/\/exploring-beyond.com\/index.php?rest_route=\/wp\/v2\/pages\/6883\/revisions"}],"predecessor-version":[{"id":13495,"href":"https:\/\/exploring-beyond.com\/index.php?rest_route=\/wp\/v2\/pages\/6883\/revisions\/13495"}],"wp:featuredmedia":[{"embeddable":true,"href":"https:\/\/exploring-beyond.com\/index.php?rest_route=\/wp\/v2\/media\/11846"}],"wp:attachment":[{"href":"https:\/\/exploring-beyond.com\/index.php?rest_route=%2Fwp%2Fv2%2Fmedia&parent=6883"}],"curies":[{"name":"wp","href":"https:\/\/api.w.org\/{rel}","templated":true}]}}