{"id":6876,"date":"2017-02-19T10:12:55","date_gmt":"2017-02-19T09:12:55","guid":{"rendered":"http:\/\/www.exploring-beyond.com\/?page_id=6876"},"modified":"2020-01-10T17:19:27","modified_gmt":"2020-01-10T16:19:27","slug":"a-propos-de-ludovic-hubler","status":"publish","type":"page","link":"https:\/\/exploring-beyond.com\/?page_id=6876","title":{"rendered":"A propos de Ludovic Hubler"},"content":{"rendered":"<div class=\"vc_row wpb_row vc_row-fluid\">\n<div class=\"wpb_column vc_column_container vc_col-sm-12\">\n<div class=\"wpb_wrapper\">\n<div class=\"wpb_text_column wpb_content_element \">\n<div class=\"vc_separator wpb_content_element vc_separator_align_center vc_sep_width_100 vc_sep_pos_align_center vc_separator_no_text vc_sep_color_grey\">\n<h4 style=\"text-align: center;\"><span style=\"font-size: 12pt;\"><strong>Conf\u00e9rencier international, auteur du best-seller <em>\u00ab Le Monde en Stop, 5 ann\u00e8es \u00e0 l\u2019\u00e9cole de la vie \u00bb, <\/em>Ludovic Hubler est un aventurier humaniste et entrepreneur social. Il a notamment fond\u00e9 l\u2019organisation<em> Travel With A Mission (<\/em>TWAM<em>). <\/em><\/strong><\/span><\/h4>\n<h4 style=\"text-align: center;\"><span style=\"font-size: 12pt;\"><strong>Retour sur un parcours peu banal.<\/strong><\/span><\/h4>\n<p>[mks_separator style=\u00a0\u00bbsolid\u00a0\u00bb height=\u00a0\u00bb2&Prime;]<\/p>\n<figure id=\"attachment_5173\" aria-describedby=\"caption-attachment-5173\" style=\"width: 240px\" class=\"wp-caption alignleft\"><a href=\"http:\/\/www.exploring-beyond.com\/wp-content\/uploads\/2011\/06\/ludoenfant.jpg\"><img loading=\"lazy\" decoding=\"async\" class=\"size-medium wp-image-5173\" src=\"http:\/\/www.exploring-beyond.com\/wp-content\/uploads\/2011\/06\/ludoenfant-240x300.jpg\" alt=\"\" width=\"240\" height=\"300\" srcset=\"https:\/\/exploring-beyond.com\/wp-content\/uploads\/2011\/06\/ludoenfant-240x300.jpg 240w, https:\/\/exploring-beyond.com\/wp-content\/uploads\/2011\/06\/ludoenfant-600x749.jpg 600w, https:\/\/exploring-beyond.com\/wp-content\/uploads\/2011\/06\/ludoenfant-820x1024.jpg 820w, https:\/\/exploring-beyond.com\/wp-content\/uploads\/2011\/06\/ludoenfant-117x146.jpg 117w, https:\/\/exploring-beyond.com\/wp-content\/uploads\/2011\/06\/ludoenfant-40x50.jpg 40w, https:\/\/exploring-beyond.com\/wp-content\/uploads\/2011\/06\/ludoenfant-60x75.jpg 60w\" sizes=\"auto, (max-width: 240px) 100vw, 240px\" \/><\/a><figcaption id=\"caption-attachment-5173\" class=\"wp-caption-text\">Ludovic, 4 ans<\/figcaption><\/figure>\n<\/div>\n<div class=\"vc_separator wpb_content_element vc_separator_align_center vc_sep_width_100 vc_sep_pos_align_center vc_separator_no_text vc_sep_color_grey\">\n<p style=\"text-align: justify;\">N\u00e9 en Lorraine (Bar-le-Duc) en 1977, Ludovic vit une enfance heureuse et sans histoire.<\/p>\n<p style=\"text-align: justify;\">Le 1er janvier 2003, apr\u00e8s avoir obtenu son <a href=\"http:\/\/www.exploring-beyond.com\/etudes\/\">Master Commerce International \u00e0 l\u2019\u00e9cole de Management de Strasbourg (EM Strasbourg)<\/a>, il d\u00e9cide de partir r\u00e9aliser son r\u00eave d\u2019enfant : Le tour du monde en utilisant uniquement le stop sous toutes ses formes (auto, bateau, etc.) pour se d\u00e9placer. <strong>Une aventure unique qui le changera profond\u00e9ment !<\/strong><\/p>\n<p style=\"text-align: justify;\">[mks_separator style=\u00a0\u00bbsolid\u00a0\u00bb height=\u00a0\u00bb0&Prime;]<\/p>\n<\/div>\n<div class=\"vc_separator wpb_content_element vc_separator_align_center vc_sep_width_100 vc_sep_pos_align_center vc_separator_no_text vc_sep_color_grey\"><\/div>\n<div class=\"vc_separator wpb_content_element vc_separator_align_center vc_sep_width_100 vc_sep_pos_align_center vc_separator_no_text vc_sep_color_grey\"><\/div>\n<div class=\"vc_separator wpb_content_element vc_separator_align_center vc_sep_width_100 vc_sep_pos_align_center vc_separator_no_text vc_sep_color_grey\"><\/div>\n<div class=\"vc_separator wpb_content_element vc_separator_align_center vc_sep_width_100 vc_sep_pos_align_center vc_separator_no_text vc_sep_color_grey\"><\/div>\n<div class=\"vc_separator wpb_content_element vc_separator_align_center vc_sep_width_100 vc_sep_pos_align_center vc_separator_no_text vc_sep_color_grey\"><\/div>\n<div class=\"vc_separator wpb_content_element vc_separator_align_center vc_sep_width_100 vc_sep_pos_align_center vc_separator_no_text vc_sep_color_grey\"><\/div>\n<div class=\"vc_separator wpb_content_element vc_separator_align_center vc_sep_width_100 vc_sep_pos_align_center vc_separator_no_text vc_sep_color_grey\"><\/div>\n<table style=\"height: 34px; border-color: #0d0c0c; background-color: #62627a;\" width=\"1034\">\n<tbody>\n<tr style=\"height: 24.5667px;\">\n<td style=\"width: 1024px; height: 24.5667px; text-align: center;\"><span style=\"font-size: 18pt; color: #ffffff;\"><strong>Aventurier\/voyageur<\/strong><\/span><\/td>\n<\/tr>\n<\/tbody>\n<\/table>\n<div class=\"vc_separator wpb_content_element vc_separator_align_center vc_sep_width_100 vc_sep_pos_align_center vc_separator_no_text vc_sep_color_grey\"><\/div>\n<div class=\"wpb_column vc_column_container vc_col-sm-6\">\n<div class=\"wpb_single_image wpb_content_element vc_align_left\"><\/div>\n<div style=\"text-align: justify;\">\n<figure id=\"attachment_7806\" aria-describedby=\"caption-attachment-7806\" style=\"width: 300px\" class=\"wp-caption alignleft\"><a href=\"http:\/\/www.exploring-beyond.com\/wp-content\/uploads\/2017\/02\/Ensituation.jpg\"><img loading=\"lazy\" decoding=\"async\" class=\"size-medium wp-image-7806\" src=\"http:\/\/www.exploring-beyond.com\/wp-content\/uploads\/2017\/02\/Ensituation-300x197.jpg\" alt=\"\" width=\"300\" height=\"197\" srcset=\"https:\/\/exploring-beyond.com\/wp-content\/uploads\/2017\/02\/Ensituation-300x197.jpg 300w, https:\/\/exploring-beyond.com\/wp-content\/uploads\/2017\/02\/Ensituation-768x504.jpg 768w, https:\/\/exploring-beyond.com\/wp-content\/uploads\/2017\/02\/Ensituation-1024x672.jpg 1024w, https:\/\/exploring-beyond.com\/wp-content\/uploads\/2017\/02\/Ensituation-1134x742.jpg 1134w, https:\/\/exploring-beyond.com\/wp-content\/uploads\/2017\/02\/Ensituation-130x86.jpg 130w, https:\/\/exploring-beyond.com\/wp-content\/uploads\/2017\/02\/Ensituation-187x124.jpg 187w, https:\/\/exploring-beyond.com\/wp-content\/uploads\/2017\/02\/Ensituation-990x650.jpg 990w, https:\/\/exploring-beyond.com\/wp-content\/uploads\/2017\/02\/Ensituation.jpg 400w\" sizes=\"auto, (max-width: 300px) 100vw, 300px\" \/><\/a><figcaption id=\"caption-attachment-7806\" class=\"wp-caption-text\">Auto-stop au Br\u00e9sil<\/figcaption><\/figure>\n<p><a href=\"http:\/\/www.exploring-beyond.com\/defis\/defi-2003-2008-le-tour-du-monde-en-stop\/\">Ce tour du monde<\/a> fut une aventure exceptionnelle lui permettant de parcourir 170.000 Kms \u00e0 travers 59 pays gr\u00e2ce \u00e0 l\u2019aide de 1.300 conducteurs. Voilier-stop pour traverser les oc\u00e9ans, brise-glace-stop pour se rendre en Antarctique, travers\u00e9es de d\u00e9serts (Sahara, Gobi, Patagonie, Atacama, etc.), de pays difficiles (Afghanistan, Colombie, etc.), Ludovic a test\u00e9 son pouce dans toutes les situations possibles et imaginables.<\/p>\n<\/div>\n<div style=\"text-align: justify;\">Suite \u00e0 cette aventure, <a href=\"http:\/\/www.exploring-beyond.com\/defis\/defi-2009-ecriture-dun-livre\/\">un livre fut publi\u00e9<\/a> sur son aventure. Traduit en plusieurs langues, il a notamment re\u00e7u le Prix Pierre Loti 2010 r\u00e9compensant le meilleur r\u00e9cit de voyage de l\u2019ann\u00e9e 2009.<\/div>\n<div style=\"text-align: justify;\"><\/div>\n<div style=\"text-align: justify;\">Au-del\u00e0 de cette aventure singuli\u00e8re, Ludovic se fixe r\u00e9guli\u00e8rement de <a href=\"http:\/\/www.exploring-beyond.com\/defis\/\">nombreux challenges<\/a> de toutes sortes : <a href=\"http:\/\/www.exploring-beyond.com\/mon-premier-marathon\/\">Marathon<\/a>, <a href=\"http:\/\/www.exploring-beyond.com\/defi-2015-strasbourg-eze-1287-kms-a-velo-pour-promouvoir-twam\/\">travers\u00e9e de la France \u00e0 v\u00e9lo<\/a>, ascension du Mont-Blanc, etc. Il profite de ces challenges pour promouvoir <a href=\"http:\/\/www.travelwithamission.org\">Travel With A Mission<\/a>, l&rsquo;organisation \u00e0 but non lucratif qu&rsquo;il a fond\u00e9e.<\/div>\n<div style=\"text-align: justify;\"><\/div>\n<\/div>\n<\/div>\n<\/div>\n<div style=\"text-align: justify;\">Plus de d\u00e9tails <a href=\"http:\/\/www.exploring-beyond.com\/apropos\/aproposlh\/aventurier\/\">ici<\/a>.<\/div>\n<div class=\"wpb_wrapper\">\n<div class=\"wpb_text_column wpb_content_element \">\n<div class=\"wpb_column vc_column_container vc_col-sm-6\">\n<div style=\"text-align: justify;\"><\/div>\n<div style=\"text-align: justify;\">[mks_separator style=\u00a0\u00bbsolid\u00a0\u00bb height=\u00a0\u00bb0&Prime;]<\/div>\n<div style=\"text-align: justify;\"><\/div>\n<p style=\"text-align: justify;\">\n<\/div>\n<\/div>\n<\/div>\n<\/div>\n<div class=\"wpb_column vc_column_container vc_col-sm-12\">\n<div class=\"wpb_wrapper\">\n<div class=\"wpb_text_column wpb_content_element \">\n<div class=\"wpb_column vc_column_container vc_col-sm-6\">\n<table style=\"height: 25px; background-color: #62627a; border-color: #000000;\" width=\"1042\">\n<tbody>\n<tr>\n<td style=\"width: 1032px; text-align: center;\"><span style=\"color: #ffffff; font-size: 18pt;\"><strong>Change Maker<\/strong><\/span><\/td>\n<\/tr>\n<\/tbody>\n<\/table>\n<div style=\"text-align: justify;\">\n<figure id=\"attachment_11450\" aria-describedby=\"caption-attachment-11450\" style=\"width: 300px\" class=\"wp-caption alignleft\"><a href=\"http:\/\/www.exploring-beyond.com\/wp-content\/uploads\/2017\/03\/ludo_twam.jpg\"><img loading=\"lazy\" decoding=\"async\" class=\"wp-image-11450 size-medium\" src=\"http:\/\/www.exploring-beyond.com\/wp-content\/uploads\/2017\/03\/ludo_twam-300x199.jpg\" alt=\"\" width=\"300\" height=\"199\" srcset=\"https:\/\/exploring-beyond.com\/wp-content\/uploads\/2017\/03\/ludo_twam-300x200.jpg 300w, https:\/\/exploring-beyond.com\/wp-content\/uploads\/2017\/03\/ludo_twam-600x397.jpg 600w, https:\/\/exploring-beyond.com\/wp-content\/uploads\/2017\/03\/ludo_twam-768x508.jpg 768w, https:\/\/exploring-beyond.com\/wp-content\/uploads\/2017\/03\/ludo_twam-1024x678.jpg 1024w, https:\/\/exploring-beyond.com\/wp-content\/uploads\/2017\/03\/ludo_twam-414x276.jpg 414w, https:\/\/exploring-beyond.com\/wp-content\/uploads\/2017\/03\/ludo_twam-470x313.jpg 470w, https:\/\/exploring-beyond.com\/wp-content\/uploads\/2017\/03\/ludo_twam-640x426.jpg 640w, https:\/\/exploring-beyond.com\/wp-content\/uploads\/2017\/03\/ludo_twam-130x86.jpg 130w, https:\/\/exploring-beyond.com\/wp-content\/uploads\/2017\/03\/ludo_twam-187x124.jpg 187w, https:\/\/exploring-beyond.com\/wp-content\/uploads\/2017\/03\/ludo_twam-990x655.jpg 990w, https:\/\/exploring-beyond.com\/wp-content\/uploads\/2017\/03\/ludo_twam.jpg 1280w\" sizes=\"auto, (max-width: 300px) 100vw, 300px\" \/><\/a><figcaption id=\"caption-attachment-11450\" class=\"wp-caption-text\">Fondateur de TWAM<\/figcaption><\/figure>\n<\/div>\n<div style=\"text-align: justify;\"><\/div>\n<div style=\"text-align: justify;\">Un tour du monde change un homme et Ludovic fut profond\u00e9ment chang\u00e9 par ce tour du monde. Pendant les 5 ann\u00e9es de son aventure, il a notamment v\u00e9cu plusieurs semaines dans des bidonvilles et partag\u00e9 le quotidien de nombreuses populations d\u00e9favoris\u00e9es. Il a aussi organis\u00e9 des <a href=\"http:\/\/www.exploring-beyond.com\/home\/tourdumondestop\/pendant\/journees-de-rencontre-ong-2\/\">journ\u00e9es de rencontre entre ONG<\/a>, d\u00e9velopp\u00e9 un <a href=\"http:\/\/www.exploring-beyond.com\/home\/tourdumondestop\/pendant\/projetpedagogique\/\">projet p\u00e9dagogique avec les enfants malades de l\u2019h\u00f4pital de Strasbourg<\/a> et <a href=\"http:\/\/www.exploring-beyond.com\/home\/tourdumondestop\/pendant\/partage2conferences\/\">donn\u00e9 plus de 350 conf\u00e9rences durant son parcours<\/a>, <a href=\"http:\/\/www.lhspeaking.com\">suivies de bien d\u2019autres par la suite<\/a>.<\/div>\n<div style=\"text-align: justify;\"><\/div>\n<div style=\"text-align: justify;\">Ne pouvant rester insensible face aux situations v\u00e9cues, il a pris le chemin de l\u2019engagement soci\u00e9tal. Tout d\u2019abord avec l\u2019ONG \u00ab <em>Ligne verte, terre de Paix<\/em> \u00bb puis en int\u00e9grant l\u2019ONG \u00ab <em>Peace and Sport<\/em> \u00bb sous le Haut-Patronage de S.A.S le Prince Albert de Monaco, en tant que responsable du d\u00e9partement des projets sur zone. D\u00e9but 2014, Ludovic a quitt\u00e9 \u00ab <em>L\u2019Organisation pour la Paix par le Sport<\/em> \u00bb pour d\u00e9velopper un projet qui lui tenait \u00e0 c\u0153ur : <strong>Travel With A Mission<\/strong>, cherchant \u00e0 favoriser le dialogue interculturel et l\u2019acc\u00e8s \u00e0 l\u2019\u00e9ducation \u00e0 travers le monde.<\/div>\n<div style=\"text-align: justify;\"><\/div>\n<div style=\"text-align: justify;\">Plus de d\u00e9tails <a href=\"http:\/\/www.exploring-beyond.com\/apropos\/aproposlh\/engagement\/\">ici<\/a>.<\/div>\n<\/div>\n<div style=\"text-align: justify;\">\n<div style=\"text-align: justify;\">Retrouvez <a href=\"https:\/\/exploring-beyond.com\/apropos\/distinctions\/\">ici<\/a> un r\u00e9sum\u00e9 des distinctions re\u00e7ues.<\/div>\n<div class=\"wpb_wrapper\"><\/div>\n<\/div>\n<\/div>\n<\/div>\n<div style=\"text-align: justify;\">[mks_separator style=\u00a0\u00bbsolid\u00a0\u00bb height=\u00a0\u00bb0&Prime;]<\/div>\n<\/div>\n<div style=\"text-align: justify;\"><\/div>\n<div class=\"wpb_column vc_column_container vc_col-sm-12\">\n<div class=\"wpb_wrapper\">\n<div class=\"wpb_text_column wpb_content_element \">\n<div class=\"wpb_column vc_column_container vc_col-sm-6\">\n<table style=\"height: 46px; background-color: #62627a; border-color: #000000;\" width=\"1051\">\n<tbody>\n<tr style=\"height: 36.5667px;\">\n<td style=\"width: 1041px; text-align: center; height: 36.5667px;\"><strong><span style=\"font-size: 18pt; color: #ffffff;\">Conf\u00e9rencier<\/span><\/strong><\/td>\n<\/tr>\n<\/tbody>\n<\/table>\n<div style=\"text-align: justify;\">\n<figure id=\"attachment_10358\" aria-describedby=\"caption-attachment-10358\" style=\"width: 300px\" class=\"wp-caption alignleft\"><a href=\"http:\/\/www.exploring-beyond.com\/wp-content\/uploads\/2017\/02\/sxh0112a.jpg\"><img loading=\"lazy\" decoding=\"async\" class=\"size-medium wp-image-10358\" src=\"http:\/\/www.exploring-beyond.com\/wp-content\/uploads\/2017\/02\/sxh0112a-300x194.jpg\" alt=\"\" width=\"300\" height=\"194\" srcset=\"https:\/\/exploring-beyond.com\/wp-content\/uploads\/2017\/02\/sxh0112a-300x194.jpg 300w, https:\/\/exploring-beyond.com\/wp-content\/uploads\/2017\/02\/sxh0112a-600x388.jpg 600w, https:\/\/exploring-beyond.com\/wp-content\/uploads\/2017\/02\/sxh0112a-768x497.jpg 768w, https:\/\/exploring-beyond.com\/wp-content\/uploads\/2017\/02\/sxh0112a-1024x662.jpg 1024w, https:\/\/exploring-beyond.com\/wp-content\/uploads\/2017\/02\/sxh0112a-990x640.jpg 990w, https:\/\/exploring-beyond.com\/wp-content\/uploads\/2017\/02\/sxh0112a-1320x853.jpg 1320w, https:\/\/exploring-beyond.com\/wp-content\/uploads\/2017\/02\/sxh0112a.jpg 986w\" sizes=\"auto, (max-width: 300px) 100vw, 300px\" \/><\/a><figcaption id=\"caption-attachment-10358\" class=\"wp-caption-text\">Conf\u00e9rence \u00e0 Nanjing, Chine<\/figcaption><\/figure>\n<p>Le voyage est la passion de Ludovic. Le partage son moteur. Depuis 2003, Ludovic a partag\u00e9 les apprentissages de son parcours via plus de 800 conf\u00e9rences, <a href=\"http:\/\/www.exploring-beyond.com\/home\/tourdumondestop\/pendant\/partage2conferences\/\">350 pendant le tour<\/a>, le reste apr\u00e8s.<\/p>\n<\/div>\n<div style=\"text-align: justify;\">Ces conf\u00e9rences peuvent prendre des formes diff\u00e9rentes selon les publics propos\u00e9s.<\/div>\n<div style=\"text-align: justify;\"><\/div>\n<div style=\"text-align: justify;\">Il intervient sur le th\u00e8me \u00ab <em>Le tour du monde en stop : Un exemple de leadership et de motivation<\/em> \u00bb dans les entreprises. Sur le th\u00e8me \u00ab <em>La Paix est possible<\/em> \u00bb insistant sur sa vision du monde pour le grand public et sur le th\u00e8me \u00ab <em>Conna\u00eetre et comprendre le monde qui nous entoure<\/em> \u00bb dans les \u00e9coles et autres institutions pour encourager les plus jeunes \u00e0 s\u2019ouvrir au monde qui les entoure.<\/div>\n<div style=\"text-align: justify;\">Dans un autre registre, il intervient aussi sur les th\u00e8mes \u00ab <em>Voyager, c\u2019est bien. Voyager utile, c\u2019est mieux<\/em> \u00bb ainsi que sur la th\u00e9matique \u00ab <em>15 d\u00e9fis plan\u00e9taires, 15 ans pour y faire face<\/em> \u00bb pour sensibiliser aux d\u00e9fis plan\u00e9taires.<\/div>\n<div style=\"text-align: justify;\"><\/div>\n<\/div>\n<div style=\"text-align: justify;\">Plus de d\u00e9tails <a href=\"http:\/\/www.lhspeaking.com\">ici<\/a>.<\/div>\n<\/div>\n<p><br style=\"text-align: justify;\" \/><\/p>\n<div style=\"text-align: justify;\"><\/div>\n<\/div>\n<\/div>\n<div class=\"wpb_column vc_column_container vc_col-sm-12\">\n<div class=\"wpb_wrapper\">\n<div class=\"wpb_text_column wpb_content_element \">\n<div class=\"wpb_column vc_column_container vc_col-sm-6\">\n<div class=\"wpb_single_image wpb_content_element vc_align_left\">\n<div class=\"wpb_wrapper\">\n<div class=\"vc_single_image-wrapper vc_box_border_grey\">\n<div class=\"wpb_column vc_column_container vc_col-sm-6\">\n<div class=\"wpb_wrapper\">\n<div class=\"wpb_single_image wpb_content_element vc_align_left\">\n<div class=\"wpb_wrapper\">\n<div class=\"vc_single_image-wrapper vc_box_border_grey\">\n<div class=\"wpb_column vc_column_container vc_col-sm-6\">\n<div class=\"wpb_wrapper\">\n<div class=\"wpb_single_image wpb_content_element vc_align_left\">\n<div class=\"wpb_wrapper\">\n<div class=\"vc_single_image-wrapper vc_box_border_grey\">\n<div class=\"wpb_column vc_column_container vc_col-sm-6\">\n<div class=\"wpb_wrapper\">\n<div class=\"wpb_single_image wpb_content_element vc_align_left\">\n<div class=\"wpb_wrapper\">\n<div class=\"vc_single_image-wrapper vc_box_border_grey\">\n<table style=\"height: 42px; border-color: #000000; background-color: #62627a;\" width=\"1054\">\n<tbody>\n<tr>\n<td style=\"width: 1044px; text-align: center;\"><strong><span style=\"color: #ffffff; font-size: 18pt;\">Auteur<\/span><\/strong><\/td>\n<\/tr>\n<\/tbody>\n<\/table>\n<\/div>\n<\/div>\n<\/div>\n<\/div>\n<\/div>\n<\/div>\n<\/div>\n<\/div>\n<\/div>\n<\/div>\n<\/div>\n<\/div>\n<\/div>\n<\/div>\n<\/div>\n<\/div>\n<\/div>\n<\/div>\n<div class=\"wpb_text_column wpb_content_element \">\n<div class=\"wpb_wrapper\">\n<div style=\"text-align: justify;\">\n<figure id=\"attachment_11453\" aria-describedby=\"caption-attachment-11453\" style=\"width: 300px\" class=\"wp-caption alignleft\"><a href=\"http:\/\/www.exploring-beyond.com\/wp-content\/uploads\/2017\/03\/dedicaceauchan-600x300.jpg\"><img loading=\"lazy\" decoding=\"async\" class=\"size-medium wp-image-11453\" src=\"http:\/\/www.exploring-beyond.com\/wp-content\/uploads\/2017\/03\/dedicaceauchan-600x300-300x150.jpg\" alt=\"\" width=\"300\" height=\"150\" srcset=\"https:\/\/exploring-beyond.com\/wp-content\/uploads\/2017\/03\/dedicaceauchan-600x300-300x150.jpg 300w, https:\/\/exploring-beyond.com\/wp-content\/uploads\/2017\/03\/dedicaceauchan-600x300.jpg 600w\" sizes=\"auto, (max-width: 300px) 100vw, 300px\" \/><\/a><figcaption id=\"caption-attachment-11453\" class=\"wp-caption-text\">S\u00e9ance de d\u00e9dicace<\/figcaption><\/figure>\n<p>Ludovic est l\u2019auteur du livre \u00ab <em>Le Monde en Stop, 5 ann\u00e9es \u00e0 l\u2019\u00e9cole de la vie<\/em>\u00ab , un best-seller, traduit en plusieurs langues, sorti aux \u00e9ditions POCKET et ayant re\u00e7u le Prix Pierre Loti 2010 r\u00e9compensant le meilleur r\u00e9cit de voyage de l\u2019ann\u00e9e 2009.<\/p>\n<\/div>\n<div style=\"text-align: justify;\">Ce r\u00e9cit r\u00e9sume les 5 ann\u00e9es de Ludovic \u00e0 travers le monde. Il transporte le lecteur sur un tapis volant aux 4 coins du monde et lui permet d\u2019\u00e9voluer aux c\u00f4t\u00e9s de l\u2019auteur \u00e0 travers ses exp\u00e9riences, rencontres mais surtout apprentissages. Disponible <a href=\"http:\/\/www.exploring-beyond.com\/boutique\/\">ici<\/a>.<\/div>\n<div style=\"text-align: justify;\"><\/div>\n<\/div>\n<div style=\"text-align: justify;\">[mks_separator style=\u00a0\u00bbsolid\u00a0\u00bb height=\u00a0\u00bb0&Prime;]<\/div>\n<\/div>\n<div class=\"wpb_text_column wpb_content_element \"><\/div>\n<\/div>\n<\/div>\n<div class=\"wpb_column vc_column_container vc_col-sm-6\"><\/div>\n<\/div>\n<\/div>\n<\/div>\n<div class=\"vc_row wpb_row vc_row-fluid\">\n<div class=\"wpb_column vc_column_container vc_col-sm-6\">\n<div class=\"wpb_wrapper\">\n<div class=\"wpb_text_column wpb_content_element \">\n<div class=\"wpb_wrapper\">\n<table style=\"height: 45px; background-color: #62627a; border-color: #000000;\" width=\"1056\">\n<tbody>\n<tr>\n<td style=\"width: 1046px; text-align: center;\"><span style=\"font-size: 18pt;\"><strong><span style=\"color: #ffffff;\">Mari et P\u00e8re<\/span><\/strong><\/span><\/td>\n<\/tr>\n<\/tbody>\n<\/table>\n<div class=\"wpb_column vc_column_container vc_col-sm-6\">\n<div class=\"wpb_wrapper\">\n<figure id=\"attachment_5332\" aria-describedby=\"caption-attachment-5332\" style=\"width: 300px\" class=\"wp-caption alignleft\"><a href=\"http:\/\/www.exploring-beyond.com\/wp-content\/uploads\/2011\/06\/mariagereligieux12.jpg\"><img loading=\"lazy\" decoding=\"async\" class=\"size-medium wp-image-5332\" src=\"http:\/\/www.exploring-beyond.com\/wp-content\/uploads\/2011\/06\/mariagereligieux12-300x200.jpg\" alt=\"\" width=\"300\" height=\"200\" srcset=\"https:\/\/exploring-beyond.com\/wp-content\/uploads\/2011\/06\/mariagereligieux12-300x200.jpg 300w, https:\/\/exploring-beyond.com\/wp-content\/uploads\/2011\/06\/mariagereligieux12-600x400.jpg 600w, https:\/\/exploring-beyond.com\/wp-content\/uploads\/2011\/06\/mariagereligieux12-219x146.jpg 219w, https:\/\/exploring-beyond.com\/wp-content\/uploads\/2011\/06\/mariagereligieux12-50x33.jpg 50w, https:\/\/exploring-beyond.com\/wp-content\/uploads\/2011\/06\/mariagereligieux12.jpg 676w, https:\/\/exploring-beyond.com\/wp-content\/uploads\/2011\/06\/mariagereligieux12-112x75.jpg 112w\" sizes=\"auto, (max-width: 300px) 100vw, 300px\" \/><\/a><figcaption id=\"caption-attachment-5332\" class=\"wp-caption-text\">Panama, 6 f\u00e9vrier 2010<\/figcaption><\/figure>\n<\/div>\n<div class=\"wpb_wrapper\"><\/div>\n<div class=\"wpb_wrapper\"><\/div>\n<div class=\"wpb_wrapper\"><\/div>\n<div class=\"wpb_wrapper\" style=\"text-align: justify;\">Au-del\u00e0 de ses activit\u00e9s, Ludovic est mari et p\u00e8re d\u2019une petite Ana-Laura (n\u00e9e en 2012) et d&rsquo;un petit Sebastian (n\u00e9 en 2016). Son \u00e9pouse, Marisol, Panam\u00e9enne, est juriste \u00e0 Monaco. Ils se sont rencontr\u00e9s pendant le tour du monde de Ludovic.<\/div>\n<div class=\"wpb_wrapper\" style=\"text-align: justify;\"><\/div>\n<\/div>\n<\/div>\n<div class=\"wpb_wrapper\" style=\"text-align: justify;\">Plus de d\u00e9tails <a href=\"http:\/\/www.exploring-beyond.com\/mari-et-pere\/\">ici<\/a>.<\/div>\n<div class=\"wpb_wrapper\">\n<div class=\"wpb_column vc_column_container vc_col-sm-6\"><\/div>\n<div class=\"wpb_wrapper\" style=\"text-align: justify;\">[mks_separator style=\u00a0\u00bbsolid\u00a0\u00bb height=\u00a0\u00bb0&Prime;]<\/div>\n<\/div>\n<\/div>\n<\/div>\n<\/div>\n<\/div>\n","protected":false},"excerpt":{"rendered":"<p>Conf\u00e9rencier international, auteur du best-seller \u00ab Le Monde en Stop, 5 ann\u00e8es \u00e0 l\u2019\u00e9cole de la vie \u00bb, Ludovic Hubler est un aventurier humaniste et entrepreneur social. Il a notamment fond\u00e9 l\u2019organisation Travel With A Mission (TWAM). Retour sur un parcours peu banal. [mks_separator style=\u00a0\u00bbsolid\u00a0\u00bb height=\u00a0\u00bb2&Prime;] N\u00e9 en Lorraine (Bar-le-Duc) en 1977, Ludovic vit une [&hellip;]<\/p>\n","protected":false},"author":1,"featured_media":7581,"parent":6054,"menu_order":0,"comment_status":"open","ping_status":"closed","template":"","meta":{"footnotes":""},"class_list":["post-6876","page","type-page","status-publish","has-post-thumbnail","hentry"],"_links":{"self":[{"href":"https:\/\/exploring-beyond.com\/index.php?rest_route=\/wp\/v2\/pages\/6876","targetHints":{"allow":["GET"]}}],"collection":[{"href":"https:\/\/exploring-beyond.com\/index.php?rest_route=\/wp\/v2\/pages"}],"about":[{"href":"https:\/\/exploring-beyond.com\/index.php?rest_route=\/wp\/v2\/types\/page"}],"author":[{"embeddable":true,"href":"https:\/\/exploring-beyond.com\/index.php?rest_route=\/wp\/v2\/users\/1"}],"replies":[{"embeddable":true,"href":"https:\/\/exploring-beyond.com\/index.php?rest_route=%2Fwp%2Fv2%2Fcomments&post=6876"}],"version-history":[{"count":26,"href":"https:\/\/exploring-beyond.com\/index.php?rest_route=\/wp\/v2\/pages\/6876\/revisions"}],"predecessor-version":[{"id":16503,"href":"https:\/\/exploring-beyond.com\/index.php?rest_route=\/wp\/v2\/pages\/6876\/revisions\/16503"}],"up":[{"embeddable":true,"href":"https:\/\/exploring-beyond.com\/index.php?rest_route=\/wp\/v2\/pages\/6054"}],"wp:featuredmedia":[{"embeddable":true,"href":"https:\/\/exploring-beyond.com\/index.php?rest_route=\/wp\/v2\/media\/7581"}],"wp:attachment":[{"href":"https:\/\/exploring-beyond.com\/index.php?rest_route=%2Fwp%2Fv2%2Fmedia&parent=6876"}],"curies":[{"name":"wp","href":"https:\/\/api.w.org\/{rel}","templated":true}]}}