{"id":6054,"date":"2015-10-27T13:00:04","date_gmt":"2015-10-27T12:00:04","guid":{"rendered":"http:\/\/www.exploring-beyond.com\/?page_id=6054"},"modified":"2019-04-28T14:49:39","modified_gmt":"2019-04-28T12:49:39","slug":"apropos","status":"publish","type":"page","link":"https:\/\/exploring-beyond.com\/?page_id=6054","title":{"rendered":"A propos"},"content":{"rendered":"<p>[vc_row][vc_column width=\u00a0\u00bb1\/4&Prime;][\/vc_column][vc_column width=\u00a0\u00bb3\/4&Prime;][vc_column_text]<\/p>\n<h1>Pourquoi Exploring beyond ?<\/h1>\n<p>[\/vc_column_text][\/vc_column][\/vc_row][vc_row][vc_column width=\u00a0\u00bb1\/4&Prime;][\/vc_column][vc_column width=\u00a0\u00bb3\/4&Prime;][vc_separator color=\u00a0\u00bbblack\u00a0\u00bb border_width=\u00a0\u00bb8&Prime;][\/vc_column][\/vc_row][vc_row][vc_column width=\u00a0\u00bb1\/4&Prime;][\/vc_column][vc_column width=\u00a0\u00bb3\/4&Prime;][vc_column_text]<\/p>\n<p style=\"text-align: justify;\">Le blog Exploring Beyond est le blog de <a href=\"http:\/\/www.ludovichubler.com\">Ludovic Hubler<\/a>. Il vient en compl\u00e9ment du site <a href=\"http:\/\/www.ludovichubler.com\">www.ludovichubler.com<\/a> pr\u00e9sentant ses activit\u00e9s et du site <a href=\"http:\/\/www.lemondeenstop.com\">www.lemondeenstop.com<\/a> donnant tous les d\u00e9tails de son tour du monde en stop (2003-2008).<\/p>\n<p style=\"text-align: justify;\"><strong>Pourquoi Exploring beyond ?<\/strong><\/p>\n<p style=\"text-align: justify;\">De l&rsquo;anglais \u00ab\u00a0Explorer plus loin\u00a0\u00bb, Exploring beyond s&rsquo;int\u00e9resse \u00e0 3 facettes :<\/p>\n<p>[\/vc_column_text][\/vc_column][\/vc_row][vc_row][vc_column width=\u00a0\u00bb1\/4&Prime;][vc_single_image image=\u00a0\u00bb6674&Prime; img_size=\u00a0\u00bbfull\u00a0\u00bb style=\u00a0\u00bbvc_box_rounded\u00a0\u00bb][\/vc_column][vc_column width=\u00a0\u00bb3\/4&Prime;][vc_column_text]<\/p>\n<p style=\"text-align: justify;\">&#8211; \u00ab\u00a0<em>Exploring beyond the other side of the hill<\/em>\u00a0\u00bb (<strong>Traduction<\/strong> : Explorer de l&rsquo;autre c\u00f4t\u00e9 de la vall\u00e9e). Le voyage est ma passion.\u00a0Le partage mon moteur. J&rsquo;encourage le monde \u00e0 d\u00e9couvrir ce qui se passe ailleurs et partage ici mes d\u00e9couvertes et rencontres.<\/p>\n<p>[\/vc_column_text][\/vc_column][\/vc_row][vc_row][vc_column width=\u00a0\u00bb1\/4&Prime;][vc_single_image image=\u00a0\u00bb6676&Prime; img_size=\u00a0\u00bbfull\u00a0\u00bb style=\u00a0\u00bbvc_box_rounded\u00a0\u00bb][\/vc_column][vc_column width=\u00a0\u00bb3\/4&Prime;][vc_column_text]<\/p>\n<p style=\"text-align: justify;\">&#8211; \u00ab\u00a0<em>Exploring beyond yourself<\/em>\u00a0\u00bb (<strong>Traduction<\/strong> : Explorer au-del\u00e0 de soi-m\u00eame). Un tour du monde change un homme et nul doute que le tour du monde en stop que j&rsquo;ai r\u00e9alis\u00e9 entre 2003 et 2008 m&rsquo;a profond\u00e9ment chang\u00e9. Il m&rsquo;a notamment plus ouvert vers les autres, ce que j&rsquo;encourage aussi via ce blog et mes conf\u00e9rences.<\/p>\n<p>[\/vc_column_text][\/vc_column][\/vc_row][vc_row][vc_column width=\u00a0\u00bb1\/4&Prime;][vc_single_image image=\u00a0\u00bb6673&Prime; img_size=\u00a0\u00bbfull\u00a0\u00bb style=\u00a0\u00bbvc_box_rounded\u00a0\u00bb][\/vc_column][vc_column width=\u00a0\u00bb3\/4&Prime;][vc_column_text]<\/p>\n<p style=\"text-align: justify;\">&#8211; \u00ab\u00a0<em>Exploring beyond your comfort zone<\/em>\u00a0\u00bb (<strong>Traduction<\/strong> : Explorer au-del\u00e0 de sa zone de confort) : R\u00e9aliser ses r\u00eaver, aller au bout de ses id\u00e9es, se d\u00e9velopper personnellement. Autant de notions qui me sont ch\u00e8res.<\/p>\n<p>[\/vc_column_text][\/vc_column][\/vc_row][vc_row][vc_column width=\u00a0\u00bb1\/4&Prime;][\/vc_column][vc_column width=\u00a0\u00bb3\/4&Prime;][vc_column_text]<\/p>\n<p style=\"text-align: justify;\">Vous retrouverez par cons\u00e9quent ici diff\u00e9rents types d&rsquo;articles, li\u00e9s parfois au d\u00e9veloppement personnel, parfois \u00e0 l&rsquo;\u00e9tat du monde, parfois au monde du d\u00e9veloppement et de la paix, parfois \u00e0 mes d\u00e9couvertes en voyage ou tout simplement parfois \u00e0 mes actualit\u00e9s (conf\u00e9rences, d\u00e9dicaces, etc.). Un vaste programme !<\/p>\n<p>[\/vc_column_text][\/vc_column][\/vc_row]<\/p>\n","protected":false},"excerpt":{"rendered":"<p>[vc_row][vc_column width=\u00a0\u00bb1\/4&Prime;][\/vc_column][vc_column width=\u00a0\u00bb3\/4&Prime;][vc_column_text] Pourquoi Exploring beyond ? [\/vc_column_text][\/vc_column][\/vc_row][vc_row][vc_column width=\u00a0\u00bb1\/4&Prime;][\/vc_column][vc_column width=\u00a0\u00bb3\/4&Prime;][vc_separator color=\u00a0\u00bbblack\u00a0\u00bb border_width=\u00a0\u00bb8&Prime;][\/vc_column][\/vc_row][vc_row][vc_column width=\u00a0\u00bb1\/4&Prime;][\/vc_column][vc_column width=\u00a0\u00bb3\/4&Prime;][vc_column_text] Le blog Exploring Beyond est le blog de Ludovic Hubler. Il vient en compl\u00e9ment du site www.ludovichubler.com pr\u00e9sentant ses activit\u00e9s et du site www.lemondeenstop.com donnant tous les d\u00e9tails de son tour du monde en stop (2003-2008). Pourquoi Exploring beyond ? De [&hellip;]<\/p>\n","protected":false},"author":1,"featured_media":0,"parent":0,"menu_order":0,"comment_status":"open","ping_status":"closed","template":"","meta":{"footnotes":""},"class_list":["post-6054","page","type-page","status-publish","hentry"],"_links":{"self":[{"href":"https:\/\/exploring-beyond.com\/index.php?rest_route=\/wp\/v2\/pages\/6054","targetHints":{"allow":["GET"]}}],"collection":[{"href":"https:\/\/exploring-beyond.com\/index.php?rest_route=\/wp\/v2\/pages"}],"about":[{"href":"https:\/\/exploring-beyond.com\/index.php?rest_route=\/wp\/v2\/types\/page"}],"author":[{"embeddable":true,"href":"https:\/\/exploring-beyond.com\/index.php?rest_route=\/wp\/v2\/users\/1"}],"replies":[{"embeddable":true,"href":"https:\/\/exploring-beyond.com\/index.php?rest_route=%2Fwp%2Fv2%2Fcomments&post=6054"}],"version-history":[{"count":13,"href":"https:\/\/exploring-beyond.com\/index.php?rest_route=\/wp\/v2\/pages\/6054\/revisions"}],"predecessor-version":[{"id":13480,"href":"https:\/\/exploring-beyond.com\/index.php?rest_route=\/wp\/v2\/pages\/6054\/revisions\/13480"}],"wp:attachment":[{"href":"https:\/\/exploring-beyond.com\/index.php?rest_route=%2Fwp%2Fv2%2Fmedia&parent=6054"}],"curies":[{"name":"wp","href":"https:\/\/api.w.org\/{rel}","templated":true}]}}