{"id":4276,"date":"2015-08-10T01:05:43","date_gmt":"2015-08-09T23:05:43","guid":{"rendered":"http:\/\/dev.ludovichubler.com\/?page_id=4276"},"modified":"2019-05-01T12:30:54","modified_gmt":"2019-05-01T10:30:54","slug":"voyages","status":"publish","type":"page","link":"https:\/\/exploring-beyond.com\/?page_id=4276","title":{"rendered":"Voyages d&rsquo;hier et d&rsquo;aujourd&rsquo;hui"},"content":{"rendered":"<p style=\"text-align: justify;\">Le voyage et la d\u00e9couverte font partie de mon ADN. Ils repr\u00e9sentent pour moi une v\u00e9ritable passion.<\/p>\n<p style=\"text-align: justify;\">Si ma curiosit\u00e9 naturelle y est sans doute pour quelque chose, cette passion s\u2019est surtout d\u00e9velopp\u00e9e avec le temps et avec les exp\u00e9riences de vie. Tel un fruit arrivant \u00e0 maturit\u00e9, j\u2019ai pris conscience au fil des ann\u00e9es de ce que le voyage pouvait apporter\u00a0: connaissance de l\u2019autre, connaissance de son environnement, connaissance de soi. Le voyage est pour moi une drogue. Plus je voyage, plus je ressens le besoin de voyager.<\/p>\n<p style=\"text-align: justify;\">A ce jour, j\u2019ai eu la chance de visiter plus de 100 pays et territoires. Je vous propose ici un petit condens\u00e9 de mes visites et photos aux 4 coins du monde. Plus de d\u00e9tails via le menu ci-dessous en choisissant le pays qui vous int\u00e9resse.<\/p>\n<p><img loading=\"lazy\" decoding=\"async\" class=\"aligncenter\" src=\"http:\/\/chart.apis.google.com\/chart?cht=map:fixed=-70,-180,80,180&amp;chs=450x300&amp;chf=bg,s,336699&amp;chco=d0d0d0,cc0000&amp;chd=s:99999999999999999999999999999999999999999999999999999999999999999999999999999999999999999999999999999999&amp;chld=UY|US|TT|LC|VC|PE|PY|PA|NI|MX|MQ|HN|GT|GP|SV|EC|CR|CO|CL|CA|BR|BZ|BB|AR|EH|TN|SN|RW|MA|MR|KE|BI|CV|CG|CD|EG|VN|UZ|AE|TM|TR|TH|TJ|SG|SA|PQ|PK|OM|KP|NP|MM|MN|MY|LB|LA|IL|IR|ID|IN|TP|CN|KH|AF|TO|CK|AQ|AU|PF|VA|GB|CH|SE|ES|SI|SK|RS|RU|RO|PT|PL|NL|MC|MK|LU|LT|LI|LV|IT|IE|IS|HU|GR|GI|DE|FR|FI|EE|DK|CZ|HR|BG|BA|BE|AT\" width=\"450\" height=\"300\" \/><\/p>\n<table style=\"height: 39px; background-color: #62627a; border-color: #000000;\" width=\"1057\">\n<tbody>\n<tr>\n<td style=\"width: 1047px; text-align: center;\"><span style=\"font-size: 18pt;\"><span style=\"color: #ffffff;\"><strong>Afrique<\/strong><\/span><\/span><\/td>\n<\/tr>\n<\/tbody>\n<\/table>\n<figure id=\"attachment_11541\" aria-describedby=\"caption-attachment-11541\" style=\"width: 300px\" class=\"wp-caption alignleft\"><a href=\"http:\/\/www.exploring-beyond.com\/wp-content\/uploads\/2017\/03\/DSC_2957.jpg\"><img loading=\"lazy\" decoding=\"async\" class=\"size-medium wp-image-11541\" src=\"http:\/\/www.exploring-beyond.com\/wp-content\/uploads\/2017\/03\/DSC_2957-300x199.jpg\" alt=\"\" width=\"300\" height=\"199\" srcset=\"https:\/\/exploring-beyond.com\/wp-content\/uploads\/2017\/03\/DSC_2957-300x200.jpg 300w, https:\/\/exploring-beyond.com\/wp-content\/uploads\/2017\/03\/DSC_2957-600x399.jpg 600w, https:\/\/exploring-beyond.com\/wp-content\/uploads\/2017\/03\/DSC_2957-768x511.jpg 768w, https:\/\/exploring-beyond.com\/wp-content\/uploads\/2017\/03\/DSC_2957-1024x681.jpg 1024w, https:\/\/exploring-beyond.com\/wp-content\/uploads\/2017\/03\/DSC_2957-414x276.jpg 414w, https:\/\/exploring-beyond.com\/wp-content\/uploads\/2017\/03\/DSC_2957-470x313.jpg 470w, https:\/\/exploring-beyond.com\/wp-content\/uploads\/2017\/03\/DSC_2957-640x426.jpg 640w, https:\/\/exploring-beyond.com\/wp-content\/uploads\/2017\/03\/DSC_2957-130x86.jpg 130w, https:\/\/exploring-beyond.com\/wp-content\/uploads\/2017\/03\/DSC_2957-187x124.jpg 187w, https:\/\/exploring-beyond.com\/wp-content\/uploads\/2017\/03\/DSC_2957-990x658.jpg 990w, https:\/\/exploring-beyond.com\/wp-content\/uploads\/2017\/03\/DSC_2957-1320x878.jpg 1320w, https:\/\/exploring-beyond.com\/wp-content\/uploads\/2017\/03\/DSC_2957.jpg 1504w\" sizes=\"auto, (max-width: 300px) 100vw, 300px\" \/><\/a><figcaption id=\"caption-attachment-11541\" class=\"wp-caption-text\">Avec quelques b\u00e9n\u00e9ficiaires de nos programmes<\/figcaption><\/figure>\n<p style=\"text-align: justify;\">Si j\u2019ai laiss\u00e9 ce fascinant continent un peu de c\u00f4t\u00e9 durant mon tour du monde en stop en ne traversant que le Maroc, le Sahara occidental, la Mauritanie, le S\u00e9n\u00e9gal et le Cap-vert, je me suis un peu rattrap\u00e9 par la suite via mon emploi \u00e0 Peace and Sport en me rendant notamment en C\u00f4te d\u2019Ivoire, au Burundi, dans les 2 Congo ou au Kenya. Pays qui se rajoutent \u00e0 la Tunisie et \u00e0 l\u2019\u00c9gypte visit\u00e9s \u00e9galement par ailleurs.<\/p>\n<p style=\"text-align: justify;\">[mks_separator style=\u00a0\u00bbsolid\u00a0\u00bb height=\u00a0\u00bb0&Prime;]<\/p>\n<table style=\"height: 27px; background-color: #62627a; border-color: #000000;\" width=\"1055\">\n<tbody>\n<tr>\n<td style=\"width: 1045px; text-align: center;\"><span style=\"color: #ffffff; font-size: 18pt;\"><strong>Europe<\/strong><\/span><\/td>\n<\/tr>\n<\/tbody>\n<\/table>\n<figure id=\"attachment_11544\" aria-describedby=\"caption-attachment-11544\" style=\"width: 300px\" class=\"wp-caption alignleft\"><a href=\"http:\/\/www.exploring-beyond.com\/wp-content\/uploads\/2015\/08\/DSCN1937-1.jpg\"><img loading=\"lazy\" decoding=\"async\" class=\"size-medium wp-image-11544\" src=\"http:\/\/www.exploring-beyond.com\/wp-content\/uploads\/2015\/08\/DSCN1937-1-300x225.jpg\" alt=\"\" width=\"300\" height=\"225\" srcset=\"https:\/\/exploring-beyond.com\/wp-content\/uploads\/2015\/08\/DSCN1937-1-300x225.jpg 300w, https:\/\/exploring-beyond.com\/wp-content\/uploads\/2015\/08\/DSCN1937-1-600x450.jpg 600w, https:\/\/exploring-beyond.com\/wp-content\/uploads\/2015\/08\/DSCN1937-1-768x576.jpg 768w, https:\/\/exploring-beyond.com\/wp-content\/uploads\/2015\/08\/DSCN1937-1-1024x768.jpg 1024w, https:\/\/exploring-beyond.com\/wp-content\/uploads\/2015\/08\/DSCN1937-1-74x55.jpg 74w, https:\/\/exploring-beyond.com\/wp-content\/uploads\/2015\/08\/DSCN1937-1-111x83.jpg 111w, https:\/\/exploring-beyond.com\/wp-content\/uploads\/2015\/08\/DSCN1937-1-215x161.jpg 215w, https:\/\/exploring-beyond.com\/wp-content\/uploads\/2015\/08\/DSCN1937-1-990x743.jpg 990w, https:\/\/exploring-beyond.com\/wp-content\/uploads\/2015\/08\/DSCN1937-1-1320x990.jpg 1320w\" sizes=\"auto, (max-width: 300px) 100vw, 300px\" \/><\/a><figcaption id=\"caption-attachment-11544\" class=\"wp-caption-text\">Devant le fameux pont de la ville de Mostar en Bosnie<\/figcaption><\/figure>\n<p style=\"text-align: justify;\">C\u2019est mon continent d\u2019origine, celui sur lesquels j\u2019ai fait notamment mes armes en auto-stop. Comme vous pourrez le lire par ailleurs, j\u2019ai r\u00e9alis\u00e9 un tour d\u2019Europe en stop avant de faire un tour du monde. J\u2019ai durant celui-ci visit\u00e9 une bonne partie des pays de ce continent. J\u2019ai par la suite compl\u00e9t\u00e9 une bonne partie de ceux qui me manquaient si bien que j\u2019ai eu la chance de me rendre dans quasiment tous les pays d\u2019Europe.<\/p>\n<p style=\"text-align: justify;\">[mks_separator style=\u00a0\u00bbsolid\u00a0\u00bb height=\u00a0\u00bb0&Prime;]<\/p>\n<table style=\"height: 44px; border-color: #000000; background-color: #62627a;\" width=\"1056\">\n<tbody>\n<tr>\n<td style=\"width: 1046px; text-align: center;\"><span style=\"font-size: 18pt; color: #ffffff;\"><strong>Am\u00e9rique<\/strong><\/span><\/td>\n<\/tr>\n<\/tbody>\n<\/table>\n<figure id=\"attachment_7826\" aria-describedby=\"caption-attachment-7826\" style=\"width: 300px\" class=\"wp-caption alignleft\"><a href=\"http:\/\/www.exploring-beyond.com\/wp-content\/uploads\/2017\/02\/ludovuerio.jpg\"><img loading=\"lazy\" decoding=\"async\" class=\"size-medium wp-image-7826\" src=\"http:\/\/www.exploring-beyond.com\/wp-content\/uploads\/2017\/02\/ludovuerio-300x225.jpg\" alt=\"\" width=\"300\" height=\"225\" srcset=\"https:\/\/exploring-beyond.com\/wp-content\/uploads\/2017\/02\/ludovuerio-300x225.jpg 300w, https:\/\/exploring-beyond.com\/wp-content\/uploads\/2017\/02\/ludovuerio-600x450.jpg 600w, https:\/\/exploring-beyond.com\/wp-content\/uploads\/2017\/02\/ludovuerio-768x576.jpg 768w, https:\/\/exploring-beyond.com\/wp-content\/uploads\/2017\/02\/ludovuerio.jpg 1024w, https:\/\/exploring-beyond.com\/wp-content\/uploads\/2017\/02\/ludovuerio-74x55.jpg 74w, https:\/\/exploring-beyond.com\/wp-content\/uploads\/2017\/02\/ludovuerio-111x83.jpg 111w, https:\/\/exploring-beyond.com\/wp-content\/uploads\/2017\/02\/ludovuerio-215x161.jpg 215w, https:\/\/exploring-beyond.com\/wp-content\/uploads\/2017\/02\/ludovuerio-990x743.jpg 990w\" sizes=\"auto, (max-width: 300px) 100vw, 300px\" \/><\/a><figcaption id=\"caption-attachment-7826\" class=\"wp-caption-text\">A Rio de Janeiro, a cidade maravilhosa, 2003<\/figcaption><\/figure>\n<p style=\"text-align: justify;\">C\u2019est en 1993 que j\u2019ai eu la chance d\u2019aller pour la premi\u00e8re fois en Am\u00e9rique du Sud, au Br\u00e9sil tout particuli\u00e8rement, pour le mariage de mon grand fr\u00e8re, a\u00een\u00e9 de 10 ans, mari\u00e9 \u00e0 une carioca. Un voyage ayant jou\u00e9 un grand r\u00f4le dans mon ouverture d\u2019esprit. A l\u2019\u00e9poque, les prix \u00e9taient en cruzeiros, et changeaient du matin au soir du fait de l\u2019hyperinflation. Il \u00e9tait de bon ton de commander 3 bi\u00e8res en entrant dans un bar de peur que le prix n\u2019augmente entre le d\u00e9but et la fin de la soir\u00e9e. Les temps ont heureusement chang\u00e9 pour le Br\u00e9sil comme pour le reste de l\u2019Am\u00e9rique latine (\u00e0 quelques exceptions pr\u00e8s).<\/p>\n<p style=\"text-align: justify;\">Au-del\u00e0 du Br\u00e9sil, j\u2019ai eu la chance de visiter la plupart des pays d\u2019Am\u00e9rique latine et des cara\u00efbes, avec une mention sp\u00e9ciale pour le Panama, pays dans lequel je me rends chaque ann\u00e9e du fait de la nationalit\u00e9 de mon \u00e9pouse.<\/p>\n<p style=\"text-align: justify;\">C\u00f4t\u00e9 Am\u00e9rique du Nord, j\u2019ai eu la chance de me rendre dans 36 \u00e9tats sur les 50, durant mon <a href=\"http:\/\/www.exploring-beyond.com\/apropos\/a-propos-de-ludovic-hubler\/etudes\/\"><u>ann\u00e9e d\u2019\u00e9tude au Texas<\/u><\/a> (2000-2001) mais surtout durant l\u2019ann\u00e9e de conf\u00e9rences pass\u00e9e en Am\u00e9rique du Nord en 2004-2005. J&rsquo;ai aussi eu la chance d&rsquo;aller 4 fois au Canada.<\/p>\n<table style=\"height: 40px; border-color: #000000; background-color: #62627a;\" width=\"1055\">\n<tbody>\n<tr>\n<td style=\"width: 1045px; text-align: center;\"><span style=\"color: #ffffff; font-size: 18pt;\"><strong>Asie<\/strong><\/span><\/td>\n<\/tr>\n<\/tbody>\n<\/table>\n<figure id=\"attachment_11545\" aria-describedby=\"caption-attachment-11545\" style=\"width: 300px\" class=\"wp-caption alignleft\"><a href=\"http:\/\/www.exploring-beyond.com\/wp-content\/uploads\/2015\/08\/avecludocamera.jpg\"><img loading=\"lazy\" decoding=\"async\" class=\"size-medium wp-image-11545\" src=\"http:\/\/www.exploring-beyond.com\/wp-content\/uploads\/2015\/08\/avecludocamera-300x225.jpg\" alt=\"\" width=\"300\" height=\"225\" srcset=\"https:\/\/exploring-beyond.com\/wp-content\/uploads\/2015\/08\/avecludocamera-300x225.jpg 300w, https:\/\/exploring-beyond.com\/wp-content\/uploads\/2015\/08\/avecludocamera-600x450.jpg 600w, https:\/\/exploring-beyond.com\/wp-content\/uploads\/2015\/08\/avecludocamera-768x576.jpg 768w, https:\/\/exploring-beyond.com\/wp-content\/uploads\/2015\/08\/avecludocamera-74x55.jpg 74w, https:\/\/exploring-beyond.com\/wp-content\/uploads\/2015\/08\/avecludocamera-111x83.jpg 111w, https:\/\/exploring-beyond.com\/wp-content\/uploads\/2015\/08\/avecludocamera-215x161.jpg 215w, https:\/\/exploring-beyond.com\/wp-content\/uploads\/2015\/08\/avecludocamera.jpg 828w\" sizes=\"auto, (max-width: 300px) 100vw, 300px\" \/><\/a><figcaption id=\"caption-attachment-11545\" class=\"wp-caption-text\">Avec le peuple Badui<\/figcaption><\/figure>\n<p style=\"text-align: justify;\">Durant mon tour du monde en stop, j\u2019ai eu la chance de me rendre dans la majorit\u00e9 des pays asiatiques.<\/p>\n<p style=\"text-align: justify;\">J\u2019ai par la suite eu l\u2019occasion de me rendre dans un certain nombre d\u2019autres pays que je n\u2019avais pas eu l\u2019occasion de visiter pr\u00e9c\u00e9demment, parmi lesquels Oman, l\u2019Arabie Saoudite et bien s\u00fbr la Palestine et Isra\u00ebl dans lesquels je me suis rendu une dizaine de fois pour mon travail chez <a href=\"http:\/\/www.exploring-beyond.com\/apropos\/a-propos-de-ludovic-hubler\/engagement\/\"><u>Peace and Sport<\/u><\/a>.<\/p>\n<p style=\"text-align: justify;\">[mks_separator style=\u00a0\u00bbsolid\u00a0\u00bb height=\u00a0\u00bb0&Prime;]<\/p>\n<table style=\"height: 40px; border-color: #000000; background-color: #62627a;\" width=\"1054\">\n<tbody>\n<tr>\n<td style=\"width: 1044px; text-align: center;\"><span style=\"color: #ffffff; font-size: 18pt;\"><strong>Oc\u00e9anie<\/strong><\/span><\/td>\n<\/tr>\n<\/tbody>\n<\/table>\n<figure id=\"attachment_9930\" aria-describedby=\"caption-attachment-9930\" style=\"width: 300px\" class=\"wp-caption alignleft\"><a href=\"http:\/\/www.exploring-beyond.com\/wp-content\/uploads\/2017\/02\/P1010818-1.jpg\"><img loading=\"lazy\" decoding=\"async\" class=\"size-medium wp-image-9930\" src=\"http:\/\/www.exploring-beyond.com\/wp-content\/uploads\/2017\/02\/P1010818-1-300x225.jpg\" alt=\"\" width=\"300\" height=\"225\" srcset=\"https:\/\/exploring-beyond.com\/wp-content\/uploads\/2017\/02\/P1010818-1-300x225.jpg 300w, https:\/\/exploring-beyond.com\/wp-content\/uploads\/2017\/02\/P1010818-1-600x450.jpg 600w, https:\/\/exploring-beyond.com\/wp-content\/uploads\/2017\/02\/P1010818-1-768x576.jpg 768w, https:\/\/exploring-beyond.com\/wp-content\/uploads\/2017\/02\/P1010818-1-1024x768.jpg 1024w, https:\/\/exploring-beyond.com\/wp-content\/uploads\/2017\/02\/P1010818-1-74x55.jpg 74w, https:\/\/exploring-beyond.com\/wp-content\/uploads\/2017\/02\/P1010818-1-111x83.jpg 111w, https:\/\/exploring-beyond.com\/wp-content\/uploads\/2017\/02\/P1010818-1-215x161.jpg 215w, https:\/\/exploring-beyond.com\/wp-content\/uploads\/2017\/02\/P1010818-1-990x743.jpg 990w, https:\/\/exploring-beyond.com\/wp-content\/uploads\/2017\/02\/P1010818-1-1320x990.jpg 1320w, https:\/\/exploring-beyond.com\/wp-content\/uploads\/2017\/02\/P1010818-1.jpg 1984w\" sizes=\"auto, (max-width: 300px) 100vw, 300px\" \/><\/a><figcaption id=\"caption-attachment-9930\" class=\"wp-caption-text\">D\u00e9tente \u00e0 Bora-Bora<\/figcaption><\/figure>\n<p style=\"text-align: justify;\">L\u2019Oc\u00e9anie est immense et tr\u00e8s \u00e9parse. Il n\u2019est pas \u00e9vident de le visiter mais mon tour du monde en stop m\u2019a tout de m\u00eame permis d\u2019en d\u00e9couvrir une partie, notamment les \u00eeles Tonga, la Nouvelle-Cal\u00e9donie, la Polyn\u00e9sie Fran\u00e7aise, la Nouvelle-Z\u00e9lande ou l\u2019Australie.<\/p>\n<p style=\"text-align: justify;\">[mks_separator style=\u00a0\u00bbsolid\u00a0\u00bb height=\u00a0\u00bb0&Prime;]<\/p>\n<table style=\"height: 32px; border-color: #000000; background-color: #62627a;\" width=\"1052\">\n<tbody>\n<tr>\n<td style=\"width: 1042px; text-align: center;\"><span style=\"color: #ffffff; font-size: 18pt;\"><strong>Antarctique<\/strong><\/span><\/td>\n<\/tr>\n<\/tbody>\n<\/table>\n<figure id=\"attachment_10589\" aria-describedby=\"caption-attachment-10589\" style=\"width: 300px\" class=\"wp-caption alignleft\"><a href=\"http:\/\/www.exploring-beyond.com\/wp-content\/uploads\/2017\/02\/0124-1.jpg\"><img loading=\"lazy\" decoding=\"async\" class=\"size-medium wp-image-10589\" src=\"http:\/\/www.exploring-beyond.com\/wp-content\/uploads\/2017\/02\/0124-1-300x225.jpg\" alt=\"\" width=\"300\" height=\"225\" srcset=\"https:\/\/exploring-beyond.com\/wp-content\/uploads\/2017\/02\/0124-1-300x225.jpg 300w, https:\/\/exploring-beyond.com\/wp-content\/uploads\/2017\/02\/0124-1-600x450.jpg 600w, https:\/\/exploring-beyond.com\/wp-content\/uploads\/2017\/02\/0124-1-768x576.jpg 768w, https:\/\/exploring-beyond.com\/wp-content\/uploads\/2017\/02\/0124-1.jpg 1024w, https:\/\/exploring-beyond.com\/wp-content\/uploads\/2017\/02\/0124-1-74x55.jpg 74w, https:\/\/exploring-beyond.com\/wp-content\/uploads\/2017\/02\/0124-1-111x83.jpg 111w, https:\/\/exploring-beyond.com\/wp-content\/uploads\/2017\/02\/0124-1-215x161.jpg 215w, https:\/\/exploring-beyond.com\/wp-content\/uploads\/2017\/02\/0124-1-990x743.jpg 990w\" sizes=\"auto, (max-width: 300px) 100vw, 300px\" \/><\/a><figcaption id=\"caption-attachment-10589\" class=\"wp-caption-text\">Un auto-stoppeur en Antarctique<\/figcaption><\/figure>\n<p style=\"text-align: justify;\">Quelle fut ma joie au mois de Novembre 2003 lorsqu\u2019apr\u00e8s plus de 100 refus, je re\u00e7us finalement une r\u00e9ponse positive pour ma tentative de brise-glace-stop en Antarctique. Un moment qui restera grav\u00e9 \u00e0 vie.<\/p>\n<p style=\"text-align: justify;\">[mks_separator style=\u00a0\u00bbsolid\u00a0\u00bb height=\u00a0\u00bb0&Prime;]<\/p>\n<p style=\"text-align: justify;\">A ces continents, il convient de rajouter la travers\u00e9e des oc\u00e9ans Atlantique et Pacifique en voilier. Plus de d\u00e9tails via le menu ci-dessus.<\/p>\n","protected":false},"excerpt":{"rendered":"<p>Le voyage et la d\u00e9couverte font partie de mon ADN. Ils repr\u00e9sentent pour moi une v\u00e9ritable passion. Si ma curiosit\u00e9 naturelle y est sans doute pour quelque chose, cette passion s\u2019est surtout d\u00e9velopp\u00e9e avec le temps et avec les exp\u00e9riences de vie. Tel un fruit arrivant \u00e0 maturit\u00e9, j\u2019ai pris conscience au fil des ann\u00e9es [&hellip;]<\/p>\n","protected":false},"author":1,"featured_media":6039,"parent":0,"menu_order":0,"comment_status":"open","ping_status":"closed","template":"","meta":{"footnotes":""},"class_list":["post-4276","page","type-page","status-publish","has-post-thumbnail","hentry"],"_links":{"self":[{"href":"https:\/\/exploring-beyond.com\/index.php?rest_route=\/wp\/v2\/pages\/4276","targetHints":{"allow":["GET"]}}],"collection":[{"href":"https:\/\/exploring-beyond.com\/index.php?rest_route=\/wp\/v2\/pages"}],"about":[{"href":"https:\/\/exploring-beyond.com\/index.php?rest_route=\/wp\/v2\/types\/page"}],"author":[{"embeddable":true,"href":"https:\/\/exploring-beyond.com\/index.php?rest_route=\/wp\/v2\/users\/1"}],"replies":[{"embeddable":true,"href":"https:\/\/exploring-beyond.com\/index.php?rest_route=%2Fwp%2Fv2%2Fcomments&post=4276"}],"version-history":[{"count":29,"href":"https:\/\/exploring-beyond.com\/index.php?rest_route=\/wp\/v2\/pages\/4276\/revisions"}],"predecessor-version":[{"id":14517,"href":"https:\/\/exploring-beyond.com\/index.php?rest_route=\/wp\/v2\/pages\/4276\/revisions\/14517"}],"wp:featuredmedia":[{"embeddable":true,"href":"https:\/\/exploring-beyond.com\/index.php?rest_route=\/wp\/v2\/media\/6039"}],"wp:attachment":[{"href":"https:\/\/exploring-beyond.com\/index.php?rest_route=%2Fwp%2Fv2%2Fmedia&parent=4276"}],"curies":[{"name":"wp","href":"https:\/\/api.w.org\/{rel}","templated":true}]}}