{"id":1863,"date":"2011-06-20T13:48:21","date_gmt":"2011-06-20T11:48:21","guid":{"rendered":"http:\/\/lemondeenstop.com\/amis-famille-2-1863\/"},"modified":"2019-04-30T23:42:27","modified_gmt":"2019-04-30T21:42:27","slug":"amis-famille","status":"publish","type":"page","link":"https:\/\/exploring-beyond.com\/?page_id=1863","title":{"rendered":"Amis &#8211; famille"},"content":{"rendered":"<p style=\"text-align: justify;\">Partir mais ne jamais oublier ses racines. Garder contact avec ma famille et mes amis fut primordial tout au long de mon tour du monde. Et pour cause, ils sont formidables. Quelques photos ci-dessous :<\/p>\n<p><!--more--><\/p>\n<p><strong>Famille<\/strong><\/p>\n<p style=\"text-align: justify;\"><strong>Mes parents.<\/strong> Leur soutien moral pendant ce tour du monde fut tr\u00e8s important pour moi. Sans doute serais-je tout de m\u00eame parti si tel n\u2019avait pas \u00e9t\u00e9 le cas mais je me serais senti frein\u00e9, retenu, comme une \u00e9quipe de football jouant \u00e0 domicile mais hu\u00e9e par ses propres supporters.<\/p>\n<p style=\"text-align: justify;\">Mes parents m\u2019ont souvent manqu\u00e9 pendant mon tour du monde mais j\u2019ai eu la chance de tout de m\u00eame les voir, notamment lors de leur voyage en Chine (photo ci-contre prise \u00e0 P\u00e9kin devant la cit\u00e9 interdite).<\/p>\n<p><a class=\"jcepopup\" title=\"Avec mes parents en Chine\" href=\"http:\/\/www.ludovichubler.com\/wp-content\/uploads\/avecparentschine.jpg\" target=\"_blank\" rel=\"noopener noreferrer\" data-mediabox=\"title[Avec mes parents en Chine]\"><img loading=\"lazy\" decoding=\"async\" style=\"display: block; margin-left: auto; margin-right: auto;\" src=\"http:\/\/www.ludovichubler.com\/wp-content\/uploads\/avecparentschine.jpg\" alt=\"Avec mes parents en Chine\" width=\"200\" height=\"150\" \/><\/a><\/p>\n<p style=\"text-align: justify;\"><strong>Mes fr\u00e8res.<\/strong> Eric, le consultant (dix ans de plus que moi). Marc, le photographe (six ans de plus) compl\u00e8tent la famille de base. Ci-contre une photo prise \u00e0 Marseille juste avant mon d\u00e9part en 2002.<\/p>\n<p><a class=\"jcepopup\" title=\"En famille \u00e0 Marseille\" href=\"http:\/\/www.ludovichubler.com\/wp-content\/uploads\/famillemarseille.jpg\" target=\"_blank\" rel=\"noopener noreferrer\" data-mediabox=\"title[En famille \u00e0 Marseille]\"><img loading=\"lazy\" decoding=\"async\" style=\"display: block; margin-left: auto; margin-right: auto;\" src=\"http:\/\/www.ludovichubler.com\/wp-content\/uploads\/famillemarseille.jpg\" alt=\"En famille \u00e0 Marseille\" width=\"200\" height=\"150\" \/><\/a><\/p>\n<p style=\"text-align: justify;\">Et une autre de mon grand-fr\u00e8re Eric en plein cours d\u2019A\u00efkido. Depuis le d\u00e9but de l\u2019ann\u00e9e 2007, il est directeur de l\u2019entreprise Altamira D\u00e9veloppement, s\u2019inspirant des arts martiaux pour travailler sur le comportement en entreprise. Plus de d\u00e9tails sur son site \u00e0 l\u2019adresse suivante : <a title=\"www.altamira-developpement.com\" href=\"http:\/\/www.altamira-developpement.com\" target=\"_blank\" rel=\"noopener noreferrer\">www.altamira-developpement.com<\/a>.<\/p>\n<p><a class=\"jcepopup\" title=\"Eric en plein cours d'A\u00efkido\" href=\"http:\/\/www.ludovichubler.com\/wp-content\/uploads\/ericaikido.jpg\" target=\"_blank\" rel=\"noopener noreferrer\" data-mediabox=\"title[Eric en plein cours d'A\u00efkido]\"><img loading=\"lazy\" decoding=\"async\" style=\"display: block; margin-left: auto; margin-right: auto;\" src=\"http:\/\/www.ludovichubler.com\/wp-content\/uploads\/ericaikido.jpg\" alt=\"Eric en plein cours d'A\u00efkido\" width=\"110\" height=\"150\" \/><\/a><\/p>\n<p>Il a aussi \u00e9crit un livre avec <a title=\"Philippe Blanc\" href=\"http:\/\/www.i-negotiate.com\" target=\"_blank\" rel=\"noopener noreferrer\">Philippe Blanc<\/a> intitul\u00e9 \u00ab <a title=\"l\u2019\u00e9quilibriste\" href=\"http:\/\/www.lequilibriste.com\" target=\"_self\">l\u2019\u00e9quilibriste<\/a> \u00bb, livre qui se trouve dans toutes les bonnes librairies.<\/p>\n<p style=\"text-align: justify;\"><strong>Mes grands-parents.<\/strong> Ils n\u2019ont pas pu venir me rejoindre au cours de mon p\u00e9riple mais furent tout de m\u00eame tr\u00e8s pr\u00e9sents, notamment gr\u00e2ce \u00e0 l\u2019outil internet que mon grand-p\u00e8re ma\u00eetrise \u00e0 la perfection malgr\u00e9 son \u00e2ge avanc\u00e9. Ci-contre, une photo prise devant leur demeure \u00e0 Sanary et deux autres lors d\u2019un de nos nombreux \u00ab chats \u00bb, l\u2019un via MSN pendant le tour, l\u2019autre via Skype juste apr\u00e8s. Des grands-parents modernes !<\/p>\n<p>&nbsp;<\/p>\n<p><a class=\"jcepopup\" title=\"Mes grands parents\" href=\"http:\/\/www.ludovichubler.com\/wp-content\/uploads\/grandsparents.jpg\" target=\"_blank\" rel=\"noopener noreferrer\" data-mediabox=\"title[Mes grands parents]\"><img loading=\"lazy\" decoding=\"async\" src=\"http:\/\/www.ludovichubler.com\/wp-content\/uploads\/grandsparents.jpg\" alt=\"Mes grands parents\" width=\"177\" height=\"120\" \/><\/a><a class=\"jcepopup\" title=\"Mes grands parents sur MSN\" href=\"http:\/\/www.ludovichubler.com\/wp-content\/uploads\/grandsparentsmsn.jpg\" target=\"_blank\" rel=\"noopener noreferrer\" data-mediabox=\"title[Mes grands parents sur MSN]\"><img loading=\"lazy\" decoding=\"async\" style=\"margin-left: 10px;\" src=\"http:\/\/www.ludovichubler.com\/wp-content\/uploads\/grandsparentsmsn.jpg\" alt=\"Mes grands parents sur MSN\" width=\"192\" height=\"120\" \/><\/a><a class=\"jcepopup\" title=\"Mes grands parents sur Skype\" href=\"http:\/\/www.ludovichubler.com\/wp-content\/uploads\/grandsparentsskype.jpg\" target=\"_blank\" rel=\"noopener noreferrer\" data-mediabox=\"title[Mes grands parents sur Skype]\"><img loading=\"lazy\" decoding=\"async\" style=\"margin-left: 10px;\" src=\"http:\/\/www.ludovichubler.com\/wp-content\/uploads\/grandsparentsskype.jpg\" alt=\"Mes grands parents sur Skype\" width=\"192\" height=\"120\" \/><\/a><\/p>\n<p>Photo de la famille (presque) au complet pour terminer.<\/p>\n<p>&nbsp;<\/p>\n<p><a class=\"jcepopup\" title=\"Retrouvailles\" href=\"http:\/\/www.ludovichubler.com\/wp-content\/uploads\/photofamille.jpg\" target=\"_blank\" rel=\"noopener noreferrer\" data-mediabox=\"title[Retrouvailles]\"><img loading=\"lazy\" decoding=\"async\" style=\"display: block; margin-left: auto; margin-right: auto;\" src=\"http:\/\/www.ludovichubler.com\/wp-content\/uploads\/photofamille.jpg\" alt=\"famille au complet\" width=\"212\" height=\"150\" \/><\/a><strong>Amis<\/strong><\/p>\n<p style=\"text-align: justify;\">Partir 5 ann\u00e9es, c\u2019est forc\u00e9ment s\u2019\u00e9loigner aussi de ses amis. Suivre de loin les mariages, naissances et autres promotions s\u2019est av\u00e9r\u00e9 parfois un peu pesant pendant mon tour du monde, m\u2019amenant m\u00eame de temps en temps \u00e0 me poser la question du bienfait de mon aventure. Heureusement, la visite de plusieurs amis m\u2019a permis de continuer \u00e0 partager des moments fabuleux en leur compagnie. Quelques photos de moments forts ci-dessous.<\/p>\n<p style=\"text-align: justify;\">10 janvier 2003. J\u2019attendais impatiemment l\u2019arriv\u00e9e d\u2019Eric. Il \u00e9tait 11h du matin, l\u2019avion se vidait, quand soudain, surprise, Eric arriva au loin accompagn\u00e9 de Jean-Luc, mon ex-collocataire et partenaire de stop sur les routes Europ\u00e9ennes. Le surprise \u00e9tait totale, le bonheur complet\u2026<\/p>\n<p><a class=\"jcepopup\" title=\"Retrouvailles\" href=\"http:\/\/www.ludovichubler.com\/wp-content\/uploads\/retrouvailles.jpg\" target=\"_blank\" rel=\"noopener noreferrer\" data-mediabox=\"title[Retrouvailles]\"><img loading=\"lazy\" decoding=\"async\" style=\"display: block; margin-left: auto; margin-right: auto;\" src=\"http:\/\/www.ludovichubler.com\/wp-content\/uploads\/retrouvailles.jpg\" alt=\"Retrouvailles\" width=\"150\" height=\"150\" \/><\/a>R\u00e9unis au Machu-Picchu, sans aucun doute l\u2019un des endroits les plus intriguants au monde.<\/p>\n<p><a class=\"jcepopup\" title=\"R\u00e9unis au Machu-Picchu\" href=\"http:\/\/www.ludovichubler.com\/wp-content\/uploads\/machupicchu3.jpg\" target=\"_blank\" rel=\"noopener noreferrer\" data-mediabox=\"title[R\u00e9unis au Machu-Picchu]\"><img loading=\"lazy\" decoding=\"async\" style=\"display: block; margin-left: auto; margin-right: auto;\" src=\"http:\/\/www.ludovichubler.com\/wp-content\/uploads\/machupicchu3.jpg\" alt=\"R\u00e9unis au Machu-Picchu\" width=\"113\" height=\"150\" \/><\/a><\/p>\n<p style=\"text-align: justify;\">Marc est venu me rendre visite trois fois au cours de mon parcours. Trois s\u00e9jours fabuleux au Br\u00e9sil, Mexique et en Inde. Photos ci-dessous au pied du Corcovado devant la merveilleuse baie de Rio de Janeiro et sur Ipanema\u2026<\/p>\n<p><a class=\"jcepopup\" title=\"Rio de Janeiro\" href=\"http:\/\/www.ludovichubler.com\/wp-content\/uploads\/marcludovuerio.jpg\" target=\"_blank\" rel=\"noopener noreferrer\" type=\"image\" data-mediabox=\"title[Rio de Janeiro]\"><img loading=\"lazy\" decoding=\"async\" style=\"margin-left: 130px;\" src=\"http:\/\/www.ludovichubler.com\/wp-content\/uploads\/marcludovuerio.jpg\" alt=\"Rio de Janeiro\" width=\"200\" height=\"150\" \/><\/a><a class=\"jcepopup\" title=\"Ipanema\" href=\"http:\/\/www.ludovichubler.com\/wp-content\/uploads\/ipanemamarcludo.jpg\" target=\"_blank\" rel=\"noopener noreferrer\" data-mediabox=\"title[Ipanema]\"><img loading=\"lazy\" decoding=\"async\" style=\"margin-left: 10px;\" src=\"http:\/\/www.ludovichubler.com\/wp-content\/uploads\/ipanemamarcludo.jpg\" alt=\"Ipanema\" width=\"200\" height=\"150\" \/><\/a><\/p>\n<p>Ci-apr\u00e8s, photos de mes amis prises avant mon d\u00e9part en 2002\u2026<\/p>\n<p><a class=\"jcepopup\" title=\"Mes amis avant le d\u00e9part\" href=\"http:\/\/www.ludovichubler.com\/wp-content\/uploads\/amisavantdepart.jpg\" target=\"_blank\" rel=\"noopener noreferrer\" data-mediabox=\"title[Mes amis avant le d\u00e9part]\"><img loading=\"lazy\" decoding=\"async\" style=\"display: block; margin-left: auto; margin-right: auto;\" src=\"http:\/\/www.ludovichubler.com\/wp-content\/uploads\/amisavantdepart.jpg\" alt=\"amisavantdepart\" width=\"207\" height=\"150\" \/><\/a><\/p>\n<p>Et une derni\u00e8re de Jean-luc \u00e9galement venu me rendre visite en Inde avec sa ch\u00e8re et tendre\u2026<\/p>\n<p><a class=\"jcepopup\" title=\"Visite de Jean-Luc en Inde\" href=\"http:\/\/www.ludovichubler.com\/wp-content\/uploads\/photojlinde.jpg\" target=\"_blank\" rel=\"noopener noreferrer\" data-mediabox=\"title[Visite de Jean-Luc en Inde]\"><img loading=\"lazy\" decoding=\"async\" style=\"display: block; margin-left: auto; margin-right: auto;\" src=\"http:\/\/www.ludovichubler.com\/wp-content\/uploads\/photojlinde.jpg\" alt=\"Visite de Jean-Luc en Inde\" width=\"267\" height=\"150\" \/><\/a><\/p>\n","protected":false},"excerpt":{"rendered":"<p>Partir mais ne jamais oublier ses racines. Garder contact avec ma famille et mes amis fut primordial tout au long de mon tour du monde. Et pour cause, ils sont formidables. Quelques photos ci-dessous :<\/p>\n","protected":false},"author":1,"featured_media":12285,"parent":6141,"menu_order":0,"comment_status":"open","ping_status":"closed","template":"","meta":{"footnotes":""},"class_list":["post-1863","page","type-page","status-publish","has-post-thumbnail","hentry"],"_links":{"self":[{"href":"https:\/\/exploring-beyond.com\/index.php?rest_route=\/wp\/v2\/pages\/1863","targetHints":{"allow":["GET"]}}],"collection":[{"href":"https:\/\/exploring-beyond.com\/index.php?rest_route=\/wp\/v2\/pages"}],"about":[{"href":"https:\/\/exploring-beyond.com\/index.php?rest_route=\/wp\/v2\/types\/page"}],"author":[{"embeddable":true,"href":"https:\/\/exploring-beyond.com\/index.php?rest_route=\/wp\/v2\/users\/1"}],"replies":[{"embeddable":true,"href":"https:\/\/exploring-beyond.com\/index.php?rest_route=%2Fwp%2Fv2%2Fcomments&post=1863"}],"version-history":[{"count":4,"href":"https:\/\/exploring-beyond.com\/index.php?rest_route=\/wp\/v2\/pages\/1863\/revisions"}],"predecessor-version":[{"id":16117,"href":"https:\/\/exploring-beyond.com\/index.php?rest_route=\/wp\/v2\/pages\/1863\/revisions\/16117"}],"up":[{"embeddable":true,"href":"https:\/\/exploring-beyond.com\/index.php?rest_route=\/wp\/v2\/pages\/6141"}],"wp:featuredmedia":[{"embeddable":true,"href":"https:\/\/exploring-beyond.com\/index.php?rest_route=\/wp\/v2\/media\/12285"}],"wp:attachment":[{"href":"https:\/\/exploring-beyond.com\/index.php?rest_route=%2Fwp%2Fv2%2Fmedia&parent=1863"}],"curies":[{"name":"wp","href":"https:\/\/api.w.org\/{rel}","templated":true}]}}