{"id":1850,"date":"2011-06-20T14:14:48","date_gmt":"2011-06-20T12:14:48","guid":{"rendered":"http:\/\/lemondeenstop.com\/autres-documents-relatifs-au-tour-2\/"},"modified":"2017-08-14T10:34:42","modified_gmt":"2017-08-14T08:34:42","slug":"autres-documents-relatifs-au-tour-2","status":"publish","type":"page","link":"https:\/\/exploring-beyond.com\/?page_id=1850","title":{"rendered":"Autres documents relatifs au tour"},"content":{"rendered":"<p>Mon tour du monde en stop a pu servir \u00e0 plusieurs \u00e9tudiants pour r\u00e9diger des th\u00e8ses ou m\u00e9moires sur le sujet.<\/p>\n<p><!--more--><\/p>\n<p>En voici quelques uns :<\/p>\n<p>&#8211; <a title=\"Travail de Cindy Heuz\u00e9, M\u00e9lodie Lesage, Juliette Marton et Ga\u00eblle Thalgott en d\u00e9cembre 2005\" href=\"http:\/\/www.ludovichubler.com\/wp-content\/uploads\/doctdm1.pdf\" target=\"_blank\">Travail de Cindy Heuz\u00e9, M\u00e9lodie Lesage, Juliette Marton et Ga\u00eblle Thalgott en d\u00e9cembre 2005<\/a><\/p>\n<p>&#8211; <a title=\"Travail de Sebastien Dujardin \" href=\"http:\/\/www.ludovichubler.com\/wp-content\/uploads\/doctdm2.pdf\" target=\"_blank\">Travail de Sebastien Dujardin <\/a><\/p>\n","protected":false},"excerpt":{"rendered":"<p>Mon tour du monde en stop a pu servir \u00e0 plusieurs \u00e9tudiants pour r\u00e9diger des th\u00e8ses ou m\u00e9moires sur le sujet.<\/p>\n","protected":false},"author":1,"featured_media":9857,"parent":6143,"menu_order":9,"comment_status":"open","ping_status":"closed","template":"","meta":{"footnotes":""},"class_list":["post-1850","page","type-page","status-publish","has-post-thumbnail","hentry"],"_links":{"self":[{"href":"https:\/\/exploring-beyond.com\/index.php?rest_route=\/wp\/v2\/pages\/1850","targetHints":{"allow":["GET"]}}],"collection":[{"href":"https:\/\/exploring-beyond.com\/index.php?rest_route=\/wp\/v2\/pages"}],"about":[{"href":"https:\/\/exploring-beyond.com\/index.php?rest_route=\/wp\/v2\/types\/page"}],"author":[{"embeddable":true,"href":"https:\/\/exploring-beyond.com\/index.php?rest_route=\/wp\/v2\/users\/1"}],"replies":[{"embeddable":true,"href":"https:\/\/exploring-beyond.com\/index.php?rest_route=%2Fwp%2Fv2%2Fcomments&post=1850"}],"version-history":[{"count":1,"href":"https:\/\/exploring-beyond.com\/index.php?rest_route=\/wp\/v2\/pages\/1850\/revisions"}],"predecessor-version":[{"id":12363,"href":"https:\/\/exploring-beyond.com\/index.php?rest_route=\/wp\/v2\/pages\/1850\/revisions\/12363"}],"up":[{"embeddable":true,"href":"https:\/\/exploring-beyond.com\/index.php?rest_route=\/wp\/v2\/pages\/6143"}],"wp:featuredmedia":[{"embeddable":true,"href":"https:\/\/exploring-beyond.com\/index.php?rest_route=\/wp\/v2\/media\/9857"}],"wp:attachment":[{"href":"https:\/\/exploring-beyond.com\/index.php?rest_route=%2Fwp%2Fv2%2Fmedia&parent=1850"}],"curies":[{"name":"wp","href":"https:\/\/api.w.org\/{rel}","templated":true}]}}