{"id":1849,"date":"2011-06-20T14:14:35","date_gmt":"2011-06-20T12:14:35","guid":{"rendered":"http:\/\/lemondeenstop.com\/documentaire-film-2\/"},"modified":"2019-05-01T12:15:35","modified_gmt":"2019-05-01T10:15:35","slug":"documentaire-video","status":"publish","type":"page","link":"https:\/\/exploring-beyond.com\/?page_id=1849","title":{"rendered":"Documentaire DVD"},"content":{"rendered":"<p style=\"text-align: justify;\">Cinq ann\u00e9es durant, j\u2019ai film\u00e9 avec mon petit cam\u00e9scope plusieurs centaines heures de rush. Un documentaire sera fait et propos\u00e9 ici t\u00f4t ou tard. Suivez mon actualit\u00e9 sur ma <a href=\"http:\/\/www.facebook.com\/ludovichublerofficiel\">page Facebook<\/a> pour \u00eatre tenu au courant.<\/p>\n","protected":false},"excerpt":{"rendered":"<p>Cinq ann\u00e9es durant, j\u2019ai film\u00e9 avec mon petit cam\u00e9scope plusieurs centaines heures de rush. Un documentaire sera fait et propos\u00e9 ici t\u00f4t ou tard. Suivez mon actualit\u00e9 sur ma page Facebook pour \u00eatre tenu au courant.<\/p>\n","protected":false},"author":1,"featured_media":12361,"parent":6143,"menu_order":6,"comment_status":"open","ping_status":"closed","template":"","meta":{"footnotes":""},"class_list":["post-1849","page","type-page","status-publish","has-post-thumbnail","hentry"],"_links":{"self":[{"href":"https:\/\/exploring-beyond.com\/index.php?rest_route=\/wp\/v2\/pages\/1849","targetHints":{"allow":["GET"]}}],"collection":[{"href":"https:\/\/exploring-beyond.com\/index.php?rest_route=\/wp\/v2\/pages"}],"about":[{"href":"https:\/\/exploring-beyond.com\/index.php?rest_route=\/wp\/v2\/types\/page"}],"author":[{"embeddable":true,"href":"https:\/\/exploring-beyond.com\/index.php?rest_route=\/wp\/v2\/users\/1"}],"replies":[{"embeddable":true,"href":"https:\/\/exploring-beyond.com\/index.php?rest_route=%2Fwp%2Fv2%2Fcomments&post=1849"}],"version-history":[{"count":3,"href":"https:\/\/exploring-beyond.com\/index.php?rest_route=\/wp\/v2\/pages\/1849\/revisions"}],"predecessor-version":[{"id":16128,"href":"https:\/\/exploring-beyond.com\/index.php?rest_route=\/wp\/v2\/pages\/1849\/revisions\/16128"}],"up":[{"embeddable":true,"href":"https:\/\/exploring-beyond.com\/index.php?rest_route=\/wp\/v2\/pages\/6143"}],"wp:featuredmedia":[{"embeddable":true,"href":"https:\/\/exploring-beyond.com\/index.php?rest_route=\/wp\/v2\/media\/12361"}],"wp:attachment":[{"href":"https:\/\/exploring-beyond.com\/index.php?rest_route=%2Fwp%2Fv2%2Fmedia&parent=1849"}],"curies":[{"name":"wp","href":"https:\/\/api.w.org\/{rel}","templated":true}]}}