{"id":1846,"date":"2011-06-20T14:13:57","date_gmt":"2011-06-20T12:13:57","guid":{"rendered":"http:\/\/lemondeenstop.com\/bilan-de-partenariat-2\/"},"modified":"2019-05-01T12:17:57","modified_gmt":"2019-05-01T10:17:57","slug":"bilan-de-partenariat","status":"publish","type":"page","link":"https:\/\/exploring-beyond.com\/?page_id=1846","title":{"rendered":"Bilan de partenariat"},"content":{"rendered":"<h3>\u00a0Prologue<\/h3>\n<p>A l\u2019issue de mes \u00e9tudes en juin 2002*, je vous avais contact\u00e9 afin de vous faire parvenir une demande de parrainage pour mon projet :<strong><em> Le tour du monde en stop\u2026Du r\u00eave \u00e0 la r\u00e9alit\u00e9\u2026<\/em><\/strong><\/p>\n<p><!--more--><\/p>\n<p>Vous aviez alors re\u00e7u un document plastifi\u00e9 (que vous retrouverez en PJ de ce rapport) vous donnant 4 raisons de sponsoriser mon aventure ainsi que des annexes donnant davantage d\u2019informations sur le projet (budget, possibilit\u00e9s de d\u00e9fiscalisation\u2026).<\/p>\n<p>Apr\u00e8s lecture de ces documents et \u00e0 la suite de notre rencontre, vous aviez accept\u00e9 de devenir parrain de mon initiative, ce qui fut tr\u00e8s appr\u00e9ci\u00e9, et me permit de d\u00e9buter mon aventure. Une aventure qui se voulait bien plus qu\u2019un simple voyage mais un v\u00e9ritable challenge \u00e0 partager avec un maximum de personnes \u00e0 travers le monde coupl\u00e9 avec divers projets humanitaires.<\/p>\n<p>5 ans plus tard,<strong> afin de vous remercier pour la confiance dont vous m\u2019avez t\u00e9moign\u00e9 et de vous tenir inform\u00e9 des r\u00e9sultats de votre parrainage<\/strong>, je tiens \u00e0 vous faire parvenir ce bilan qui r\u00e9pondra \u00e0 la question que tous les sponsors se posent : <em>\u00ab Comment a \u00e9t\u00e9 utilis\u00e9 l\u2019argent que j\u2019ai donn\u00e9 ? \u00bb<\/em>. Aussi, peut-\u00eatre que ce rapport pourra aider d\u2019autres personnes par la suite \u00e0 obtenir une aide de d\u00e9part pour des initiatives plus ou moins similaires \u00e0 la mienne.<\/p>\n<p>A travers votre aide financi\u00e8re ou mat\u00e9rielle, vous avez certes soutenu une initiative personnelle et la r\u00e9alisation d\u2019un r\u00eave d\u2019enfant mais <strong>vous avez aussi permis \u00e0 des millions de personnes \u00e0 travers le monde de profiter de mon aventure sous diverses formes<\/strong> et c\u2019est cela que je vais expliquer dans ce rapport. Dans une premi\u00e8re partie, j\u2019expliquerai tout d\u2019abord en quoi le tour du monde en stop a influ\u00e9 sur ma personne. Ensuite, dans une seconde partie, je d\u00e9taillerai les principaux projets men\u00e9s durant cette aventure et l\u2019impact qu\u2019a eu le tour du monde en stop sur d\u2019autres. Enfin, dans une derni\u00e8re partie, je ferai un bilan sur la visibilit\u00e9 de votre logo sur mon site Internet.<\/p>\n<p><a title=\"T\u00e9l\u00e9charger le rapport complet\" href=\"http:\/\/www.ludovichubler.com\/wp-content\/uploads\/sommaire%20rapport%20pour%20sponsors.pdf\" target=\"_blank\" rel=\"noopener noreferrer\">&gt; T\u00e9l\u00e9charger le rapport complet<\/a><\/p>\n","protected":false},"excerpt":{"rendered":"<p>\u00a0Prologue A l\u2019issue de mes \u00e9tudes en juin 2002*, je vous avais contact\u00e9 afin de vous faire parvenir une demande de parrainage pour mon projet : Le tour du monde en stop\u2026Du r\u00eave \u00e0 la r\u00e9alit\u00e9\u2026<\/p>\n","protected":false},"author":1,"featured_media":8360,"parent":6143,"menu_order":8,"comment_status":"open","ping_status":"closed","template":"","meta":{"footnotes":""},"class_list":["post-1846","page","type-page","status-publish","has-post-thumbnail","hentry"],"_links":{"self":[{"href":"https:\/\/exploring-beyond.com\/index.php?rest_route=\/wp\/v2\/pages\/1846","targetHints":{"allow":["GET"]}}],"collection":[{"href":"https:\/\/exploring-beyond.com\/index.php?rest_route=\/wp\/v2\/pages"}],"about":[{"href":"https:\/\/exploring-beyond.com\/index.php?rest_route=\/wp\/v2\/types\/page"}],"author":[{"embeddable":true,"href":"https:\/\/exploring-beyond.com\/index.php?rest_route=\/wp\/v2\/users\/1"}],"replies":[{"embeddable":true,"href":"https:\/\/exploring-beyond.com\/index.php?rest_route=%2Fwp%2Fv2%2Fcomments&post=1846"}],"version-history":[{"count":2,"href":"https:\/\/exploring-beyond.com\/index.php?rest_route=\/wp\/v2\/pages\/1846\/revisions"}],"predecessor-version":[{"id":16129,"href":"https:\/\/exploring-beyond.com\/index.php?rest_route=\/wp\/v2\/pages\/1846\/revisions\/16129"}],"up":[{"embeddable":true,"href":"https:\/\/exploring-beyond.com\/index.php?rest_route=\/wp\/v2\/pages\/6143"}],"wp:featuredmedia":[{"embeddable":true,"href":"https:\/\/exploring-beyond.com\/index.php?rest_route=\/wp\/v2\/media\/8360"}],"wp:attachment":[{"href":"https:\/\/exploring-beyond.com\/index.php?rest_route=%2Fwp%2Fv2%2Fmedia&parent=1846"}],"curies":[{"name":"wp","href":"https:\/\/api.w.org\/{rel}","templated":true}]}}