{"id":1844,"date":"2011-06-20T14:11:27","date_gmt":"2011-06-20T12:11:27","guid":{"rendered":"http:\/\/lemondeenstop.com\/journees-de-rencontre-ong-2\/"},"modified":"2019-05-01T10:41:32","modified_gmt":"2019-05-01T08:41:32","slug":"journees-de-rencontre-ong-2","status":"publish","type":"page","link":"https:\/\/exploring-beyond.com\/?page_id=1844","title":{"rendered":"Journ\u00e9es de rencontre entre Organisations non gouvernementales (ONG)"},"content":{"rendered":"<p style=\"text-align: justify;\">Mon aventure en stop autour du monde m&rsquo;a permis d&rsquo;\u00eatre tr\u00e8s mobile et en constante relation avec les populations locales.<\/p>\n<p><!--more--><\/p>\n<p style=\"text-align: justify;\">Aussi, durant mon voyage, j&rsquo;ai souvent cherch\u00e9 \u00e0 rencontrer un maximum de responsables d&rsquo;organisations non gouvernementales (ONG) menant divers projets humanitaires (r\u00e9duction de la pauvret\u00e9, am\u00e9lioration de l&rsquo;acc\u00e8s \u00e0 l&rsquo;\u00e9ducation, am\u00e9lioration des conditions de vie, de l&rsquo;acc\u00e8s aux services de sant\u00e9, r\u00e9duction de la violence&#8230;).<\/p>\n<p style=\"text-align: justify;\">Ces nombreuses rencontres furent particuli\u00e8rement enrichissantes et m&rsquo;ont permis de d\u00e9velopper une meilleure vision des probl\u00e8mes sociaux, \u00e9conomiques et culturels existant dans les r\u00e9gions rencontr\u00e9es (Afrique, Am\u00e9rique Latine, Asie) mais surtout de conna\u00eetre de nombreux projets achev\u00e9s et en cours.<\/p>\n<p style=\"text-align: justify;\">Beaucoup de ces ONG font un travail absolument formidable sur le terrain cherchant souvent \u00e0 ne pas assister (donner diverses choses les yeux ferm\u00e9s) mais bien \u00e0 rendre les populations autosuffisantes.<\/p>\n<p style=\"text-align: justify;\">Cependant, je me suis rendu compte que de <strong>nombreuses organisations perdent beaucoup d&rsquo;\u00e9nergie, de temps et d&rsquo;argent en travaillant sur des projets sur lesquels des ONG voisines ont d\u00e9j\u00e0 travaill\u00e9.<\/strong> L&rsquo;objectif final \u00e9tant pour tous <strong>d&rsquo;aboutir \u00e0 un monde meilleur<\/strong> et non pas d&rsquo;\u00eatre en comp\u00e9tition les uns avec les autres, j&rsquo;ai d\u00e9cid\u00e9 d&rsquo;apporter ma modeste pierre \u00e0 l&rsquo;\u00e9difice en organisant des journ\u00e9es de rencontre devant permettre \u00e0 ces directeurs d&rsquo;ONG tout d&rsquo;abord de se conna\u00eetre les uns les autres mais surtout d&rsquo;\u00e9changer des id\u00e9es constructives devant aboutir \u00e0 des synergies (1+1=3) et permettre une entraide profitable \u00e0 tous.<\/p>\n<p style=\"text-align: justify;\">Ainsi, 3 journ\u00e9es de rencontre ont vu le jour :<\/p>\n<p style=\"text-align: justify;\"><strong>1) \u00e0 San Salvador le 11 octobre 2004<\/strong> r\u00e9unissant des ONG venues du Nicaragua, Honduras, El Salvador et Guatemala. Logo de cet \u00e9v\u00e9nement ci-dessous :<\/p>\n<p style=\"text-align: justify;\"><a class=\"jcepopup\" title=\"\u00e0 San Salvador le 11 octobre 2004\" href=\"http:\/\/www.ludovichubler.com\/wp-content\/uploads\/logojornadadeencuentro.jpg\" target=\"_blank\" rel=\"noopener noreferrer\" data-mediabox=\"title[\u00e0 San Salvador le 11 octobre 2004]\"><img loading=\"lazy\" decoding=\"async\" style=\"display: block; margin-left: auto; margin-right: auto;\" src=\"http:\/\/www.ludovichubler.com\/wp-content\/uploads\/logojornadadeencuentro.jpg\" alt=\"\u00e0 San Salvador le 11 octobre 2004\" width=\"200\" height=\"121\" \/><\/a><\/p>\n<p style=\"text-align: justify;\"><strong>2) \u00e0 Djakarta (Indon\u00e9sie)<\/strong> r\u00e9unissant 27 personnes venues de 13 ONG travaillant dans les domaines de l&rsquo;exclusion et de l&rsquo;acc\u00e8s \u00e0 l&rsquo;\u00e9ducation pour les enfants. Ci-dessous, photos prises lors de cette journ\u00e9e de rencontre :<\/p>\n<p style=\"text-align: justify;\"><a class=\"jcepopup\" title=\"\u00e0 Djakarta (Indon\u00e9sie)\" href=\"http:\/\/www.ludovichubler.com\/wp-content\/uploads\/journeerencontreindonesie.jpg\" target=\"_blank\" rel=\"noopener noreferrer\" data-mediabox=\"title[\u00e0 Djakarta (Indon\u00e9sie)]\"><img loading=\"lazy\" decoding=\"async\" style=\"display: block; margin-left: auto; margin-right: auto;\" src=\"http:\/\/www.ludovichubler.com\/wp-content\/uploads\/journeerencontreindonesie.jpg\" alt=\"\u00e0 Djakarta (Indon\u00e9sie)\" width=\"200\" height=\"78\" \/><\/a><\/p>\n<p style=\"text-align: justify;\"><strong>3) \u00e0 New Delhi, Inde<\/strong> r\u00e9unissant 31 personnes venant de 17 ONG op\u00e9rant dans la capitale Indienne :<\/p>\n<p style=\"text-align: justify;\"><a class=\"jcepopup\" title=\"\u00e0 New Delhi, Inde\" href=\"http:\/\/www.ludovichubler.com\/wp-content\/uploads\/journeerencontredelhi.jpg\" target=\"_blank\" rel=\"noopener noreferrer\" data-mediabox=\"title[\u00e0 New Delhi, Inde]\"><img loading=\"lazy\" decoding=\"async\" style=\"display: block; margin-left: auto; margin-right: auto;\" src=\"http:\/\/www.ludovichubler.com\/wp-content\/uploads\/journeerencontredelhi.jpg\" alt=\"\u00e0 New Delhi, Inde\" width=\"200\" height=\"63\" \/><\/a><\/p>\n<p style=\"text-align: justify;\">Les r\u00e9sultats furent tr\u00e8s positifs, quelques r\u00e9actions de responsables d&rsquo;ONG invit\u00e9s ci-dessous :<\/p>\n<p style=\"text-align: justify;\"><strong>R\u00e9action de Gricelda, pr\u00e9sidente de l&rsquo;ONG CEDEC au Guatemala :<\/strong> <em>\u00ab Cette journ\u00e9e de rencontre nous a permis d&rsquo;avoir de nouvelles id\u00e9es de d\u00e9veloppement et de nouvelles fa\u00e7ons de collaborer avec d&rsquo;autres organisations voisines \u00bb.<\/em><\/p>\n<p style=\"text-align: justify;\"><strong>R\u00e9action de Jos\u00e9 Gomez, pr\u00e9sident de l&rsquo;ONG REMAR au Guatemala et El Salvador :<\/strong> <em>\u00ab Il n&rsquo;y a qu&rsquo;en unissant nos forces qu&rsquo;on pourra faire une r\u00e9elle diff\u00e9rence. Cette journ\u00e9e fut une excellente occasion de discuter des possibilit\u00e9s de synergies afin d&rsquo;am\u00e9liorer notre efficacit\u00e9 \u00bb.<\/em><\/p>\n<p style=\"text-align: justify;\"><strong>R\u00e9action de Shakeel travaillant dans l&rsquo;ONG Aman Biradiri \u00e0 New Delhi :<\/strong> <em>\u00ab En Inde, nous avons un nombre incalculable d&rsquo;organisations mais chacun travaille dans son coin et on ne se conna\u00eet souvent pas les uns les autres. Cette journ\u00e9e fut un moyen de faire connaissance et d&rsquo;envisager de futures collaborations avec d&rsquo;autres \u00bb.<\/em><\/p>\n<p style=\"text-align: justify;\">Article de l&rsquo;importante ONG Intervida pr\u00e9sente dans 14 pays \u00e0 travers le monde :<\/p>\n<p style=\"text-align: justify;\"><a class=\"jcepopup\" title=\"Article de l'importante ONG Intervida\" href=\"http:\/\/www.ludovichubler.com\/wp-content\/uploads\/articleintervida.jpg\" target=\"_blank\" rel=\"noopener noreferrer\" data-mediabox=\"title[Article de l'importante ONG Intervida]\"><img loading=\"lazy\" decoding=\"async\" style=\"display: block; margin-left: auto; margin-right: auto;\" src=\"http:\/\/www.ludovichubler.com\/wp-content\/uploads\/articleintervida.jpg\" alt=\"Article de l'importante ONG Intervida\" width=\"153\" height=\"150\" \/><\/a><\/p>\n<p style=\"text-align: justify;\">L&rsquo;\u00e9v\u00e9nement fut \u00e9galement couvert par les m\u00e9dias locaux.<\/p>\n<p style=\"text-align: justify;\">Outre les impacts que pourront avoir les diverses entreprises men\u00e9es sur les communaut\u00e9s cit\u00e9es pr\u00e9c\u00e9demment, ces exp\u00e9riences m&rsquo;ont permis d&rsquo;ouvrir les yeux sur les conditions de vie tr\u00e8s difficiles des pays en voie de d\u00e9veloppement et ainsi de prendre conscience du r\u00f4le que chacun d&rsquo;entre nous doit jouer afin de <strong>permettre \u00e0 ces populations d&rsquo;avoir acc\u00e8s \u00e0 une \u00e9ducation digne de ce nom et \u00e0 des conditions de vie plus dignes<\/strong>, base n\u00e9cessaire d&rsquo;un \u00ab d\u00e9veloppement \u00bb futur.<\/p>\n","protected":false},"excerpt":{"rendered":"<p>Mon aventure en stop autour du monde m&rsquo;a permis d&rsquo;\u00eatre tr\u00e8s mobile et en constante relation avec les populations locales.<\/p>\n","protected":false},"author":1,"featured_media":12360,"parent":6141,"menu_order":0,"comment_status":"open","ping_status":"closed","template":"","meta":{"footnotes":""},"class_list":["post-1844","page","type-page","status-publish","has-post-thumbnail","hentry"],"_links":{"self":[{"href":"https:\/\/exploring-beyond.com\/index.php?rest_route=\/wp\/v2\/pages\/1844","targetHints":{"allow":["GET"]}}],"collection":[{"href":"https:\/\/exploring-beyond.com\/index.php?rest_route=\/wp\/v2\/pages"}],"about":[{"href":"https:\/\/exploring-beyond.com\/index.php?rest_route=\/wp\/v2\/types\/page"}],"author":[{"embeddable":true,"href":"https:\/\/exploring-beyond.com\/index.php?rest_route=\/wp\/v2\/users\/1"}],"replies":[{"embeddable":true,"href":"https:\/\/exploring-beyond.com\/index.php?rest_route=%2Fwp%2Fv2%2Fcomments&post=1844"}],"version-history":[{"count":4,"href":"https:\/\/exploring-beyond.com\/index.php?rest_route=\/wp\/v2\/pages\/1844\/revisions"}],"predecessor-version":[{"id":16120,"href":"https:\/\/exploring-beyond.com\/index.php?rest_route=\/wp\/v2\/pages\/1844\/revisions\/16120"}],"up":[{"embeddable":true,"href":"https:\/\/exploring-beyond.com\/index.php?rest_route=\/wp\/v2\/pages\/6141"}],"wp:featuredmedia":[{"embeddable":true,"href":"https:\/\/exploring-beyond.com\/index.php?rest_route=\/wp\/v2\/media\/12360"}],"wp:attachment":[{"href":"https:\/\/exploring-beyond.com\/index.php?rest_route=%2Fwp%2Fv2%2Fmedia&parent=1844"}],"curies":[{"name":"wp","href":"https:\/\/api.w.org\/{rel}","templated":true}]}}