{"id":1842,"date":"2011-06-20T14:10:40","date_gmt":"2011-06-20T12:10:40","guid":{"rendered":"http:\/\/lemondeenstop.com\/dossier-de-presse-2\/"},"modified":"2019-05-01T10:34:58","modified_gmt":"2019-05-01T08:34:58","slug":"dossier-de-presse","status":"publish","type":"page","link":"https:\/\/exploring-beyond.com\/?page_id=1842","title":{"rendered":"Dossier de presse"},"content":{"rendered":"<h3>Tour du monde en stop &#8211; 1er janvier 2003 \u2013 1er janvier 2008<\/h3>\n<p><!--more--><\/p>\n<p style=\"text-align: justify;\"><em>\u00ab\u00a0Un tour du monde des hommes\u00a0\u00bb<\/em>, c&rsquo;est ainsi que Ludovic Hubler, 31 ans, originaire de Strasbourg aime d\u00e9crire son tour du monde en stop achev\u00e9 le 1er janvier 2008 apr\u00e8s 5 ans pass\u00e9s le pouce tendu au bord des routes du monde.<\/p>\n<p style=\"text-align: justify;\">Du <em>\u00ab brise-glace-stop \u00bb<\/em> pour se rendre sur le continent Antarctique au <em>\u00ab voilier-stop \u00bb<\/em> pour traverser les oc\u00e9ans Atlantique et Pacifique en passant par la travers\u00e9e du Sahara ou de pays comme la Colombie ou l&rsquo;Afghanistan, Ludovic aura test\u00e9 son pouce dans toutes les situations possibles et imaginables.<\/p>\n<p>Ce tour du monde, c&rsquo;est 170.000 kms parcourus, 59 pays travers\u00e9s, 1300 conducteurs qui l&rsquo;ont pris en stop et 0 centime d\u00e9pens\u00e9 en transport (sauf transport urbain). Son d\u00e9fi de boucler la grande boucle en utilisant uniquement le stop comme moyen de transport est gagn\u00e9.<\/p>\n<p><img loading=\"lazy\" decoding=\"async\" src=\"http:\/\/dev.ludovichubler.com\/wp-content\/uploads\/dossier-de-presse.jpg\" alt=\"Quelques photos en situation de stop \u00e0 travers le monde\" width=\"660\" height=\"410\" \/><\/p>\n<p><a title=\"T\u00e9l\u00e9charger le dossier de presse complet\" href=\"http:\/\/www.ludovichubler.com\/wp-content\/uploads\/dossierdepressefin.pdf\" target=\"_blank\" rel=\"noopener noreferrer\">T\u00e9l\u00e9charger le dossier de presse complet<\/a><\/p>\n","protected":false},"excerpt":{"rendered":"<p>Tour du monde en stop &#8211; 1er janvier 2003 \u2013 1er janvier 2008<\/p>\n","protected":false},"author":1,"featured_media":2407,"parent":6141,"menu_order":0,"comment_status":"open","ping_status":"closed","template":"","meta":{"footnotes":""},"class_list":["post-1842","page","type-page","status-publish","has-post-thumbnail","hentry"],"_links":{"self":[{"href":"https:\/\/exploring-beyond.com\/index.php?rest_route=\/wp\/v2\/pages\/1842","targetHints":{"allow":["GET"]}}],"collection":[{"href":"https:\/\/exploring-beyond.com\/index.php?rest_route=\/wp\/v2\/pages"}],"about":[{"href":"https:\/\/exploring-beyond.com\/index.php?rest_route=\/wp\/v2\/types\/page"}],"author":[{"embeddable":true,"href":"https:\/\/exploring-beyond.com\/index.php?rest_route=\/wp\/v2\/users\/1"}],"replies":[{"embeddable":true,"href":"https:\/\/exploring-beyond.com\/index.php?rest_route=%2Fwp%2Fv2%2Fcomments&post=1842"}],"version-history":[{"count":3,"href":"https:\/\/exploring-beyond.com\/index.php?rest_route=\/wp\/v2\/pages\/1842\/revisions"}],"predecessor-version":[{"id":16118,"href":"https:\/\/exploring-beyond.com\/index.php?rest_route=\/wp\/v2\/pages\/1842\/revisions\/16118"}],"up":[{"embeddable":true,"href":"https:\/\/exploring-beyond.com\/index.php?rest_route=\/wp\/v2\/pages\/6141"}],"wp:featuredmedia":[{"embeddable":true,"href":"https:\/\/exploring-beyond.com\/index.php?rest_route=\/"}],"wp:attachment":[{"href":"https:\/\/exploring-beyond.com\/index.php?rest_route=%2Fwp%2Fv2%2Fmedia&parent=1842"}],"curies":[{"name":"wp","href":"https:\/\/api.w.org\/{rel}","templated":true}]}}