{"id":1839,"date":"2011-06-20T14:09:52","date_gmt":"2011-06-20T12:09:52","guid":{"rendered":"http:\/\/lemondeenstop.com\/partage-1-projet-pedagogique-chu-2\/"},"modified":"2019-05-01T11:48:42","modified_gmt":"2019-05-01T09:48:42","slug":"projetpedagogique","status":"publish","type":"page","link":"https:\/\/exploring-beyond.com\/?page_id=1839","title":{"rendered":"Partage 1 &#8211; Projet p\u00e9dagogique CHU"},"content":{"rendered":"<h4 style=\"text-align: center;\"><em>Le voyage \u00e9tait mon r\u00eave, le partage mon moteur. Durant la totalit\u00e9 de mon parcours, j&rsquo;ai cherch\u00e9 \u00e0 partager les enseignements de mon voyage de diff\u00e9rentes mani\u00e8res.<\/em><\/h4>\n<h3 style=\"text-align: justify;\">Partie 1 : Projet p\u00e9dagogique en collaboration avec le CHU Strasbourg- Hautepierre<\/h3>\n<p style=\"text-align: justify;\">Avant de partir pour ce tour du monde en stop, je m&rsquo;\u00e9tais engag\u00e9 avec le CHU- Strasbourg-Hautepierre \u00e0 partager, via internet, mon parcours avec les enfants de l&rsquo;h\u00f4pital, notamment ceux victimes de cancer et de leuc\u00e9mie.<\/p>\n<p style=\"text-align: justify;\">Ce projet p\u00e9dagogique avait pour principal objectif de permettre \u00e0 ces enfants que le destin n&rsquo;a pas \u00e9pargn\u00e9, oblig\u00e9s de parfois rester clo\u00eetr\u00e9s plusieurs mois dans des chambres isol\u00e9es, de voyager \u00e0 mes c\u00f4t\u00e9s par procuration, d&rsquo;ouvrir une petite fen\u00eatre sur l&rsquo;ext\u00e9rieur et ainsi de penser \u00e0 autre chose que leur maladie l&rsquo;espace de quelques minutes ou quelques heures.<\/p>\n<p style=\"text-align: justify;\">Ce projet p\u00e9dagogique fut initi\u00e9 au mois de mars 2002 lorsqu&rsquo;au beau milieu d&rsquo;une nuit, alors que je me posais la question de l&rsquo;\u00e9ventualit\u00e9 d&rsquo;un partage de mon aventure, une image m&rsquo;est apparue : celle d&rsquo;enfants en souffrance. Le lendemain, je me suis rendu \u00e0 l&rsquo;h\u00f4pital, sans le moindre rendez-vous, cherchant \u00e0 rencontrer une institutrice s&rsquo;occupant des enfants malades de cancer. Rapidement, je fus mis en contact avec Mme Chantal Jorand. Sa r\u00e9ponse \u00e0 ma proposition fut imm\u00e9diate et son enthousiasme en disait long sur sa motivation :<\/p>\n<p style=\"text-align: justify;\"><em>&#8211; Super, super, super ! Nous venons de terminer un tour du monde par procuration avec Ellen Mac Arthur \u00e0 la voile, lors du Vend\u00e9e globe challenge. Le partage \u00e9tait exceptionnel et tous les enfants ont ador\u00e9. Je suis plus que partante pour \u00ab faire du stop \u00bb maintenant. Nous serons le pouce tendu au bord de la route avec toi !<\/em><\/p>\n<p style=\"text-align: justify;\">Avec grand bonheur, je pris alors l&rsquo;engagement d&#8217;emmener les enfants de l&rsquo;h\u00f4pital dans mon sac \u00e0 dos.<\/p>\n<p style=\"text-align: justify;\">Ce projet p\u00e9dagogique fut formidable et prit au fil de mon voyage une ampleur insoup\u00e7onn\u00e9e, notamment gr\u00e2ce au formidable travail des instituteurs et \u00e9ducateurs qui d\u00e9bordent d&rsquo;inventivit\u00e9 pour rendre la vie des enfants moins difficile. Nadine, Val\u00e9rie, Marie-Claire, Chantal, Michel&#8230;Tous ont fait un boulot fabuleux. Photo ci-dessous des trois derniers cit\u00e9s.<\/p>\n<p style=\"text-align: justify;\"><a class=\"jcepopup\" title=\"Michel, Chantal et Marie-Claire\" href=\"http:\/\/www.ludovichubler.com\/wp-content\/uploads\/michelchantalmarieclaire.jpg\" target=\"_blank\" rel=\"noopener noreferrer\" data-mediabox=\"title[Michel, Chantal et Marie-Claire]\"><img loading=\"lazy\" decoding=\"async\" style=\"display: block; margin-left: auto; margin-right: auto; font-size: 18px; line-height: 27px;\" src=\"http:\/\/www.ludovichubler.com\/wp-content\/uploads\/michelchantalmarieclaire.jpg\" alt=\"Michel, Chantal et Marie-Claire\" width=\"300\" height=\"225\" \/><\/a><\/p>\n<p style=\"text-align: justify;\">Au-del\u00e0 d&rsquo;un \u00e9change d&rsquo;e-mails fr\u00e9quents et de discussions via web-cam ou Messenger permettant aux enfants de recevoir des photos et anecdotes du monde depuis leur lit d&rsquo;h\u00f4pital, mon tour du monde fut utilis\u00e9 \u00e0 toutes les sauces servant souvent comme support de cours pour de nombreuses mati\u00e8res telles que :<\/p>\n<p style=\"text-align: justify;\"><strong>&#8211; La g\u00e9ographie<\/strong> : Avoir un lien de l&rsquo;autre c\u00f4t\u00e9 du monde permet l&rsquo;ouverture d&rsquo;esprit et une meilleure connaissance g\u00e9ographique. Les enfants ont pu par exemple travailler les latitudes\/longitudes lorsque j&rsquo;\u00e9tais dans les oc\u00e9ans ou traiter le Br\u00e9sil lors de mon arriv\u00e9e en Am\u00e9rique Latine.<\/p>\n<p style=\"text-align: justify;\"><strong>&#8211; L&rsquo;histoire :<\/strong> A l&rsquo;image de la g\u00e9ographie, les pays travers\u00e9s peuvent servir de base pour l&rsquo;apprentissage de l&rsquo;histoire.<\/p>\n<p style=\"text-align: justify;\"><strong>&#8211; Les math\u00e9matiques :<\/strong> Des calculs de distance, de temps moyen ou autres ont \u00e9t\u00e9 effectu\u00e9s par rapport \u00e0 ma trajectoire.<\/p>\n<p style=\"text-align: justify;\"><strong>&#8211; Le dessin :<\/strong> Les enfants ont pu par exemple dessiner des voiliers lors de mon s\u00e9jour dans les oc\u00e9ans, des manchots lorsque j&rsquo;\u00e9tais en Antarctique&#8230; (voir photos ci-dessous).<\/p>\n<p style=\"text-align: justify;\"><a class=\"jcepopup\" title=\"Dessins au CHU\" href=\"http:\/\/www.ludovichubler.com\/wp-content\/uploads\/dessinschu_55b0a39e057a4.jpg\" target=\"_blank\" rel=\"noopener noreferrer\" data-mediabox=\"title[Dessins au CHU]\"><img loading=\"lazy\" decoding=\"async\" style=\"display: block; margin-left: auto; margin-right: auto;\" src=\"http:\/\/www.ludovichubler.com\/wp-content\/uploads\/dessinschu_55b0a39e057a4.jpg\" alt=\"Dessins au CHU\" width=\"200\" height=\"83\" \/><\/a><\/p>\n<p style=\"text-align: justify;\"><strong>&#8211; Le fran\u00e7ais :<\/strong> Po\u00e8mes ou dict\u00e9es, l\u00e0 aussi un tour du monde peut-\u00eatre utilis\u00e9 \u00e0 toutes les sauces<\/p>\n<p style=\"text-align: justify;\"><strong>&#8211; La cuisine :<\/strong> Des tapas lors de mon s\u00e9jour Espagnol, un Tajine quand j&rsquo;\u00e9tais au Maroc, des empanadas quand j&rsquo;\u00e9tais en Argentine, tous les pr\u00e9textes sont bons pour manger de nouveaux plats&#8230;<\/p>\n<p style=\"text-align: justify;\"><strong>&#8211; Les langues \u00e9trang\u00e8res :<\/strong> De nombreux messages en langue \u00e9trang\u00e8re m&rsquo;ont \u00e9t\u00e9 envoy\u00e9s. Ce fut un bon moyen par exemple pour Marie-Claire de pratiquer la langue de Shakespeare ou pour Roxanne de pratiquer celle de Cervant\u00e8s.<\/p>\n<p style=\"text-align: justify;\">Des petits jeux furent \u00e9galement invent\u00e9s. Ainsi Chantal inventa par exemple un jeu de l&rsquo;oie o\u00f9 chaque case correspondait \u00e0 un \u00e9v\u00e9nement de mon tour du monde. Tombez sur la case prison et reculez de trois cases. Trouvez un bateau et avancez d&rsquo;autant. Attention, couple d\u00e9pressif, reculez d&rsquo;une case !<\/p>\n<p style=\"text-align: justify;\">Ci-dessous, photos de petits cadeaux envoy\u00e9s aux enfants afin de rendre le tour du monde parfois un peu moins abstrait&#8230;<\/p>\n<div id='gallery-1' class='gallery galleryid-1839 gallery-columns-2 gallery-size-herald-lay-a'><figure class='gallery-item'>\n\t\t\t<div class='gallery-icon landscape'>\n\t\t\t\t<a class=\"herald-popup\" href='https:\/\/exploring-beyond.com\/wp-content\/uploads\/2011\/06\/yannickcorcovado.gif'><img loading=\"lazy\" decoding=\"async\" width=\"400\" height=\"265\" src=\"https:\/\/exploring-beyond.com\/wp-content\/uploads\/2011\/06\/yannickcorcovado.gif\" class=\"attachment-herald-lay-a size-herald-lay-a\" alt=\"\" \/><\/a>\n\t\t\t<\/div><\/figure><figure class='gallery-item'>\n\t\t\t<div class='gallery-icon landscape'>\n\t\t\t\t<a class=\"herald-popup\" href='https:\/\/exploring-beyond.com\/wp-content\/uploads\/2011\/06\/roxanne.gif'><img loading=\"lazy\" decoding=\"async\" width=\"400\" height=\"265\" src=\"https:\/\/exploring-beyond.com\/wp-content\/uploads\/2011\/06\/roxanne.gif\" class=\"attachment-herald-lay-a size-herald-lay-a\" alt=\"\" \/><\/a>\n\t\t\t<\/div><\/figure>\n\t\t<\/div>\n\n<p style=\"text-align: justify;\">Avant mon d\u00e9part, les enfants s&rsquo;\u00e9taient regroup\u00e9s pour me fabriquer un bracelet porte-bonheur. Ce bracelet, dont chaque enfant m&rsquo;avait fait une maille, m&rsquo;a suivi durant de nombreux kilom\u00e8tres, prenant l&rsquo;eau dans l&rsquo;Atlantique et la glace en Antarctique. Il fut malheureusement perdu sur le continent blanc au milieu des manchots. \u00ab C&rsquo;est que son destin devait \u00eatre l\u00e0-bas \u00bb m&rsquo;avait r\u00e9pondu la petite Priscilla&#8230; Sans doute&#8230;<\/p>\n<p style=\"text-align: justify;\"><img loading=\"lazy\" decoding=\"async\" style=\"display: block; margin-left: auto; margin-right: auto;\" src=\"http:\/\/www.ludovichubler.com\/wp-content\/uploads\/bracelet.jpg\" alt=\"Avant mon d\u00e9part, les enfants s'\u00e9taient regroup\u00e9s pour me fabriquer un bracelet porte-bonheur\" width=\"250\" height=\"176\" \/><\/p>\n<p style=\"text-align: justify;\">Elodie, malgr\u00e9 sa maladie me met le bracelet \u00e0 la main. Moment tr\u00e8s \u00e9mouvant. Son courage resta grav\u00e9 en moi tout au long de mon parcours.<\/p>\n<p style=\"text-align: justify;\"><a class=\"jcepopup\" title=\"Elodie, malgr\u00e9 sa maladie me met le bracelet \u00e0 la main\" href=\"http:\/\/www.ludovichubler.com\/wp-content\/uploads\/elodiebracelet.jpg\" target=\"_blank\" rel=\"noopener noreferrer\" data-mediabox=\"title[Elodie, malgr\u00e9 sa maladie me met le bracelet \u00e0 la main]\"><img loading=\"lazy\" decoding=\"async\" style=\"display: block; margin-left: auto; margin-right: auto;\" src=\"http:\/\/www.ludovichubler.com\/wp-content\/uploads\/elodiebracelet.jpg\" alt=\"Elodie, malgr\u00e9 sa maladie me met le bracelet \u00e0 la main\" width=\"200\" height=\"175\" \/><\/a><\/p>\n<p style=\"text-align: justify;\">Internet fut un outil merveilleux pour faire de ce projet p\u00e9dagogique un succ\u00e8s. M\u00eame lorsque j&rsquo;\u00e9tais au beau milieu du Pacifique, je pouvais \u00eatre en contact avec les enfants qui avaient eux acc\u00e8s depuis leur lit, parfois dans des chambres st\u00e9rilis\u00e9es. Formidable!<\/p>\n<p style=\"text-align: justify;\">Ci-dessous, quelques photos prises lors de conversations web cam avec des enfants de l&rsquo;h\u00f4pital :<\/p>\n<p style=\"text-align: justify;\">Yannick avec l&rsquo;aide de Michel regarde mon trajet \u00e0 venir :<\/p>\n<p style=\"text-align: justify;\"><img loading=\"lazy\" decoding=\"async\" style=\"display: block; margin-left: auto; margin-right: auto;\" src=\"http:\/\/www.ludovichubler.com\/wp-content\/uploads\/yannicketmichel.jpg\" alt=\"Yannick avec l\u2019aide de Michel regarde mon trajet \u00e0 venir\" width=\"300\" height=\"200\" \/><\/p>\n<p style=\"text-align: justify;\">Discussion avec Yannick, un des patients de l&rsquo;h\u00f4pital :<\/p>\n<p style=\"text-align: justify;\"><a class=\"jcepopup\" title=\"Discussion avec Yannick, un des patients de l\u2019h\u00f4pital \" href=\"http:\/\/www.ludovichubler.com\/wp-content\/uploads\/webcamyannickludo1.jpg\" target=\"_blank\" rel=\"noopener noreferrer\" data-mediabox=\"title[Discussion avec Yannick, un des patients de l\u2019h\u00f4pital ]\"><img loading=\"lazy\" decoding=\"async\" style=\"margin-left: 100px;\" src=\"http:\/\/www.ludovichubler.com\/wp-content\/uploads\/webcamyannickludo1.jpg\" alt=\"Discussion avec Yannick, un des patients de l\u2019h\u00f4pital \" width=\"240\" height=\"150\" \/><\/a><a class=\"jcepopup\" title=\"Discussion avec Yannick, un des patients de l\u2019h\u00f4pital \" href=\"http:\/\/www.ludovichubler.com\/wp-content\/uploads\/webcamyannickludo2.jpg\" target=\"_blank\" rel=\"noopener noreferrer\" data-mediabox=\"title[Discussion avec Yannick, un des patients de l\u2019h\u00f4pital ]\"><img loading=\"lazy\" decoding=\"async\" style=\"margin-left: 10px;\" src=\"http:\/\/www.ludovichubler.com\/wp-content\/uploads\/webcamyannickludo2.jpg\" alt=\"Discussion avec Yannick, un des patients de l\u2019h\u00f4pital \" width=\"200\" height=\"150\" \/><\/a><\/p>\n<p style=\"text-align: justify;\">A plusieurs reprises lors de mes visites dans les h\u00f4pitaux notamment en Inde, au Pakistan et en Iran, les enfants malades de cancer de Strasbourg et les enfants locaux ont pu discuter directement ensemble en vid\u00e9oconf\u00e9rence via web cam et micro. Des exp\u00e9riences sympathiques et nouvelles pour beaucoup de monde. Photos ci-dessous :<\/p>\n<p style=\"text-align: justify;\"><a class=\"jcepopup\" title=\"Photo lors de l'intervention faite depuis Lahore au Pakistan...\" href=\"http:\/\/www.ludovichubler.com\/wp-content\/uploads\/webcamlahore.jpg\" target=\"_blank\" rel=\"noopener noreferrer\" data-mediabox=\"title[Photo lors de l'intervention faite depuis Lahore au Pakistan...]\"><img loading=\"lazy\" decoding=\"async\" src=\"http:\/\/www.ludovichubler.com\/wp-content\/uploads\/webcamlahore.jpg\" alt=\"Photo lors de l'intervention faite depuis Lahore au Pakistan...\" width=\"200\" height=\"150\" \/><\/a><a class=\"jcepopup\" title=\"\u2026 ou \u00e0 T\u00e9heran en Iran\u2026\" href=\"http:\/\/www.ludovichubler.com\/wp-content\/uploads\/webcamiran.jpg\" target=\"_blank\" rel=\"noopener noreferrer\" type=\"image\" data-mediabox=\"title[\u2026 ou \u00e0 T\u00e9heran en Iran\u2026]\"><img loading=\"lazy\" decoding=\"async\" style=\"margin-left: 10px;\" src=\"http:\/\/www.ludovichubler.com\/wp-content\/uploads\/webcamiran.jpg\" alt=\"... ou \u00e0 T\u00e9heran en Iran...\" width=\"240\" height=\"150\" \/><\/a><a class=\"jcepopup\" title=\"\u2026 ou encore \u00e0 Ahmedabad en Inde...\" href=\"http:\/\/www.ludovichubler.com\/wp-content\/uploads\/ahmedabadinde.jpg\" target=\"_blank\" rel=\"noopener noreferrer\" data-mediabox=\"title[\u2026 ou encore \u00e0 Ahmedabad en Inde...]\"><img loading=\"lazy\" decoding=\"async\" style=\"margin-left: 10px;\" src=\"http:\/\/www.ludovichubler.com\/wp-content\/uploads\/ahmedabadinde.jpg\" alt=\"\u2026 ou encore \u00e0 Ahmedabad en Inde...\" width=\"200\" height=\"150\" \/><\/a><\/p>\n<p style=\"text-align: justify;\">Ci-dessous, article d&rsquo;un journal expliquant comment Internet peut am\u00e9liorer le quotidien des enfants malades.<\/p>\n<p style=\"text-align: justify;\"><a class=\"jcepopup\" title=\"comment Internet peut am\u00e9liorer le quotidien des enfants malades\" href=\"http:\/\/www.ludovichubler.com\/wp-content\/uploads\/articleprojetpedagogique.jpg\" target=\"_blank\" rel=\"noopener noreferrer\" data-mediabox=\"title[comment Internet peut am\u00e9liorer le quotidien des enfants malades]\"><img loading=\"lazy\" decoding=\"async\" style=\"display: block; margin-left: auto; margin-right: auto;\" src=\"http:\/\/www.ludovichubler.com\/wp-content\/uploads\/articleprojetpedagogique.jpg\" alt=\"comment Internet peut am\u00e9liorer le quotidien des enfants malades\" width=\"200\" height=\"200\" \/><\/a><\/p>\n<p style=\"text-align: justify;\">\u00ab Un m\u00e9dicament contre la d\u00e9prime sans effet ind\u00e9sirable \u00bb m&rsquo;a dit un jour Michel, l&rsquo;un des instituteurs..<\/p>\n<p style=\"text-align: justify;\">Pour plus d&rsquo;informations sur la mani\u00e8re dont le CHU a pu utiliser mon tour du monde, je vous invite \u00e0 lire le travail fait par Marie-Claire Laugner sur le sujet en cliquant ici.<\/p>\n<p><a class=\"jcepopup\" title=\"Laura\" href=\"http:\/\/www.ludovichubler.com\/wp-content\/uploads\/laura.jpg\" target=\"_blank\" rel=\"noopener noreferrer\" data-mediabox=\"title[Laura]\"><img loading=\"lazy\" decoding=\"async\" style=\"display: block; margin-left: auto; margin-right: auto;\" src=\"http:\/\/www.ludovichubler.com\/wp-content\/uploads\/laura.jpg\" alt=\"Laura\" width=\"200\" height=\"150\" \/><\/a><\/p>\n","protected":false},"excerpt":{"rendered":"<p>Le voyage \u00e9tait mon r\u00eave, le partage mon moteur. Durant la totalit\u00e9 de mon parcours, j&rsquo;ai cherch\u00e9 \u00e0 partager les enseignements de mon voyage de diff\u00e9rentes mani\u00e8res. Partie 1 : Projet p\u00e9dagogique en collaboration avec le CHU Strasbourg- Hautepierre Avant de partir pour ce tour du monde en stop, je m&rsquo;\u00e9tais engag\u00e9 avec le CHU- [&hellip;]<\/p>\n","protected":false},"author":1,"featured_media":5232,"parent":6141,"menu_order":0,"comment_status":"open","ping_status":"closed","template":"","meta":{"footnotes":""},"class_list":["post-1839","page","type-page","status-publish","has-post-thumbnail","hentry"],"_links":{"self":[{"href":"https:\/\/exploring-beyond.com\/index.php?rest_route=\/wp\/v2\/pages\/1839","targetHints":{"allow":["GET"]}}],"collection":[{"href":"https:\/\/exploring-beyond.com\/index.php?rest_route=\/wp\/v2\/pages"}],"about":[{"href":"https:\/\/exploring-beyond.com\/index.php?rest_route=\/wp\/v2\/types\/page"}],"author":[{"embeddable":true,"href":"https:\/\/exploring-beyond.com\/index.php?rest_route=\/wp\/v2\/users\/1"}],"replies":[{"embeddable":true,"href":"https:\/\/exploring-beyond.com\/index.php?rest_route=%2Fwp%2Fv2%2Fcomments&post=1839"}],"version-history":[{"count":7,"href":"https:\/\/exploring-beyond.com\/index.php?rest_route=\/wp\/v2\/pages\/1839\/revisions"}],"predecessor-version":[{"id":16122,"href":"https:\/\/exploring-beyond.com\/index.php?rest_route=\/wp\/v2\/pages\/1839\/revisions\/16122"}],"up":[{"embeddable":true,"href":"https:\/\/exploring-beyond.com\/index.php?rest_route=\/wp\/v2\/pages\/6141"}],"wp:featuredmedia":[{"embeddable":true,"href":"https:\/\/exploring-beyond.com\/index.php?rest_route=\/wp\/v2\/media\/5232"}],"wp:attachment":[{"href":"https:\/\/exploring-beyond.com\/index.php?rest_route=%2Fwp%2Fv2%2Fmedia&parent=1839"}],"curies":[{"name":"wp","href":"https:\/\/api.w.org\/{rel}","templated":true}]}}