{"id":1838,"date":"2011-06-20T14:09:32","date_gmt":"2011-06-20T12:09:32","guid":{"rendered":"http:\/\/lemondeenstop.com\/le-mot-de-la-fin-plus-jamais-2\/"},"modified":"2019-05-01T10:46:31","modified_gmt":"2019-05-01T08:46:31","slug":"motdelafin","status":"publish","type":"page","link":"https:\/\/exploring-beyond.com\/?page_id=1838","title":{"rendered":"Le mot de la fin : PLUS JAMAIS"},"content":{"rendered":"<p style=\"text-align: justify;\"><strong>A ma famille, mes amis rencontr\u00e9s avant et pendant ce tour du monde, aux personnes qui m&rsquo;ont suivi et encourag\u00e9 pendant ces 5 ann\u00e9es de voyage autour de la plan\u00e8te, \u00e0 vous tous lecteurs de mon site et de mes newsletters.<\/strong><\/p>\n<p><!--more--><\/p>\n<p style=\"text-align: justify;\">Ca y est, la boucle est boucl\u00e9e ! 5 ans jour pour jour apr\u00e8s avoir quitt\u00e9 les montagnes des Alpes, me revoil\u00e0 de retour au point de d\u00e9part, \u00e0 l&rsquo;endroit m\u00eame que j&rsquo;avais quitt\u00e9 le 1er janvier 2003. J&rsquo;avais alors 25 ans, j&rsquo;en ai aujourd&rsquo;hui 30.<\/p>\n<p style=\"text-align: justify;\">Ci-dessous, \u00e0 gauche, vous verrez la premi\u00e8re photo du tour du monde en stop prise le 1er janvier 2003. A droite, la derni\u00e8re, 5 ans plus tard. A vous de juger si j&rsquo;ai pris de l&rsquo;\u00e2ge&#8230;<\/p>\n<p><img loading=\"lazy\" decoding=\"async\" src=\"http:\/\/www.ludovichubler.com\/wp-content\/uploads\/1erephotoetderniere.jpg\" alt=\"1\u00e8re et derni\u00e8re photo\" width=\"660\" height=\"432\" \/><\/p>\n<p style=\"text-align: justify;\">Avant toute chose, je tiens \u00e0 remercier toutes celles et ceux qui m&rsquo;ont permis de rendre ce r\u00eave d&rsquo;enfant possible, \u00e0 commencer par mes proches (famille, amis) qui m&rsquo;ont toujours soutenu moralement et \u00e0 tous ces gens qui ont bien voulu me prendre en stop ou me loger pour quelques nuits contre quelques histoires. Je tiens \u00e9galement \u00e0 avoir une pens\u00e9e sp\u00e9ciale pour Claudio, mon \u00ab\u00a0coach\u00a0\u00bb qui m&rsquo;a tant aid\u00e9 pendant toutes ces ann\u00e9es et pour tous les enfants de l&rsquo;h\u00f4pital de Strasbourg-Hautepierre qui ont suivi mon parcours depuis le d\u00e9part.<\/p>\n<p style=\"text-align: justify;\"><strong>5 ans autour du monde, \u00e7a change un homme.<\/strong> Le Ludovic Hubler qui \u00e9tait parti pour r\u00e9aliser son r\u00eave d&rsquo;enfant en 2003 n&rsquo;est plus le m\u00eame que celui qui vient d&rsquo;en revenir.<\/p>\n<p style=\"text-align: justify;\">J&rsquo;ai souvent consid\u00e9r\u00e9 la r\u00e9alisation de ce tour du monde comme une v\u00e9ritable \u00e9tape n\u00e9cessaire de ma vie entre la fin de mes \u00e9tudes et le d\u00e9but de ma vie professionnelle, au m\u00eame titre que le serait un Doctorat ou un Master pour d&rsquo;autres, dans diff\u00e9rents domaines. Cependant, cette \u00e9tape ne s&rsquo;est pas pass\u00e9e dans une salle de classe mais bel et bien au contact de la r\u00e9alit\u00e9 du terrain, aux c\u00f4t\u00e9s des conducteurs et des peuples du monde entier. Ce tour du monde devait au d\u00e9part durer 2 ans, il en aura finalement dur\u00e9 5 car il m&rsquo;est apparu n\u00e9cessaire d&rsquo;aller davantage en profondeur dans la connaissance de notre plan\u00e8te.<\/p>\n<p style=\"text-align: justify;\">Afin de partir \u00e0 la rencontre des hommes, j&rsquo;ai choisi d&rsquo;utiliser le stop sous toutes ses formes pour me d\u00e9placer (auto-stop, bateau-stop, etc.), en cherchant \u00e0 r\u00e9aliser le <strong>d\u00e9fi de <em>\u00ab boucler la grande boucle \u00bb<\/em> sans d\u00e9penser le moindre frais de transport.<\/strong> Aucune phrase ne peut mieux r\u00e9sumer ma vision du stop que celle utilis\u00e9e par le <em>Diario del fin del mundo<\/em>, quotidien Argentin bas\u00e9 \u00e0 Ushuaia en Terre de Feu, qui titrait le 28 novembre 2003 un article sur mon aventure <em>\u00ab Asistiendo a la mejor escuela de vida \u00bb<\/em> (<em>\u00ab Vivant la meilleure \u00e9cole de la vie \u00bb<\/em>).<\/p>\n<p style=\"text-align: justify;\"><em>La meilleure \u00e9cole de la vie.<\/em> Le stop permet en effet de faire rencontrer 2 individus ne se connaissant absolument pas au d\u00e9part en situation presque intime, l&rsquo;espace de quelques minutes, heures ou m\u00eame parfois jours. Un voyage n&rsquo;a \u00e0 mon go\u00fbt aucun int\u00e9r\u00eat s&rsquo;il n&rsquo;est pas ponctu\u00e9 de rencontres avec les populations locales. Le stop permet cette rencontre. J&rsquo;ai souvent consid\u00e9r\u00e9 que chacun des quelques 1300 conducteurs m&rsquo;ayant pris en stop durant mes 5 ann\u00e9es de stop autour du monde (plus une centaine durant le tour d&rsquo;Europe l&rsquo;ayant pr\u00e9c\u00e9d\u00e9) avait quelque chose \u00e0 m&rsquo;enseigner. J&rsquo;ai ainsi pu confronter mes points de vue avec des gens aux pass\u00e9s tr\u00e8s diff\u00e9rents de moi, pu apprendre de nombreuses choses sur les pays travers\u00e9s et ainsi avoir la vision des locaux&#8230;<\/p>\n<p style=\"text-align: justify;\">Mais au del\u00e0 du stop et apr\u00e8s 5 ans de tour du monde, les 2 mots que j&rsquo;ai envie de prononcer aujourd&rsquo;hui sont : <strong>PLUS JAMAIS<\/strong>.<\/p>\n<h3 style=\"text-align: justify;\">PLUS JAMAIS<\/h3>\n<p style=\"text-align: justify;\"><strong>Plus jamais<\/strong>, je n&rsquo;agirai sans penser aux cons\u00e9quences de mes actes pour l&rsquo;environnement et plus jamais je ne laisserai mon gouvernement ignorer les d\u00e9fis pour la plan\u00e8te. De la vision de la d\u00e9forestation au Honduras, Br\u00e9sil ou Indon\u00e9sie \u00e0 la vision de la fonte des glaciers en Antarctique ou dans le grand nord Canadien, j&rsquo;ai pu me rendre compte \u00e0 quel point l&rsquo;\u00eatre humain est en train de d\u00e9truire petit \u00e0 petit notre si belle plan\u00e8te. L&rsquo;hebdomadaire Anglais \u00ab\u00a0The Economist\u00a0\u00bb \u00e9crivait r\u00e9cemment dans ses colonnes <em>\u00ab\u00a0Will individual ignorance and selfishness lead to collective doom ?\u00a0\u00bb (Est-ce que l&rsquo;ignorance et l&rsquo;\u00e9go\u00efsme individuel m\u00e8neront \u00e0 une faillite collective ?)<\/em>, c&rsquo;est une question que je me pose aujourd&rsquo;hui tr\u00e8s fr\u00e9quemment&#8230; Chacun de nous a un r\u00f4le \u00e0 jouer pour \u00e9viter cette faillite collective. L&rsquo;une des grandes priorit\u00e9s pour cela et qui aiderait en m\u00eame temps d&rsquo;autres sujets sensibles est la promotion des \u00e9nergies alternatives.<\/p>\n<p style=\"text-align: justify;\"><strong>Plus jamais<\/strong>, je ne me plaindrai pour ce que je n&rsquo;ai pas. Ce tour du monde m&rsquo;a permis de c\u00f4toyer des gens qui n&rsquo;avaient rien (ni eau potable, ni \u00e9lectricit\u00e9, etc.) et qui pourtant gardaient le sourire, cherchaient \u00e0 offrir l&rsquo;hospitalit\u00e9 et ne se plaignaient jamais de leur sort. Je m&rsquo;efforcerai dor\u00e9navant de ne jamais oublier ces gens qui m&rsquo;ont tant apport\u00e9 et de relativiser mes probl\u00e8mes personnels.<\/p>\n<p style=\"text-align: justify;\"><strong>Plus jamais<\/strong>, je n&rsquo;ignorerai le travail fabuleux de toutes ces personnes travaillant dans l&rsquo;ombre (souvent b\u00e9n\u00e9volement ou presque) et cherchant \u00e0 rendre notre monde meilleur. Avant de partir, je ne savais m\u00eame pas ce que les lettres \u00ab\u00a0ONG\u00a0\u00bb voulaient dire. Apr\u00e8s la visite d&rsquo;une centaine d&rsquo;entre elles et la rencontre d&rsquo;individus formidables cherchant \u00e0 changer la destin\u00e9e des plus d\u00e9favoris\u00e9s, je n&rsquo;ai qu&rsquo;une seule envie : <strong>Apporter ma modeste contribution \u00e0 leur effort et encourager chacun d&rsquo;entre vous \u00e0 faire de m\u00eame.<\/strong><\/p>\n<p style=\"text-align: justify;\"><strong>Plus jamais<\/strong>, je n&rsquo;oublierai la chance que j&rsquo;ai d&rsquo;\u00eatre n\u00e9 en France. Merci Papa, merci Maman. Combien de personnes m&rsquo;ont-ils rappel\u00e9 pendant ces 5 ann\u00e9es la chance que j&rsquo;ai d&rsquo;avoir eu acc\u00e8s \u00e0 une \u00e9ducation de qualit\u00e9, d&rsquo;avoir un passeport me permettant de me d\u00e9placer librement \u00e0 travers le monde et d&rsquo;avoir une monnaie forte me permettant de rendre un tel voyage possible. J&rsquo;aimerais, dans un avenir pas trop lointain, qu&rsquo;il y ait r\u00e9ciprocit\u00e9 dans les d\u00e9placements des citoyens de ce monde. Ce n&rsquo;est pas le cas aujourd&rsquo;hui et j&rsquo;esp\u00e8re que nous comprendrons dans un futur proche que beaucoup des probl\u00e8mes du monde seront r\u00e9solus par le d\u00e9veloppement d&rsquo;un \u00e9quilibre entre les diff\u00e9rents pays.<\/p>\n<p style=\"text-align: justify;\"><strong>Plus jamais<\/strong>, je ne jugerai qui que ce soit en me basant simplement sur l&rsquo;apparence physique, la nationalit\u00e9, l&rsquo;appartenance religieuse ou sur des st\u00e9r\u00e9otypes. Si mon tour du monde m&rsquo;a appris une chose, c&rsquo;est que nous sommes tous les m\u00eames peu importe notre couleur de peau, notre religion, notre race ou l&rsquo;\u00e9quipe de football support\u00e9e. Chacun des 6 milliards et demi de citoyens de ce monde (ou l&rsquo;immense majorit\u00e9) partage les m\u00eames besoins primaires et envies. Chacun d&rsquo;entre nous recherche le bonheur, la s\u00e9curit\u00e9, l&rsquo;amour, le d\u00e9sir d&rsquo;avoir des enfants et la volont\u00e9 de leur permettre de vivre le meilleur avenir possible. La diversit\u00e9 est une richesse et nous devons tous apprendre les uns des autres.<\/p>\n<p style=\"text-align: justify;\"><strong>Plus jamais<\/strong>, je ne laisserai la recherche de sensationnalisme et de mauvaises nouvelles des m\u00e9dias laver mon cerveau. Mes r\u00e9cents s\u00e9jours en Iran, au Pakistan, en Afghanistan ou en Colombie m&rsquo;ont montr\u00e9 \u00e0 quel point la perception que j&rsquo;avais des habitants de ces pays \u00e9taient totalement biais\u00e9e \u00e0 cause de m\u00e9dias n&rsquo;insistant que sur les activit\u00e9s de quelques illumin\u00e9s ne repr\u00e9sentant pas la majorit\u00e9 de la population.<\/p>\n<p style=\"text-align: justify;\"><strong>Plus jamais<\/strong>, je ne refuserai d&rsquo;offrir l&rsquo;hospitalit\u00e9 \u00e0 un voyageur de passage ou \u00e0 un ami dans le besoin. Outre le fait que je suis endett\u00e9 pendant un moment envers tous ceux qui m&rsquo;ont offert l&rsquo;hospitalit\u00e9 pendant ces 5 ann\u00e9es de voyage, j&rsquo;ai pu voir \u00e0 quel point le monde occidental a beaucoup \u00e0 apprendre de l&rsquo;Am\u00e9rique Latine ou du Moyen-Orient \u00e0 ce niveau. Merci par ailleurs aux 2 sites internet <a title=\"www.hospitalityclub.org\" href=\"http:\/\/www.hospitalityclub.org\" target=\"_blank\" rel=\"noopener noreferrer\">www.hospitalityclub.org<\/a> et <a title=\"www.couchsurfing.com\" href=\"http:\/\/www.couchsurfing.com\" target=\"_blank\" rel=\"noopener noreferrer\">www.couchsurfing.com<\/a> qui ont rendu mon tour du monde bien plus ais\u00e9 et bien plus int\u00e9ressant.<\/p>\n<p style=\"text-align: justify;\"><strong>Plus jamais<\/strong>, je n&rsquo;ach\u00e8terai de produits sans penser aux cons\u00e9quences de mon acte d&rsquo;achat. Lors des conf\u00e9rences que j&rsquo;ai donn\u00e9es dans diverses \u00e9coles et organisations, j&rsquo;ai souvent cherch\u00e9 \u00e0 faire la promotion du commerce \u00e9quitable et \u00e0 responsabiliser le consommateur. <em>\u00ab\u00a0Acheter, c&rsquo;est voter\u00a0\u00bb<\/em>. D\u00e9sormais, chaque fois que j&rsquo;ach\u00e8terai un produit quelconque, je me poserai la question du type d&rsquo;entreprise que je cautionne.<\/p>\n<p style=\"text-align: justify;\"><strong>Plus jamais<\/strong>, je n&rsquo;aurai peur de me lancer dans des projets d&rsquo;ampleur. La citation d&rsquo;Oscar Wilde <em>\u00ab\u00a0La sagesse, c&rsquo;est d&rsquo;avoir des r\u00eaves suffisamment grands pour ne pas les perdre de vue lorsqu&rsquo;on les poursuit\u00a0\u00bb<\/em> qui m&rsquo;avait pouss\u00e9 \u00e0 me lancer dans l&rsquo;aventure s&rsquo;est av\u00e9r\u00e9e \u00eatre un leitmotiv pour moi tout au long de mon parcours. De m\u00eame, la citation de Dominique Glocheux <em>\u00ab\u00a0La vie n&rsquo;est pas un restaurant mais un buffet, levez-vous pour vous servir\u00a0\u00bb<\/em> restera \u00e0 jamais grav\u00e9e dans ma m\u00e9moire.<\/p>\n","protected":false},"excerpt":{"rendered":"<p>A ma famille, mes amis rencontr\u00e9s avant et pendant ce tour du monde, aux personnes qui m&rsquo;ont suivi et encourag\u00e9 pendant ces 5 ann\u00e9es de voyage autour de la plan\u00e8te, \u00e0 vous tous lecteurs de mon site et de mes newsletters.<\/p>\n","protected":false},"author":1,"featured_media":12786,"parent":6141,"menu_order":0,"comment_status":"open","ping_status":"closed","template":"","meta":{"footnotes":""},"class_list":["post-1838","page","type-page","status-publish","has-post-thumbnail","hentry"],"_links":{"self":[{"href":"https:\/\/exploring-beyond.com\/index.php?rest_route=\/wp\/v2\/pages\/1838","targetHints":{"allow":["GET"]}}],"collection":[{"href":"https:\/\/exploring-beyond.com\/index.php?rest_route=\/wp\/v2\/pages"}],"about":[{"href":"https:\/\/exploring-beyond.com\/index.php?rest_route=\/wp\/v2\/types\/page"}],"author":[{"embeddable":true,"href":"https:\/\/exploring-beyond.com\/index.php?rest_route=\/wp\/v2\/users\/1"}],"replies":[{"embeddable":true,"href":"https:\/\/exploring-beyond.com\/index.php?rest_route=%2Fwp%2Fv2%2Fcomments&post=1838"}],"version-history":[{"count":3,"href":"https:\/\/exploring-beyond.com\/index.php?rest_route=\/wp\/v2\/pages\/1838\/revisions"}],"predecessor-version":[{"id":12755,"href":"https:\/\/exploring-beyond.com\/index.php?rest_route=\/wp\/v2\/pages\/1838\/revisions\/12755"}],"up":[{"embeddable":true,"href":"https:\/\/exploring-beyond.com\/index.php?rest_route=\/wp\/v2\/pages\/6141"}],"wp:featuredmedia":[{"embeddable":true,"href":"https:\/\/exploring-beyond.com\/index.php?rest_route=\/wp\/v2\/media\/12786"}],"wp:attachment":[{"href":"https:\/\/exploring-beyond.com\/index.php?rest_route=%2Fwp%2Fv2%2Fmedia&parent=1838"}],"curies":[{"name":"wp","href":"https:\/\/api.w.org\/{rel}","templated":true}]}}