{"id":1833,"date":"2011-06-20T14:06:55","date_gmt":"2011-06-20T12:06:55","guid":{"rendered":"http:\/\/lemondeenstop.com\/itineraire-suivi-2\/"},"modified":"2019-05-19T11:37:54","modified_gmt":"2019-05-19T09:37:54","slug":"itineraire","status":"publish","type":"page","link":"https:\/\/exploring-beyond.com\/?page_id=1833","title":{"rendered":"Itin\u00e9raire suivi"},"content":{"rendered":"<p>&nbsp;<\/p>\n<p style=\"text-align: justify;\">Le choix de l\u2019itin\u00e9raire fut un moment excitant. Tracer d\u2019un doigt incertain un chemin sur une carte vierge, en imaginer les paysages, les issues en cas de probl\u00e8me, est un plaisir qui m\u2019a tenu \u00e9veill\u00e9 tard le soir pendant de nombreuses semaines.<\/p>\n<p style=\"text-align: justify;\">J\u2019ai finalement choisi de d\u00e9buter ce tour du monde le 1er janvier 2003 par la station de ski de Val d\u2019Is\u00e8re o\u00f9 plusieurs de mes amis y passaient le nouvel an. Je trouvais sympa l\u2019id\u00e9e de d\u00e9buter mon voyage le premier jour de l\u2019ann\u00e9e au milieu des montagnes Alpines. D\u00e9but d\u2019une nouvelle ann\u00e9e, d\u00e9but d\u2019une nouvelle \u00e9tape de ma vie !<\/p>\n<p style=\"text-align: justify;\">Je suis ensuite descendu vers Dakar au S\u00e9n\u00e9gal d\u2019o\u00f9 d\u00e9buta ma premi\u00e8re exp\u00e9rience de bateau-stop en direction du Br\u00e9sil.<\/p>\n<p style=\"text-align: justify;\">Mon choix de partir d\u2019Est en Ouest fut avant tout motiv\u00e9 par ma volont\u00e9 de m\u2019adapter aux voiliers s\u2019adaptant eux aux aliz\u00e9s.<\/p>\n<p style=\"text-align: justify;\">Malheureusement, lorsqu\u2019on fait du bateau-stop, l\u2019adaptation au sens des aliz\u00e9s ne suffit pas. Il s\u2019agit \u00e9galement de s\u2019adapter aux saisons, chose que je n\u2019ai pas faite. La grande majorit\u00e9 des voiliers partant vers l\u2019Ouest le font entre les mois de septembre et d\u00e9cembre. Pour ma part, je me suis retrouv\u00e9 \u00e0 Dakar, puis aux \u00eeles Canaries et au Cap-Vert, aux mois d\u2019avril et mai. Presque deux mois me furent finalement n\u00e9cessaires avant de rejoindre le pays de la samba.<\/p>\n<p style=\"text-align: justify;\">Depuis la ville de Recife dans le Nordeste Br\u00e9silien, et apr\u00e8s avoir r\u00e9alis\u00e9 une mission humanitaire de trois mois dans l\u2019\u00e9tat du Minas G\u00e9rais, j\u2019ai entam\u00e9 une longue ligne droite me permettant de rejoindre la ville d\u2019Ushuaia en Argentine, la ville la plus au sud du monde.<\/p>\n<p style=\"text-align: justify;\">De l\u00e0, je me suis pos\u00e9 la question de la faisabilit\u00e9 du brise-glace-stop pour rejoindre le continent Antarctique puis me suis lanc\u00e9 dans l\u2019aventure, une recherche qui me pris finalement 6 semaines avant de trouver mon bonheur.<\/p>\n<p style=\"text-align: justify;\">Apr\u00e8s 3 semaines pass\u00e9es aux c\u00f4t\u00e9s notamment de scientifiques sur le continent blanc, je repris ma route vers le nord traversant le Chili, le P\u00e9rou, l\u2019Equateur, la Colombie et toute l\u2019Am\u00e9rique centrale avant de me lancer dans une tourn\u00e9e de conf\u00e9rences d\u2019une ann\u00e9e \u00e0 travers 36 \u00e9tats am\u00e9ricains et 3 provinces canadiennes. Une tourn\u00e9e qui me permettra de partager mon parcours et de sensibiliser plus de 20.000 enfants, \u00e9tudiants et adultes aux d\u00e9fis plan\u00e9taires \u00e0 travers 114 conf\u00e9rences.<\/p>\n<p style=\"text-align: justify;\">Une fois la tourn\u00e9e de conf\u00e9rence termin\u00e9e et ne trouvant pas de bateau depuis les Etats-Unis en partance vers l\u2019Australie (mauvaise saison), je suis redescendu vers le Panama d\u2019o\u00f9, apr\u00e8s 6 semaines de recherche, j\u2019ai finalement trouv\u00e9 un homme seul sur son catamaran sur le point de partir vers la Nouvelle-Z\u00e9lande.<\/p>\n<p style=\"text-align: justify;\">Apr\u00e8s 4 mois de travers\u00e9e, et de formidables arr\u00eats dans les \u00eeles Gal\u00e1pagos, en Polyn\u00e9sie Fran\u00e7aise, dans les \u00eeles Cook et Tonga, je parvins \u00e0 trouver un cargo me permettant de rejoindre l\u2019Australie via ma premi\u00e8re exp\u00e9rience de cargo-stop.<\/p>\n<p style=\"text-align: justify;\">L\u2019Australie est un vaste pays et le stop effraie sa population du fait d\u2019exp\u00e9riences macabres pass\u00e9es. Cinq mois \u00e0 travers ce pays m\u2019ont cependant permis de le traverser et de d\u00e9couvrir un certain nombre de ses parcs naturels et richesses de toutes sortes. Depuis Darwin, ville d\u00e9truite en 1974 par l\u2019ouragan Tracy et apr\u00e8s 6 semaines de recherche, j\u2019ai finalement trouv\u00e9 un bateau me permettant de rejoindre le continent Asiatique.<br \/>\nUn continent Asiatique que je vais d\u00e9couvrir de long en large en me rendant dans quasiment tous ses pays : Indon\u00e9sie, Malaisie, Singapour, Tha\u00eflande, Birmanie, Laos, Cambodge, Vi\u00eat-Nam, Chine (et Tibet), Cor\u00e9e du Nord, Mongolie, N\u00e9pal, Inde, Pakistan, Afghanistan, Tadjikistan, Ouzb\u00e9kistan, Turkm\u00e9nistan, Iran, Turquie avant d\u2019entamer la derni\u00e8re ligne droite \u00e0 travers l\u2019Europe : Bulgarie, Serbie, Hongrie, Autriche, Allemagne et France.<\/p>\n<p style=\"text-align: justify;\"><strong>Retour \u00e0 la maison le 1er janvier 2008, 5 ann\u00e9es jour pour jour apr\u00e8s le d\u00e9part.<\/strong><\/p>\n<p style=\"text-align: justify;\">Pour davantage de d\u00e9tails sur mon parcours, vous pouvez retrouver le d\u00e9tail de mon voyage en photo sur la galerie photos, toutes mes br\u00e8ves \u00e9crite pendant ces 5 ann\u00e9es de voyage<a title=\"toutes mes br\u00e8ves \u00e9crite pendant ces 5 ann\u00e9es de voyage\" href=\"http:\/\/www.ludovichubler.com\/?p=1834\"> en cliquant ici<\/a> ou toutes les newsletters en <a title=\"toutes les newsletters\" href=\"http:\/\/www.ludovichubler.com\/?page_id=1835\">cliquant ici<\/a>, dont le but \u00e9tait de r\u00e9sumer chaque \u00e9tape.<\/p>\n<p style=\"text-align: justify;\"><a class=\"jcepopup\" title=\"Itin\u00e9raire suivi\" href=\"http:\/\/lemondeenstop.com\/wp-content\/uploads\/2014\/09\/itineraire.jpg\" target=\"_blank\" rel=\"noopener noreferrer\" data-mediabox=\"title[Itin\u00e9raire suivi]\"><img loading=\"lazy\" decoding=\"async\" class=\"aligncenter\" src=\"http:\/\/lemondeenstop.com\/wp-content\/uploads\/2014\/09\/itineraire.jpg\" alt=\"Itin\u00e9raire suivi\" width=\"660\" height=\"367\" \/><\/a><\/p>\n","protected":false},"excerpt":{"rendered":"<p>&nbsp; Le choix de l\u2019itin\u00e9raire fut un moment excitant. Tracer d\u2019un doigt incertain un chemin sur une carte vierge, en imaginer les paysages, les issues en cas de probl\u00e8me, est un plaisir qui m\u2019a tenu \u00e9veill\u00e9 tard le soir pendant de nombreuses semaines. J\u2019ai finalement choisi de d\u00e9buter ce tour du monde le 1er janvier [&hellip;]<\/p>\n","protected":false},"author":1,"featured_media":12236,"parent":6141,"menu_order":0,"comment_status":"open","ping_status":"closed","template":"","meta":{"footnotes":""},"class_list":["post-1833","page","type-page","status-publish","has-post-thumbnail","hentry"],"_links":{"self":[{"href":"https:\/\/exploring-beyond.com\/index.php?rest_route=\/wp\/v2\/pages\/1833","targetHints":{"allow":["GET"]}}],"collection":[{"href":"https:\/\/exploring-beyond.com\/index.php?rest_route=\/wp\/v2\/pages"}],"about":[{"href":"https:\/\/exploring-beyond.com\/index.php?rest_route=\/wp\/v2\/types\/page"}],"author":[{"embeddable":true,"href":"https:\/\/exploring-beyond.com\/index.php?rest_route=\/wp\/v2\/users\/1"}],"replies":[{"embeddable":true,"href":"https:\/\/exploring-beyond.com\/index.php?rest_route=%2Fwp%2Fv2%2Fcomments&post=1833"}],"version-history":[{"count":5,"href":"https:\/\/exploring-beyond.com\/index.php?rest_route=\/wp\/v2\/pages\/1833\/revisions"}],"predecessor-version":[{"id":16119,"href":"https:\/\/exploring-beyond.com\/index.php?rest_route=\/wp\/v2\/pages\/1833\/revisions\/16119"}],"up":[{"embeddable":true,"href":"https:\/\/exploring-beyond.com\/index.php?rest_route=\/wp\/v2\/pages\/6141"}],"wp:featuredmedia":[{"embeddable":true,"href":"https:\/\/exploring-beyond.com\/index.php?rest_route=\/wp\/v2\/media\/12236"}],"wp:attachment":[{"href":"https:\/\/exploring-beyond.com\/index.php?rest_route=%2Fwp%2Fv2%2Fmedia&parent=1833"}],"curies":[{"name":"wp","href":"https:\/\/api.w.org\/{rel}","templated":true}]}}