{"id":1826,"date":"2011-06-20T13:50:48","date_gmt":"2011-06-20T11:50:48","guid":{"rendered":"http:\/\/lemondeenstop.com\/plaquette-de-presentation-du-tour-2\/"},"modified":"2019-05-01T12:24:15","modified_gmt":"2019-05-01T10:24:15","slug":"plaquette-de-presentation-du-tour","status":"publish","type":"page","link":"https:\/\/exploring-beyond.com\/?page_id=1826","title":{"rendered":"Plaquette de pr\u00e9sentation du tour"},"content":{"rendered":"<h3>Le tour du monde en Auto-stop&#8230; Du r\u00eave \u00e0 la r\u00e9alit\u00e9&#8230;<\/h3>\n<p><img loading=\"lazy\" decoding=\"async\" src=\"http:\/\/www.ludovichubler.com\/wp-content\/uploads\/desertnevada_55b0a3a2ba85a.jpg\" alt=\"Dans le d\u00e9sert du N\u00e9vada\" width=\"660\" height=\"227\" \/><\/p>\n<p style=\"text-align: justify;\"><em>\u00ab\u00a0Du r\u00eave \u00e0 la r\u00e9alit\u00e9, il n\u2019y a qu\u2019un pas\u2026mais qu\u2019il para\u00eet immense pour grand nombre d\u2019entre nous ! Certains r\u00eavent leur vie, moi, j\u2019ai d\u00e9cid\u00e9 de vivre mon r\u00eave : faire le tour du monde en utilisant l\u2019auto-stop et le bateau-stop comme seuls moyens de transport. <\/em><em>Certes, on peut tout aussi bien rester chez soi, faire le tour du monde en regardant la t\u00e9l\u00e9vision, ou en feuilletant les journaux et les magazines\u2026 <\/em><em>\u2026Mais lire un beau roman d\u2019amour n\u2019est pas vivre une belle histoire d\u2019amour\u2026\u00a0\u00bb<\/em><\/p>\n<p style=\"text-align: justify;\">Vous trouverez ci-dessous la plaquette que j&rsquo;avais r\u00e9alis\u00e9 avant de partir pour mon tour du monde en stop en 2002. J&rsquo;avais, gr\u00e2ce \u00e0 celle-ci, trouv\u00e9 quelques <a href=\"http:\/\/www.exploring-beyond.com\/aspects-pratiques-6-partenaires\/\">partenaires<\/a>.<\/p>\n<p><a title=\"Plaquette du tour du monde en Auto-stop\" href=\"http:\/\/www.ludovichubler.com\/wp-content\/uploads\/tourdumondeplaquette.pdf\" target=\"_blank\" rel=\"noopener noreferrer\">&gt; T\u00e9l\u00e9charger la plaquette du tour du monde en Auto-stop<\/a><\/p>\n","protected":false},"excerpt":{"rendered":"<p>Le tour du monde en Auto-stop&#8230; Du r\u00eave \u00e0 la r\u00e9alit\u00e9&#8230; \u00ab\u00a0Du r\u00eave \u00e0 la r\u00e9alit\u00e9, il n\u2019y a qu\u2019un pas\u2026mais qu\u2019il para\u00eet immense pour grand nombre d\u2019entre nous ! Certains r\u00eavent leur vie, moi, j\u2019ai d\u00e9cid\u00e9 de vivre mon r\u00eave : faire le tour du monde en utilisant l\u2019auto-stop et le bateau-stop comme seuls [&hellip;]<\/p>\n","protected":false},"author":1,"featured_media":2738,"parent":6139,"menu_order":1,"comment_status":"open","ping_status":"closed","template":"","meta":{"footnotes":""},"class_list":["post-1826","page","type-page","status-publish","has-post-thumbnail","hentry"],"_links":{"self":[{"href":"https:\/\/exploring-beyond.com\/index.php?rest_route=\/wp\/v2\/pages\/1826","targetHints":{"allow":["GET"]}}],"collection":[{"href":"https:\/\/exploring-beyond.com\/index.php?rest_route=\/wp\/v2\/pages"}],"about":[{"href":"https:\/\/exploring-beyond.com\/index.php?rest_route=\/wp\/v2\/types\/page"}],"author":[{"embeddable":true,"href":"https:\/\/exploring-beyond.com\/index.php?rest_route=\/wp\/v2\/users\/1"}],"replies":[{"embeddable":true,"href":"https:\/\/exploring-beyond.com\/index.php?rest_route=%2Fwp%2Fv2%2Fcomments&post=1826"}],"version-history":[{"count":3,"href":"https:\/\/exploring-beyond.com\/index.php?rest_route=\/wp\/v2\/pages\/1826\/revisions"}],"predecessor-version":[{"id":13546,"href":"https:\/\/exploring-beyond.com\/index.php?rest_route=\/wp\/v2\/pages\/1826\/revisions\/13546"}],"up":[{"embeddable":true,"href":"https:\/\/exploring-beyond.com\/index.php?rest_route=\/wp\/v2\/pages\/6139"}],"wp:featuredmedia":[{"embeddable":true,"href":"https:\/\/exploring-beyond.com\/index.php?rest_route=\/"}],"wp:attachment":[{"href":"https:\/\/exploring-beyond.com\/index.php?rest_route=%2Fwp%2Fv2%2Fmedia&parent=1826"}],"curies":[{"name":"wp","href":"https:\/\/api.w.org\/{rel}","templated":true}]}}