{"id":14106,"date":"2017-08-29T14:18:31","date_gmt":"2017-08-29T12:18:31","guid":{"rendered":"http:\/\/www.exploring-beyond.com\/?page_id=14106"},"modified":"2019-04-30T23:08:27","modified_gmt":"2019-04-30T21:08:27","slug":"apparitions-tv","status":"publish","type":"page","link":"https:\/\/exploring-beyond.com\/?page_id=14106","title":{"rendered":"Apparitions TV"},"content":{"rendered":"<div class=\"herald-txt-module\">\n<p>Que ce soit durant mon tour du monde en stop (2003-2008) ou par la suite, via la promotion de mon livre ou encore via le d\u00e9veloppement de TRAVEL WITH A MISSION (TWAM), j&rsquo;ai eu la chance d&rsquo;avoir une importante couverture m\u00e9diatique aidant \u00e0 la diffusion des messages et actions qui me tiennent \u00e0 coeur.<\/p>\n<p>Ci-dessous, les \u00e9missions TV auxquelles j&rsquo;ai particip\u00e9 tri\u00e9es par zone g\u00e9ographique puis de fa\u00e7on chronologique. Vous pouvez aussi les voir d&rsquo;un coup d\u2019\u0153il en cliquant <a href=\"http:\/\/www.ludovichubler.com\/home-6\/biographie-ludovic-hubler\/medias\/test-reportages-tv\/\">ici<\/a>.<\/p>\n<p>La revue de presse li\u00e9e \u00e0 TWAM est \u00e0 retrouver <a href=\"https:\/\/www.travelwithamission.org\/website\/main\/medias\/medias_parlent_de_nous\">ici<\/a>.<\/p>\n<p>Vous retrouverez les <a href=\"http:\/\/www.exploring-beyond.com\/medias\/presse\/\">articles de presse<\/a>, les <a href=\"http:\/\/www.exploring-beyond.com\/medias\/radios\/\">\u00e9missions radio<\/a> et <a href=\"http:\/\/www.exploring-beyond.com\/articles-sur-internet\/\">articles internet<\/a> en cliquant sur les liens.<\/p>\n<\/div>\n","protected":false},"excerpt":{"rendered":"<p>Que ce soit durant mon tour du monde en stop (2003-2008) ou par la suite, via la promotion de mon livre ou encore via le d\u00e9veloppement de TRAVEL WITH A MISSION (TWAM), j&rsquo;ai eu la chance d&rsquo;avoir une importante couverture m\u00e9diatique aidant \u00e0 la diffusion des messages et actions qui me tiennent \u00e0 coeur. Ci-dessous, [&hellip;]<\/p>\n","protected":false},"author":1,"featured_media":11891,"parent":7529,"menu_order":0,"comment_status":"closed","ping_status":"closed","template":"template-modules.php","meta":{"footnotes":""},"class_list":["post-14106","page","type-page","status-publish","has-post-thumbnail","hentry"],"_links":{"self":[{"href":"https:\/\/exploring-beyond.com\/index.php?rest_route=\/wp\/v2\/pages\/14106","targetHints":{"allow":["GET"]}}],"collection":[{"href":"https:\/\/exploring-beyond.com\/index.php?rest_route=\/wp\/v2\/pages"}],"about":[{"href":"https:\/\/exploring-beyond.com\/index.php?rest_route=\/wp\/v2\/types\/page"}],"author":[{"embeddable":true,"href":"https:\/\/exploring-beyond.com\/index.php?rest_route=\/wp\/v2\/users\/1"}],"replies":[{"embeddable":true,"href":"https:\/\/exploring-beyond.com\/index.php?rest_route=%2Fwp%2Fv2%2Fcomments&post=14106"}],"version-history":[{"count":4,"href":"https:\/\/exploring-beyond.com\/index.php?rest_route=\/wp\/v2\/pages\/14106\/revisions"}],"predecessor-version":[{"id":14305,"href":"https:\/\/exploring-beyond.com\/index.php?rest_route=\/wp\/v2\/pages\/14106\/revisions\/14305"}],"up":[{"embeddable":true,"href":"https:\/\/exploring-beyond.com\/index.php?rest_route=\/wp\/v2\/pages\/7529"}],"wp:featuredmedia":[{"embeddable":true,"href":"https:\/\/exploring-beyond.com\/index.php?rest_route=\/wp\/v2\/media\/11891"}],"wp:attachment":[{"href":"https:\/\/exploring-beyond.com\/index.php?rest_route=%2Fwp%2Fv2%2Fmedia&parent=14106"}],"curies":[{"name":"wp","href":"https:\/\/api.w.org\/{rel}","templated":true}]}}