{"id":13417,"date":"2017-06-13T23:44:51","date_gmt":"2017-06-13T21:44:51","guid":{"rendered":"http:\/\/www.exploring-beyond.com\/?page_id=13417"},"modified":"2019-04-30T23:04:11","modified_gmt":"2019-04-30T21:04:11","slug":"presse","status":"publish","type":"page","link":"https:\/\/exploring-beyond.com\/?page_id=13417","title":{"rendered":"Apparitions Presse"},"content":{"rendered":"<p>Que ce soit durant mon tour du monde en stop (2003-2008) ou par la suite, via la promotion de mon livre ou encore via le d\u00e9veloppement de TRAVEL WITH A MISSION (TWAM), j&rsquo;ai eu la chance d&rsquo;avoir une importante couverture m\u00e9diatique aidant \u00e0 la diffusion des messages et actions qui me tiennent \u00e0 coeur.<\/p>\n<p>Ci-dessous, les articles de presse tri\u00e9s par zone g\u00e9ographique puis de fa\u00e7on chronologique. Vous pouvez aussi les voir d&rsquo;un coup d&rsquo;oeil en cliquant <a href=\"http:\/\/www.exploring-beyond.com\/tous-les-articles\/\">ici<\/a>.<\/p>\n<p>La revue de presse li\u00e9e \u00e0 TWAM est \u00e0 retrouver <a href=\"https:\/\/www.travelwithamission.org\/website\/main\/medias\/medias_parlent_de_nous\">ici<\/a>.<\/p>\n<p>Vous retrouverez les <a href=\"http:\/\/www.exploring-beyond.com\/medias\/apparitions-tv\/\">\u00e9missions TV<\/a>, <a href=\"http:\/\/www.exploring-beyond.com\/medias\/radios\/\">radio<\/a> et <a href=\"http:\/\/www.exploring-beyond.com\/articles-sur-internet\/\">articles internet<\/a> en cliquant sur les liens.<\/p>\n","protected":false},"excerpt":{"rendered":"<p>Que ce soit durant mon tour du monde en stop (2003-2008) ou par la suite, via la promotion de mon livre ou encore via le d\u00e9veloppement de TRAVEL WITH A MISSION (TWAM), j&rsquo;ai eu la chance d&rsquo;avoir une importante couverture m\u00e9diatique aidant \u00e0 la diffusion des messages et actions qui me tiennent \u00e0 coeur. Ci-dessous, [&hellip;]<\/p>\n","protected":false},"author":1,"featured_media":11882,"parent":7529,"menu_order":0,"comment_status":"closed","ping_status":"closed","template":"template-modules.php","meta":{"footnotes":""},"class_list":["post-13417","page","type-page","status-publish","has-post-thumbnail","hentry"],"_links":{"self":[{"href":"https:\/\/exploring-beyond.com\/index.php?rest_route=\/wp\/v2\/pages\/13417","targetHints":{"allow":["GET"]}}],"collection":[{"href":"https:\/\/exploring-beyond.com\/index.php?rest_route=\/wp\/v2\/pages"}],"about":[{"href":"https:\/\/exploring-beyond.com\/index.php?rest_route=\/wp\/v2\/types\/page"}],"author":[{"embeddable":true,"href":"https:\/\/exploring-beyond.com\/index.php?rest_route=\/wp\/v2\/users\/1"}],"replies":[{"embeddable":true,"href":"https:\/\/exploring-beyond.com\/index.php?rest_route=%2Fwp%2Fv2%2Fcomments&post=13417"}],"version-history":[{"count":5,"href":"https:\/\/exploring-beyond.com\/index.php?rest_route=\/wp\/v2\/pages\/13417\/revisions"}],"predecessor-version":[{"id":14307,"href":"https:\/\/exploring-beyond.com\/index.php?rest_route=\/wp\/v2\/pages\/13417\/revisions\/14307"}],"up":[{"embeddable":true,"href":"https:\/\/exploring-beyond.com\/index.php?rest_route=\/wp\/v2\/pages\/7529"}],"wp:featuredmedia":[{"embeddable":true,"href":"https:\/\/exploring-beyond.com\/index.php?rest_route=\/wp\/v2\/media\/11882"}],"wp:attachment":[{"href":"https:\/\/exploring-beyond.com\/index.php?rest_route=%2Fwp%2Fv2%2Fmedia&parent=13417"}],"curies":[{"name":"wp","href":"https:\/\/api.w.org\/{rel}","templated":true}]}}