{"id":11414,"date":"2017-03-07T20:45:07","date_gmt":"2017-03-07T19:45:07","guid":{"rendered":"http:\/\/www.exploring-beyond.com\/?page_id=11414"},"modified":"2019-04-28T15:46:49","modified_gmt":"2019-04-28T13:46:49","slug":"defi-2012-creation-dune-ong","status":"publish","type":"page","link":"https:\/\/exploring-beyond.com\/?page_id=11414","title":{"rendered":"D\u00e9fi 2012 : Cr\u00e9ation de l&rsquo;ONG Travel With A Mission (TWAM)"},"content":{"rendered":"<figure id=\"attachment_11450\" aria-describedby=\"caption-attachment-11450\" style=\"width: 300px\" class=\"wp-caption alignleft\"><a href=\"http:\/\/www.exploring-beyond.com\/wp-content\/uploads\/2017\/03\/ludo_twam.jpg\"><img loading=\"lazy\" decoding=\"async\" class=\"size-medium wp-image-11450\" src=\"http:\/\/www.exploring-beyond.com\/wp-content\/uploads\/2017\/03\/ludo_twam-300x199.jpg\" alt=\"\" width=\"300\" height=\"199\" srcset=\"https:\/\/exploring-beyond.com\/wp-content\/uploads\/2017\/03\/ludo_twam-300x200.jpg 300w, https:\/\/exploring-beyond.com\/wp-content\/uploads\/2017\/03\/ludo_twam-600x397.jpg 600w, https:\/\/exploring-beyond.com\/wp-content\/uploads\/2017\/03\/ludo_twam-768x508.jpg 768w, https:\/\/exploring-beyond.com\/wp-content\/uploads\/2017\/03\/ludo_twam-1024x678.jpg 1024w, https:\/\/exploring-beyond.com\/wp-content\/uploads\/2017\/03\/ludo_twam-414x276.jpg 414w, https:\/\/exploring-beyond.com\/wp-content\/uploads\/2017\/03\/ludo_twam-470x313.jpg 470w, https:\/\/exploring-beyond.com\/wp-content\/uploads\/2017\/03\/ludo_twam-640x426.jpg 640w, https:\/\/exploring-beyond.com\/wp-content\/uploads\/2017\/03\/ludo_twam-130x86.jpg 130w, https:\/\/exploring-beyond.com\/wp-content\/uploads\/2017\/03\/ludo_twam-187x124.jpg 187w, https:\/\/exploring-beyond.com\/wp-content\/uploads\/2017\/03\/ludo_twam-990x655.jpg 990w, https:\/\/exploring-beyond.com\/wp-content\/uploads\/2017\/03\/ludo_twam.jpg 1280w\" sizes=\"auto, (max-width: 300px) 100vw, 300px\" \/><\/a><figcaption id=\"caption-attachment-11450\" class=\"wp-caption-text\">Cr\u00e9ation de TWAM<\/figcaption><\/figure>\n<p style=\"text-align: justify;\">Pendant mon <a href=\"http:\/\/www.exploring-beyond.com\/home\/defis\/defi-2003-2008-le-tour-du-monde-en-stop\/\">tour du monde en stop<\/a> (2003-2008), le voyage \u00e9tait mon r\u00eave, le partage mon moteur. Durant celui-ci, j&rsquo;ai partag\u00e9 les apprentissages de mon aventure via les <a href=\"http:\/\/www.exploring-beyond.com\/category\/medias-2\/revuepresse\/generalitesrevuedepresse\/\">m\u00e9dias<\/a>, son site internet, un <a href=\"http:\/\/www.exploring-beyond.com\/home\/tourdumondestop\/pendant\/projetpedagogique\/\">projet p\u00e9dagogique<\/a> mais aussi et surtout via plus de <a href=\"http:\/\/www.exploring-beyond.com\/home\/tourdumondestop\/pendant\/partage2conferences\/\">350 conf\u00e9rences<\/a> dans toutes sortes d\u2019organisations : Associations, \u00e9coles, universit\u00e9s, alliances Fran\u00e7aises, etc.<\/p>\n<p style=\"text-align: justify;\">Organiser ces conf\u00e9rences fut parfois un v\u00e9ritable d\u00e9fi. Quelle \u00e9cole contacter ? Quel contact, au sein de telle ou telle institution, pourrait \u00eatre int\u00e9ress\u00e9 par ma venue ? Comment pr\u00e9parer au mieux la conf\u00e9rence ? Si certains sites Internet ont pu m\u2019aider, c\u2019est surtout le culot d\u2019aller toquer aux portes des institutions qui m&rsquo;a permis d\u2019atteindre mes objectifs. Force est de constater qu\u2019il est aujourd\u2019hui compliqu\u00e9, pour un voyageur, d\u2019aller s\u2019exprimer dans des \u00e9coles, universit\u00e9s ou autres institutions du monde entier.<\/p>\n<p style=\"text-align: justify;\">L\u2019id\u00e9e de la cr\u00e9ation du site www.travelwithamission.org est n\u00e9e de la prise de conscience de l\u2019existence de deux mondes, aujourd\u2019hui s\u00e9par\u00e9s, qui n\u2019attendent que de se rapprocher.<\/p>\n<p style=\"text-align: justify;\">D\u2019un c\u00f4t\u00e9, ceux qui seront appel\u00e9s plus tard les Twamhosts, des individus souhaitant recevoir des intervenants ext\u00e9rieurs. Nombre d\u2019entre eux, surtout dans les pays de \u00ab civilisations diff\u00e9rentes \u00bb (Indon\u00e9sie, Chine, Inde, etc.), m&rsquo;avaient fait part de leur souhait de recevoir plus de ce qui seront appel\u00e9s plus tard les Twamers, afin \u00ab d\u2019\u00e9veiller \u00bb leurs \u00e9tudiants ou membres au monde qui les entoure.<\/p>\n<p style=\"text-align: justify;\">De l\u2019autre, une nouvelle g\u00e9n\u00e9ration de voyageurs (locaux ou internationaux), \u00e9duqu\u00e9s, humanistes et conscients du r\u00f4le qu\u2019ils ont \u00e0 jouer pour aider la plan\u00e8te d\u2019une mani\u00e8re ou d\u2019une autre. Au cours de mon p\u00e9riple, nombre de jeunes hommes et femmes m&rsquo;ont contact\u00e9 me faisant part de leur r\u00eave non seulement de d\u00e9couvrir et mieux comprendre le vaste monde mais aussi et surtout de se rendre utile. La question \u00ab Comment faire ? \u00bb m&rsquo;est tr\u00e8s souvent revenue&#8230;<\/p>\n<p style=\"text-align: justify;\">Construire des ponts entre ces deux mondes qui n\u2019attendent que de se rapprocher, tel est l&rsquo;un de mes nouveaux r\u00eaves et l\u2019un des objectifs de <a href=\"http:\/\/www.travelwithamission.org\">www.travelwithamission.org<\/a> dont la mission est ensuite all\u00e9e bien plus loin que la plateforme. Voir le site web pour plus de d\u00e9tails. Voir \u00e9galement la partie <a href=\"http:\/\/www.exploring-beyond.com\/home\/08-twaming\/\">Twaming<\/a> de ce site.<\/p>\n","protected":false},"excerpt":{"rendered":"<p>Pendant mon tour du monde en stop (2003-2008), le voyage \u00e9tait mon r\u00eave, le partage mon moteur. Durant celui-ci, j&rsquo;ai partag\u00e9 les apprentissages de mon aventure via les m\u00e9dias, son site internet, un projet p\u00e9dagogique mais aussi et surtout via plus de 350 conf\u00e9rences dans toutes sortes d\u2019organisations : Associations, \u00e9coles, universit\u00e9s, alliances Fran\u00e7aises, etc. [&hellip;]<\/p>\n","protected":false},"author":1,"featured_media":11832,"parent":4145,"menu_order":0,"comment_status":"closed","ping_status":"closed","template":"","meta":{"footnotes":""},"class_list":["post-11414","page","type-page","status-publish","has-post-thumbnail","hentry"],"_links":{"self":[{"href":"https:\/\/exploring-beyond.com\/index.php?rest_route=\/wp\/v2\/pages\/11414","targetHints":{"allow":["GET"]}}],"collection":[{"href":"https:\/\/exploring-beyond.com\/index.php?rest_route=\/wp\/v2\/pages"}],"about":[{"href":"https:\/\/exploring-beyond.com\/index.php?rest_route=\/wp\/v2\/types\/page"}],"author":[{"embeddable":true,"href":"https:\/\/exploring-beyond.com\/index.php?rest_route=\/wp\/v2\/users\/1"}],"replies":[{"embeddable":true,"href":"https:\/\/exploring-beyond.com\/index.php?rest_route=%2Fwp%2Fv2%2Fcomments&post=11414"}],"version-history":[{"count":5,"href":"https:\/\/exploring-beyond.com\/index.php?rest_route=\/wp\/v2\/pages\/11414\/revisions"}],"predecessor-version":[{"id":12792,"href":"https:\/\/exploring-beyond.com\/index.php?rest_route=\/wp\/v2\/pages\/11414\/revisions\/12792"}],"up":[{"embeddable":true,"href":"https:\/\/exploring-beyond.com\/index.php?rest_route=\/wp\/v2\/pages\/4145"}],"wp:featuredmedia":[{"embeddable":true,"href":"https:\/\/exploring-beyond.com\/index.php?rest_route=\/wp\/v2\/media\/11832"}],"wp:attachment":[{"href":"https:\/\/exploring-beyond.com\/index.php?rest_route=%2Fwp%2Fv2%2Fmedia&parent=11414"}],"curies":[{"name":"wp","href":"https:\/\/api.w.org\/{rel}","templated":true}]}}